{"id":147996,"date":"2025-02-25T12:22:21","date_gmt":"2025-02-25T11:22:21","guid":{"rendered":"https:\/\/secureus.se\/?post_type=product&#038;p=147996"},"modified":"2026-04-08T16:30:38","modified_gmt":"2026-04-08T14:30:38","slug":"plejd-plafond-svart","status":"publish","type":"product","link":"https:\/\/secureus.se\/dk\/plejd-plafond-svart\/","title":{"rendered":"Plaid Plafond sort"},"content":{"rendered":"<h1>Plejd CCL-01 \u2013 Smart LED-loftslys med Tunable White og tr\u00e5dl\u00f8s kontrol<\/h1>\n<p data-start=\"471\" data-end=\"826\">Plejd CCL-01 er en moderne og stilren LED loftslampe, der byder p\u00e5 fleksibel og intelligent belysning.<\/p>\n<p data-start=\"471\" data-end=\"826\">Den er udstyret med en indbygget lysd\u00e6mperfunktion, som g\u00f8r, at der ikke er behov for ekstern lysd\u00e6mper.<\/p>\n<p data-start=\"471\" data-end=\"826\">Belysningen kan nemt styres via Plejd-appen, trykknap eller andre Plejd-enheder, hvilket g\u00f8r den til en alsidig l\u00f8sning til forskellige milj\u00f8er.<\/p>\n<p data-start=\"828\" data-end=\"1223\">Loftlampen har tunable white teknologi, som g\u00f8r det muligt at justere farvetemperaturen mellem 2200K og 4000K.<\/p>\n<p data-start=\"828\" data-end=\"1223\">Dette g\u00f8r det muligt at justere lyset fra en varm og hyggelig tone til et mere funktionelt og neutralt lys.<\/p>\n<p data-start=\"828\" data-end=\"1223\">Funktionen D\u00e6mp til varm justerer automatisk farvetemperaturen, n\u00e5r lysstyrken justeres, hvilket skaber en behagelig og naturlig lysoplevelse.<\/p>\n<p data-start=\"1225\" data-end=\"1423\">Denne loftslampe har en bred str\u00e5levinkel p\u00e5 120\u00b0, hvilket betyder, at lyset fordeles j\u00e6vnt over rummet.<\/p>\n<p data-start=\"1225\" data-end=\"1423\">Den er derfor ideel til generel belysning i boliger, kontorer og erhvervslokaler.<\/p>\n<p data-start=\"1425\" data-end=\"1705\">Takket v\u00e6re Bluetooth\u00ae mesh-teknologi kan flere CCL-01-enheder grupperes tr\u00e5dl\u00f8st og styres sammen via Plejd-systemet.<\/p>\n<p data-start=\"1425\" data-end=\"1705\">Derudover har produktet indbyggede tidsfunktioner som astro- og ugeure, som g\u00f8r det muligt at automatisere lysskemaer efter tidspunktet p\u00e5 dagen.<\/p>\n<p data-start=\"1707\" data-end=\"1979\">Installationen er enkel og fleksibel \u2013 loftslampen kan monteres p\u00e5 loft eller v\u00e6g og har en robust konstruktion.<\/p>\n<p data-start=\"1707\" data-end=\"1979\">Den er IP44-klassificeret, hvilket g\u00f8r den velegnet til badev\u00e6relser og andre fugtige milj\u00f8er, mens dens IK07-klassificerede slagfasthed g\u00f8r den ekstra holdbar.<\/p>\n<p data-start=\"1981\" data-end=\"2281\">Plejd CCL-01 er en energieffektiv belysningsl\u00f8sning med en levetid p\u00e5 op til 100.000 timer, hvilket sikrer langsigtet og p\u00e5lidelig drift.<\/p>\n<p data-start=\"1981\" data-end=\"2281\">Dens h\u00f8je farvegengivelsesindeks p\u00e5 CRI 93 garanterer et naturligt og behageligt lys, perfekt til alle milj\u00f8er, hvor h\u00f8j lyskvalitet er p\u00e5kr\u00e6vet.<\/p>\n<h3 data-start=\"2283\" data-end=\"2318\"><strong data-start=\"2287\" data-end=\"2316\">Tekniske specifikationer:<\/strong><\/h3>\n<ul data-start=\"2319\" data-end=\"3143\">\n<li data-start=\"2319\" data-end=\"2355\"><strong data-start=\"2321\" data-end=\"2335\">Lyskilde:<\/strong> LED (kan ikke udskiftes)<\/li>\n<li data-start=\"2356\" data-end=\"2382\"><strong data-start=\"2358\" data-end=\"2372\">Lysstr\u00f8m:<\/strong> 2000 lumen<\/li>\n<li data-start=\"2383\" data-end=\"2433\"><strong data-start=\"2385\" data-end=\"2404\">Farvetemperatur:<\/strong> 2200\u20134000K (tunbar hvid)<\/li>\n<li data-start=\"2434\" data-end=\"2467\"><strong data-start=\"2436\" data-end=\"2455\">D\u00e6mpningsomr\u00e5de:<\/strong> 0,1-100 %<\/li>\n<li data-start=\"2468\" data-end=\"2498\"><strong data-start=\"2470\" data-end=\"2491\">Spredningsvinkel:<\/strong> 120\u00b0<\/li>\n<li data-start=\"2499\" data-end=\"2532\"><strong data-start=\"2501\" data-end=\"2527\">Farvegengivelse (CRI):<\/strong> 93<\/li>\n<li data-start=\"2533\" data-end=\"2586\"><strong data-start=\"2535\" data-end=\"2549\">Levetid:<\/strong> 100.000 timer (L70\/B50 ved 25\u00b0C)<\/li>\n<li data-start=\"2587\" data-end=\"2607\"><strong data-start=\"2589\" data-end=\"2600\">Effekt:<\/strong> 22W<\/li>\n<li data-start=\"2608\" data-end=\"2643\"><strong data-start=\"2610\" data-end=\"2639\">Energieffektivitetsklasse:<\/strong> F<\/li>\n<li data-start=\"2644\" data-end=\"2673\"><strong data-start=\"2646\" data-end=\"2662\">Beskyttelsesklasse:<\/strong> Klasse II<\/li>\n<li data-start=\"2674\" data-end=\"2733\"><strong data-start=\"2676\" data-end=\"2689\">IP klasse:<\/strong> IP44 (loftsmontering), IP20 (v\u00e6gmontering)<\/li>\n<li data-start=\"2734\" data-end=\"2760\"><strong data-start=\"2736\" data-end=\"2753\">Slagfasthed:<\/strong> IK07<\/li>\n<li data-start=\"2761\" data-end=\"2793\"><strong data-start=\"2763\" data-end=\"2779\">Netsp\u00e6nding:<\/strong> 230V \/ 50Hz<\/li>\n<li data-start=\"2794\" data-end=\"2819\"><strong data-start=\"2796\" data-end=\"2813\">Effektfaktor:<\/strong> 0,9<\/li>\n<li data-start=\"2820\" data-end=\"2866\"><strong data-start=\"2822\" data-end=\"2840\">Meddelelse:<\/strong> 2,4 GHz Bluetooth\u00ae mesh<\/li>\n<li data-start=\"2867\" data-end=\"2942\"><strong data-start=\"2869\" data-end=\"2887\">Radior\u00e6kkevidde:<\/strong> Cirka 10 meter indend\u00f8rs (forl\u00e6nget med Plejd mesh-teknologi)<\/li>\n<li data-start=\"2943\" data-end=\"2991\"><strong data-start=\"2945\" data-end=\"2959\">Montering:<\/strong> Overflademontering p\u00e5 loft eller v\u00e6g<\/li>\n<li data-start=\"2992\" data-end=\"3026\"><strong data-start=\"2994\" data-end=\"3003\">M\u00e5le:<\/strong> \u00d8 294 mm, h\u00f8jde 50 mm<\/li>\n<li data-start=\"3027\" data-end=\"3073\"><strong data-start=\"3029\" data-end=\"3042\">Materiale:<\/strong> Mat plast, sort (RAL 7016)<\/li>\n<li data-start=\"3074\" data-end=\"3143\"><strong data-start=\"3076\" data-end=\"3095\">Kompatibilitet:<\/strong> Apple HomeKit, Google Assistant, Amazon Alexa<\/li>\n<\/ul>\n<p data-start=\"3145\" data-end=\"3275\">Plejd CCL-01 er en h\u00f8jkvalitets og energieffektiv loftslampe, der kombinerer moderne design med avanceret lysteknologi.<\/p>","protected":false},"excerpt":{"rendered":"<p>Plejd CCL-01 er en smart LED loftslampe med indstillelig hvid og indbygget lysd\u00e6mperfunktion.<\/p>\n<p>Ingen ekstern lysd\u00e6mper er n\u00f8dvendig.<\/p>\n<p>Den kan styres via Plejd-appen, trykknap eller andre Plejd-enheder og har justerbar farvetemperatur fra 2200K\u20134000K samt underst\u00f8ttelse af d\u00e6mpning til varm.<\/p>\n<p>Velegnet til b\u00e5de loft- og v\u00e6gmontering.<\/p>","protected":false},"featured_media":147995,"template":"","meta":{"_acf_changed":false},"product_brand":[],"product_cat":[4664],"product_tag":[4670],"class_list":{"0":"post-147996","1":"product","2":"type-product","3":"status-publish","4":"has-post-thumbnail","6":"product_cat-plejd-belysning","7":"product_tag-plejd","8":"product_shipping_class-postnord-varubrev","9":"pa_brands-plejd","10":"tm-has-options","12":"first","13":"instock","14":"sale","15":"taxable","16":"shipping-taxable","17":"purchasable","18":"product-type-simple"},"acf":[],"_links":{"self":[{"href":"https:\/\/secureus.se\/dk\/wp-json\/wp\/v2\/product\/147996","targetHints":{"allow":["GET"]}}],"collection":[{"href":"https:\/\/secureus.se\/dk\/wp-json\/wp\/v2\/product"}],"about":[{"href":"https:\/\/secureus.se\/dk\/wp-json\/wp\/v2\/types\/product"}],"wp:featuredmedia":[{"embeddable":true,"href":"https:\/\/secureus.se\/dk\/wp-json\/wp\/v2\/media\/147995"}],"wp:attachment":[{"href":"https:\/\/secureus.se\/dk\/wp-json\/wp\/v2\/media?parent=147996"}],"wp:term":[{"taxonomy":"product_brand","embeddable":true,"href":"https:\/\/secureus.se\/dk\/wp-json\/wp\/v2\/product_brand?post=147996"},{"taxonomy":"product_cat","embeddable":true,"href":"https:\/\/secureus.se\/dk\/wp-json\/wp\/v2\/product_cat?post=147996"},{"taxonomy":"product_tag","embeddable":true,"href":"https:\/\/secureus.se\/dk\/wp-json\/wp\/v2\/product_tag?post=147996"}],"curies":[{"name":"wp","href":"https:\/\/api.w.org\/{rel}","templated":true}]}}