{"id":148000,"date":"2025-02-25T12:22:21","date_gmt":"2025-02-25T11:22:21","guid":{"rendered":"https:\/\/secureus.se\/?post_type=product&#038;p=148000"},"modified":"2026-04-23T10:19:08","modified_gmt":"2026-04-23T08:19:08","slug":"plejd-belysning-downlight-tilt-svart-6-pack","status":"publish","type":"product","link":"https:\/\/secureus.se\/dk\/plejd-belysning-downlight-tilt-svart-6-pack\/","title":{"rendered":"Plejd belysning Downlight Tilt sort 6-pak"},"content":{"rendered":"<h1>Plejd DWN-01 \u2013 Smart Downlight Tilt 6-pak med justerbar lysvinkel og tr\u00e5dl\u00f8s kontrol<\/h1>\n<p data-start=\"545\" data-end=\"825\">Plejd DWN-01 er en stilfuld og funktionel downlight, der tilbyder intelligent lysstyring til boliger og kommercielle milj\u00f8er.<\/p>\n<p data-start=\"545\" data-end=\"825\">Med en indbygget lysd\u00e6mperfunktion er der ikke behov for ekstern lysd\u00e6mper, og styringen foreg\u00e5r gnidningsfrit via Plejd-appen, trykknap eller andre Plejd-enheder.<\/p>\n<p data-start=\"827\" data-end=\"1100\">Den store fordel ved DWN-01 er dens 22\u00b0 vippefunktion, som g\u00f8r det muligt at rette lyset og skabe mere fleksibel belysning i rummet.<\/p>\n<p data-start=\"827\" data-end=\"1100\">Perfekt til at fremh\u00e6ve detaljer, skabe spotbelysning eller give en j\u00e6vn lysfordeling afh\u00e6ngigt af installationens behov.<\/p>\n<p data-start=\"1102\" data-end=\"1454\">Den avancerede tunable white-teknologi g\u00f8r det nemt at justere farvetemperaturen mellem 2200K og 4000K, hvilket betyder, at lyset kan tilpasses fra et varmt og atmosf\u00e6risk sk\u00e6r til et mere funktionelt hvidt lys.<\/p>\n<p data-start=\"1102\" data-end=\"1454\">Funktionen d\u00e6mp til varm giver en mere naturlig lysoplevelse ved d\u00e6mpning ved automatisk at justere farvetemperaturen.<\/p>\n<p data-start=\"1456\" data-end=\"1668\">DWN-01 har en str\u00e5levinkel p\u00e5 40\u00b0, hvilket giver en symmetrisk lysfordeling.<\/p>\n<p data-start=\"1456\" data-end=\"1668\">Med et h\u00f8jt farvegengivelsesindeks (CRI 90) er naturligt og behageligt lys garanteret, perfekt til hjem, kontorer og butikker.<\/p>\n<p data-start=\"1670\" data-end=\"1953\">Takket v\u00e6re Bluetooth\u00ae mesh-teknologi kan flere downlights grupperes tr\u00e5dl\u00f8st og styres sammen via Plejd-systemet.<\/p>\n<p data-start=\"1670\" data-end=\"1953\">Produktet har ogs\u00e5 indbyggede tidsfunktioner som astro- og ugeure, som g\u00f8r det muligt at automatisere lysskemaer efter tid p\u00e5 d\u00f8gnet og s\u00e6son.<\/p>\n<p data-start=\"1955\" data-end=\"2242\">Monteringen er nem takket v\u00e6re en lav installationsdybde p\u00e5 kun 40 mm, hvilket betyder, at downlighten kan monteres selv i rum med begr\u00e6nset dybde.<\/p>\n<p data-start=\"1955\" data-end=\"2242\">Den er IP44-klassificeret, hvilket betyder, at den er beskyttet mod fugt og er velegnet til badev\u00e6relser og beskyttede udend\u00f8rsmilj\u00f8er.<\/p>\n<p data-start=\"2244\" data-end=\"2492\">Leveres i en pakke med 6, hvilket g\u00f8r den perfekt til st\u00f8rre installationer, hvor der er behov for flere lyspunkter.<\/p>\n<p data-start=\"2244\" data-end=\"2492\">DWN-01 har en lang levetid p\u00e5 op til 60.000 timer, hvilket sikrer en b\u00e6redygtig og energieffektiv l\u00f8sning til moderne belysning.<\/p>\n<h3 data-start=\"2494\" data-end=\"2529\"><strong data-start=\"2498\" data-end=\"2527\">Tekniske specifikationer:<\/strong><\/h3>\n<ul data-start=\"2530\" data-end=\"3364\">\n<li data-start=\"2530\" data-end=\"2566\"><strong data-start=\"2532\" data-end=\"2546\">Lyskilde:<\/strong> LED (kan ikke udskiftes)<\/li>\n<li data-start=\"2567\" data-end=\"2606\"><strong data-start=\"2569\" data-end=\"2583\">Lysstr\u00f8m:<\/strong> 515 lm pr. downlight<\/li>\n<li data-start=\"2607\" data-end=\"2657\"><strong data-start=\"2609\" data-end=\"2628\">Farvetemperatur:<\/strong> 2200\u20134000K (tunbar hvid)<\/li>\n<li data-start=\"2658\" data-end=\"2691\"><strong data-start=\"2660\" data-end=\"2679\">D\u00e6mpningsomr\u00e5de:<\/strong> 0,1-100 %<\/li>\n<li data-start=\"2692\" data-end=\"2715\"><strong data-start=\"2694\" data-end=\"2709\">Vipbarhed:<\/strong> 22\u00b0<\/li>\n<li data-start=\"2716\" data-end=\"2745\"><strong data-start=\"2718\" data-end=\"2739\">Spredningsvinkel:<\/strong> 40\u00b0<\/li>\n<li data-start=\"2746\" data-end=\"2779\"><strong data-start=\"2748\" data-end=\"2774\">Farvegengivelse (CRI):<\/strong> 90<\/li>\n<li data-start=\"2780\" data-end=\"2832\"><strong data-start=\"2782\" data-end=\"2796\">Levetid:<\/strong> 60.000 timer (L70\/B50 ved 25\u00b0C)<\/li>\n<li data-start=\"2833\" data-end=\"2862\"><strong data-start=\"2835\" data-end=\"2846\">Effekt:<\/strong> 8W pr enhed<\/li>\n<li data-start=\"2863\" data-end=\"2898\"><strong data-start=\"2865\" data-end=\"2894\">Energieffektivitetsklasse:<\/strong> F<\/li>\n<li data-start=\"2899\" data-end=\"2928\"><strong data-start=\"2901\" data-end=\"2917\">Beskyttelsesklasse:<\/strong> Klasse II<\/li>\n<li data-start=\"2929\" data-end=\"2977\"><strong data-start=\"2931\" data-end=\"2944\">IP klasse:<\/strong> IP44 (armatur), IP20 (driver)<\/li>\n<li data-start=\"2978\" data-end=\"3010\"><strong data-start=\"2980\" data-end=\"2996\">Netsp\u00e6nding:<\/strong> 230V \/ 50Hz<\/li>\n<li data-start=\"3011\" data-end=\"3037\"><strong data-start=\"3013\" data-end=\"3030\">Effektfaktor:<\/strong> 0,84<\/li>\n<li data-start=\"3038\" data-end=\"3084\"><strong data-start=\"3040\" data-end=\"3058\">Meddelelse:<\/strong> 2,4 GHz Bluetooth\u00ae mesh<\/li>\n<li data-start=\"3085\" data-end=\"3160\"><strong data-start=\"3087\" data-end=\"3105\">Radior\u00e6kkevidde:<\/strong> Cirka 10 meter indend\u00f8rs (forl\u00e6nget med Plejd mesh-teknologi)<\/li>\n<li data-start=\"3161\" data-end=\"3207\"><strong data-start=\"3163\" data-end=\"3177\">Montering:<\/strong> Fors\u00e6nket i loft (\u00d8 83 mm hul)<\/li>\n<li data-start=\"3208\" data-end=\"3247\"><strong data-start=\"3210\" data-end=\"3239\">Minimum installationsdybde:<\/strong> 40 mm<\/li>\n<li data-start=\"3248\" data-end=\"3308\"><strong data-start=\"3250\" data-end=\"3263\">Materiale:<\/strong> Pulverlakeret aluminium, sort (RAL 9004)<\/li>\n<li data-start=\"3309\" data-end=\"3364\"><strong data-start=\"3311\" data-end=\"3330\">Kompatibilitet:<\/strong> Apple HomeKit, Google Assistant<\/li>\n<\/ul>\n<p data-start=\"3366\" data-end=\"3535\">Plejd DWN-01 i 6-pak er den perfekte l\u00f8sning til store lysprojekter, hvor funktion, design og teknologi arbejder sammen om et smart og fleksibelt lysmilj\u00f8.<\/p>","protected":false},"excerpt":{"rendered":"<p>Plejd DWN-01 er en smart downlight med indstillelig hvid og indbygget lysd\u00e6mperfunktion - ingen ekstern lysd\u00e6mper n\u00f8dvendig.<\/p>\n<p>Lyskilden kan vinkles for fleksibel belysning og styres via Plejd-appen, trykknap eller andre Plejd-enheder.<\/p>\n<p>Justerbar farvetemperatur fra 2200K\u20134000K og underst\u00f8ttelse af d\u00e6mpning til varm.<\/p>\n<p>Leveres i pakker af 6 til st\u00f8rre installationer.<\/p>","protected":false},"featured_media":147999,"template":"","meta":{"_acf_changed":false},"product_brand":[],"product_cat":[4664],"product_tag":[4670],"class_list":{"0":"post-148000","1":"product","2":"type-product","3":"status-publish","4":"has-post-thumbnail","6":"product_cat-plejd-belysning","7":"product_tag-plejd","8":"product_shipping_class-postnord-varubrev","9":"pa_brands-plejd","10":"tm-has-options","12":"first","13":"instock","14":"sale","15":"taxable","16":"shipping-taxable","17":"purchasable","18":"product-type-simple"},"acf":[],"_links":{"self":[{"href":"https:\/\/secureus.se\/dk\/wp-json\/wp\/v2\/product\/148000","targetHints":{"allow":["GET"]}}],"collection":[{"href":"https:\/\/secureus.se\/dk\/wp-json\/wp\/v2\/product"}],"about":[{"href":"https:\/\/secureus.se\/dk\/wp-json\/wp\/v2\/types\/product"}],"wp:featuredmedia":[{"embeddable":true,"href":"https:\/\/secureus.se\/dk\/wp-json\/wp\/v2\/media\/147999"}],"wp:attachment":[{"href":"https:\/\/secureus.se\/dk\/wp-json\/wp\/v2\/media?parent=148000"}],"wp:term":[{"taxonomy":"product_brand","embeddable":true,"href":"https:\/\/secureus.se\/dk\/wp-json\/wp\/v2\/product_brand?post=148000"},{"taxonomy":"product_cat","embeddable":true,"href":"https:\/\/secureus.se\/dk\/wp-json\/wp\/v2\/product_cat?post=148000"},{"taxonomy":"product_tag","embeddable":true,"href":"https:\/\/secureus.se\/dk\/wp-json\/wp\/v2\/product_tag?post=148000"}],"curies":[{"name":"wp","href":"https:\/\/api.w.org\/{rel}","templated":true}]}}