{"id":148006,"date":"2025-02-25T12:22:21","date_gmt":"2025-02-25T11:22:21","guid":{"rendered":"https:\/\/secureus.se\/?post_type=product&#038;p=148006"},"modified":"2026-03-26T11:07:36","modified_gmt":"2026-03-26T10:07:36","slug":"plejd-belysning-plafond-vit","status":"publish","type":"product","link":"https:\/\/secureus.se\/dk\/plejd-belysning-plafond-vit\/","title":{"rendered":"Plejd belysning Plafond hvid"},"content":{"rendered":"<h1>Plejd CCL-01 \u2013 Smart LED-loftslys med Tunable White og tr\u00e5dl\u00f8s kontrol<\/h1>\n<p data-start=\"484\" data-end=\"762\">Plejd CCL-01 er en moderne og stilren LED loftslampe, der kombinerer intelligent lysstyring med h\u00f8j lyskvalitet.<\/p>\n<p data-start=\"484\" data-end=\"762\">Med sin indbyggede lysd\u00e6mperfunktion er der ikke behov for ekstern lysd\u00e6mper, hvilket forenkler installationen og giver brugeren fuld kontrol over belysningen.<\/p>\n<p data-start=\"764\" data-end=\"1101\">Loftslampen kan styres via Plejd-appen, kablet trykknap eller andre Plejd-enheder og kan ogs\u00e5 grupperes tr\u00e5dl\u00f8st, hvilket g\u00f8r den perfekt til b\u00e5de hjemme- og kommercielle milj\u00f8er.<\/p>\n<p data-start=\"764\" data-end=\"1101\">Derudover har den indbyggede tidsfunktioner som astro- og ugeure, som g\u00f8r det muligt at automatisere lysskemaer baseret p\u00e5 tidspunktet p\u00e5 dagen.<\/p>\n<p data-start=\"1103\" data-end=\"1447\">Med tunable white-teknologi kan farvetemperaturen justeres mellem 2200K og 4000K, hvilket giver fleksibilitet til at tilpasse belysningen fra et varmt og hyggeligt sk\u00e6r til et mere funktionelt hvidt lys.<\/p>\n<p data-start=\"1103\" data-end=\"1447\">Funktionen d\u00e6mpet til varm sikrer en naturlig lysoplevelse ved automatisk at justere farvetemperaturen ved forskellige lysstyrkeniveauer.<\/p>\n<p data-start=\"1449\" data-end=\"1690\">CCL-01 har en str\u00e5levinkel p\u00e5 120\u00b0, hvilket giver en bred og j\u00e6vn lysfordeling.<\/p>\n<p data-start=\"1449\" data-end=\"1690\">Dens h\u00f8je farvegengivelse (CRI 93) sikrer en naturlig og behagelig lysgengivelse, hvilket g\u00f8r den ideel til hjem, kontorer og butikker.<\/p>\n<p data-start=\"1692\" data-end=\"1934\">Den er IP44-klassificeret, hvilket g\u00f8r den velegnet til badev\u00e6relser og andre fugtige milj\u00f8er, n\u00e5r den er monteret p\u00e5 loftet.<\/p>\n<p data-start=\"1692\" data-end=\"1934\">Til v\u00e6gmontering er den IP20-klassificeret. Loftslampen har ogs\u00e5 IK07-klassificeret slagfasthed, hvilket g\u00f8r den ekstra robust og holdbar.<\/p>\n<p data-start=\"1936\" data-end=\"2128\">Takket v\u00e6re Bluetooth\u00ae mesh-teknologi kan flere enheder kommunikere med hinanden og udvide radior\u00e6kkevidden, hvilket sikrer stabil og p\u00e5lidelig kontrol i st\u00f8rre installationer.<\/p>\n<p data-start=\"2130\" data-end=\"2291\">Plejd CCL-01 er en energieffektiv og langtidsholdbar l\u00f8sning med en levetid p\u00e5 op til 100.000 timer, hvilket sikrer b\u00e6redygtig og p\u00e5lidelig drift.<\/p>\n<h3 data-start=\"2293\" data-end=\"2328\"><strong data-start=\"2297\" data-end=\"2326\">Tekniske specifikationer:<\/strong><\/h3>\n<ul data-start=\"2329\" data-end=\"3155\">\n<li data-start=\"2329\" data-end=\"2365\"><strong data-start=\"2331\" data-end=\"2345\">Lyskilde:<\/strong> LED (kan ikke udskiftes)<\/li>\n<li data-start=\"2366\" data-end=\"2392\"><strong data-start=\"2368\" data-end=\"2382\">Lysstr\u00f8m:<\/strong> 2000 lumen<\/li>\n<li data-start=\"2393\" data-end=\"2443\"><strong data-start=\"2395\" data-end=\"2414\">Farvetemperatur:<\/strong> 2200\u20134000K (tunbar hvid)<\/li>\n<li data-start=\"2444\" data-end=\"2477\"><strong data-start=\"2446\" data-end=\"2465\">D\u00e6mpningsomr\u00e5de:<\/strong> 0,1-100 %<\/li>\n<li data-start=\"2478\" data-end=\"2508\"><strong data-start=\"2480\" data-end=\"2501\">Spredningsvinkel:<\/strong> 120\u00b0<\/li>\n<li data-start=\"2509\" data-end=\"2542\"><strong data-start=\"2511\" data-end=\"2537\">Farvegengivelse (CRI):<\/strong> 93<\/li>\n<li data-start=\"2543\" data-end=\"2596\"><strong data-start=\"2545\" data-end=\"2559\">Levetid:<\/strong> 100.000 timer (L70\/B50 ved 25\u00b0C)<\/li>\n<li data-start=\"2597\" data-end=\"2617\"><strong data-start=\"2599\" data-end=\"2610\">Effekt:<\/strong> 22W<\/li>\n<li data-start=\"2618\" data-end=\"2653\"><strong data-start=\"2620\" data-end=\"2649\">Energieffektivitetsklasse:<\/strong> F<\/li>\n<li data-start=\"2654\" data-end=\"2683\"><strong data-start=\"2656\" data-end=\"2672\">Beskyttelsesklasse:<\/strong> Klasse II<\/li>\n<li data-start=\"2684\" data-end=\"2752\"><strong data-start=\"2686\" data-end=\"2699\">IP klasse:<\/strong>\n<ul data-start=\"2704\" data-end=\"2752\">\n<li data-start=\"2704\" data-end=\"2726\">Loftsmontering: IP44<\/li>\n<li data-start=\"2729\" data-end=\"2752\">V\u00e6gmontering: IP20<\/li>\n<\/ul>\n<\/li>\n<li data-start=\"2753\" data-end=\"2779\"><strong data-start=\"2755\" data-end=\"2772\">Slagfasthed:<\/strong> IK07<\/li>\n<li data-start=\"2780\" data-end=\"2812\"><strong data-start=\"2782\" data-end=\"2798\">Netsp\u00e6nding:<\/strong> 230V \/ 50Hz<\/li>\n<li data-start=\"2813\" data-end=\"2838\"><strong data-start=\"2815\" data-end=\"2832\">Effektfaktor:<\/strong> 0,9<\/li>\n<li data-start=\"2839\" data-end=\"2885\"><strong data-start=\"2841\" data-end=\"2859\">Meddelelse:<\/strong> 2,4 GHz Bluetooth\u00ae mesh<\/li>\n<li data-start=\"2886\" data-end=\"2961\"><strong data-start=\"2888\" data-end=\"2906\">Radior\u00e6kkevidde:<\/strong> Cirka 10 meter indend\u00f8rs (forl\u00e6nget med Plejd mesh-teknologi)<\/li>\n<li data-start=\"2962\" data-end=\"3005\"><strong data-start=\"2964\" data-end=\"2978\">Montering:<\/strong> Loft- eller v\u00e6gmontering<\/li>\n<li data-start=\"3006\" data-end=\"3040\"><strong data-start=\"3008\" data-end=\"3017\">M\u00e5le:<\/strong> \u00d8 294 mm, h\u00f8jde 50 mm<\/li>\n<li data-start=\"3041\" data-end=\"3085\"><strong data-start=\"3043\" data-end=\"3056\">Materiale:<\/strong> Mat plast, hvid (RAL 9003)<\/li>\n<li data-start=\"3086\" data-end=\"3155\"><strong data-start=\"3088\" data-end=\"3107\">Kompatibilitet:<\/strong> Apple HomeKit, Google Assistant, Amazon Alexa<\/li>\n<\/ul>\n<p data-start=\"3157\" data-end=\"3322\">Plejd CCL-01 er den optimale belysningsl\u00f8sning til smarte installationer, hvor stil, funktionalitet og moderne teknologi kombineres til et perfekt lysmilj\u00f8.<\/p>","protected":false},"excerpt":{"rendered":"<p>Plejd CCL-01 er en smart LED loftslampe med indstillelig hvid og indbygget lysd\u00e6mperfunktion - ingen ekstern lysd\u00e6mper n\u00f8dvendig.<\/p>\n<p>Den kan styres via Plejd-appen, trykknap eller andre Plejd-enheder og har justerbar farvetemperatur fra 2200K\u20134000K samt underst\u00f8ttelse af d\u00e6mpning til varm.<\/p>\n<p>IP44-klassificeret og velegnet til loft- og v\u00e6gmontering.<\/p>","protected":false},"featured_media":148005,"template":"","meta":{"_acf_changed":false},"product_brand":[],"product_cat":[4664],"product_tag":[4670],"class_list":{"0":"post-148006","1":"product","2":"type-product","3":"status-publish","4":"has-post-thumbnail","6":"product_cat-plejd-belysning","7":"product_tag-plejd","8":"product_shipping_class-tunga-paket","9":"pa_brands-plejd","10":"tm-has-options","12":"first","13":"instock","14":"sale","15":"taxable","16":"shipping-taxable","17":"purchasable","18":"product-type-simple"},"acf":[],"_links":{"self":[{"href":"https:\/\/secureus.se\/dk\/wp-json\/wp\/v2\/product\/148006","targetHints":{"allow":["GET"]}}],"collection":[{"href":"https:\/\/secureus.se\/dk\/wp-json\/wp\/v2\/product"}],"about":[{"href":"https:\/\/secureus.se\/dk\/wp-json\/wp\/v2\/types\/product"}],"wp:featuredmedia":[{"embeddable":true,"href":"https:\/\/secureus.se\/dk\/wp-json\/wp\/v2\/media\/148005"}],"wp:attachment":[{"href":"https:\/\/secureus.se\/dk\/wp-json\/wp\/v2\/media?parent=148006"}],"wp:term":[{"taxonomy":"product_brand","embeddable":true,"href":"https:\/\/secureus.se\/dk\/wp-json\/wp\/v2\/product_brand?post=148006"},{"taxonomy":"product_cat","embeddable":true,"href":"https:\/\/secureus.se\/dk\/wp-json\/wp\/v2\/product_cat?post=148006"},{"taxonomy":"product_tag","embeddable":true,"href":"https:\/\/secureus.se\/dk\/wp-json\/wp\/v2\/product_tag?post=148006"}],"curies":[{"name":"wp","href":"https:\/\/api.w.org\/{rel}","templated":true}]}}