{"id":148014,"date":"2025-02-25T12:22:22","date_gmt":"2025-02-25T11:22:22","guid":{"rendered":"https:\/\/secureus.se\/?post_type=product&#038;p=148014"},"modified":"2026-04-08T16:27:46","modified_gmt":"2026-04-08T14:27:46","slug":"plejd-vridadapter-rtr-01-rb-svart","status":"publish","type":"product","link":"https:\/\/secureus.se\/dk\/plejd-vridadapter-rtr-01-rb-svart\/","title":{"rendered":"Plejd Drejelig adapter RTR-01-RB sort"},"content":{"rendered":"<h1 data-start=\"513\" data-end=\"564\"><strong data-start=\"517\" data-end=\"562\">Glat og tr\u00e5dl\u00f8s lysstyring med Plejd<\/strong><\/h1>\n<p data-start=\"565\" data-end=\"971\">Roterende adapter RB Black er en innovativ l\u00f8sning til dem, der \u00f8nsker at kombinere den klassiske roterende lysd\u00e6mperfunktion med den nyeste smarte teknologi.<\/p>\n<p data-start=\"565\" data-end=\"971\">Ved at klikke p\u00e5 drejeadapteren sammen med en Plejd-puck efter eget valg, f\u00e5r du intuitiv lysstyring, der fungerer b\u00e5de manuelt og via Plejds tr\u00e5dl\u00f8se mesh-netv\u00e6rk.<\/p>\n<p data-start=\"565\" data-end=\"971\">Perfekt til alle, der \u00f8nsker enkel og effektiv kontrol over belysningen i deres smarte hjem eller arbejdsplads.<\/p>\n<h3 data-start=\"973\" data-end=\"1010\"><strong data-start=\"977\" data-end=\"1008\">Fleksibel og tilpasningsdygtig<\/strong><\/h3>\n<p data-start=\"1011\" data-end=\"1373\">En af de st\u00f8rste fordele ved RB Black Swivel Adapter er dens tr\u00e5dl\u00f8se funktionalitet.<\/p>\n<p data-start=\"1011\" data-end=\"1373\">Via Plejds indbyggede mesh-teknologi kan adapteren kommunikere med andre produkter i systemet, hvilket g\u00f8r den ideel til b\u00e5de sm\u00e5 og store belysningsl\u00f8sninger.<\/p>\n<p data-start=\"1011\" data-end=\"1373\">Derudover kan du nemt tilpasse indstillingerne via Plejd-appen for at skabe lysscener og planlagte kontroller.<\/p>\n<h3 data-start=\"1375\" data-end=\"1415\"><strong data-start=\"1379\" data-end=\"1413\">Produktegenskaber og fordele<\/strong><\/h3>\n<ul data-start=\"1417\" data-end=\"2141\">\n<li data-start=\"1417\" data-end=\"1514\"><strong data-start=\"1419\" data-end=\"1450\">Klassisk roterende lysd\u00e6mper funktion<\/strong> \u2013 Fungerer som en traditionel lysd\u00e6mper, men med smart kontrol.<\/li>\n<li data-start=\"1515\" data-end=\"1608\"><strong data-start=\"1517\" data-end=\"1540\">Tr\u00e5dl\u00f8s integration<\/strong> \u2013 Tilsluttes via Plejd-systemets mesh-netv\u00e6rk for fleksibel styring.<\/li>\n<li data-start=\"1609\" data-end=\"1689\"><strong data-start=\"1611\" data-end=\"1630\">Nem montering<\/strong> \u2013 Snap-on vedh\u00e6ftning g\u00f8r installationen hurtig og nem.<\/li>\n<li data-start=\"1690\" data-end=\"1786\"><strong data-start=\"1692\" data-end=\"1719\">Materialer af h\u00f8j kvalitet<\/strong> \u2013 Fremstillet af halogenfri termoplast med en lakeret, blank overflade.<\/li>\n<li data-start=\"1787\" data-end=\"1856\"><strong data-start=\"1789\" data-end=\"1807\">Kompatibilitet<\/strong> \u2013 Passer med sort stel fra Schneider Renova\u00ae.<\/li>\n<li data-start=\"1857\" data-end=\"1940\"><strong data-start=\"1859\" data-end=\"1877\">Stilfuldt design<\/strong> \u2013 Sort farve (RAL 9005), der passer ind i moderne interi\u00f8r.<\/li>\n<li data-start=\"1941\" data-end=\"2008\"><strong data-start=\"1943\" data-end=\"1959\">IP20 klassificeret<\/strong> \u2013 Beskyttet mod faste genstande st\u00f8rre end 12,5 mm.<\/li>\n<li data-start=\"2009\" data-end=\"2086\"><strong data-start=\"2011\" data-end=\"2025\">IK00 beskyttelse<\/strong> \u2013 Ingen ekstra slagfasthed, anbefales til indend\u00f8rs brug.<\/li>\n<li data-start=\"2087\" data-end=\"2141\"><strong data-start=\"2089\" data-end=\"2097\">M\u00e5le<\/strong> \u2013 Bredde: 52 mm, H\u00f8jde: 52 mm, Dybde: 18 mm.<\/li>\n<\/ul>\n<h3 data-start=\"2143\" data-end=\"2171\"><strong data-start=\"2147\" data-end=\"2169\">Anvendelsesomr\u00e5der<\/strong><\/h3>\n<p data-start=\"2172\" data-end=\"2499\">RB Black roterende adapter er en ideel l\u00f8sning for alle, der \u00f8nsker at kombinere traditionel lysstyring med moderne smarte funktioner.<\/p>\n<p data-start=\"2172\" data-end=\"2499\">Den er perfekt til hjem, kontorer og butikker, hvor der er behov for j\u00e6vn og tr\u00e5dl\u00f8s kontrol. Fordi det fungerer med Plejds mesh-netv\u00e6rk, kan det nemt integreres i b\u00e5de nye og eksisterende installationer.<\/p>\n<h3 data-start=\"2501\" data-end=\"2541\"><strong data-start=\"2505\" data-end=\"2539\">Installation og konfiguration<\/strong><\/h3>\n<p data-start=\"2542\" data-end=\"2850\">Installationen er enkel og kr\u00e6ver ingen avanceret v\u00e6rkt\u00f8j. Drejeadapteren klikkes sammen med en Plejd-puck og monteres i en standard enhedsboks med snap-on-lukning.<\/p>\n<p data-start=\"2542\" data-end=\"2850\">Indstillingerne konfigureres derefter i Plejd-appen, hvor du kan lave dine egne lysscener, indstille d\u00e6mperniveauer og styre belysningen tr\u00e5dl\u00f8st.<\/p>\n<h3 data-start=\"2852\" data-end=\"2883\"><strong data-start=\"2856\" data-end=\"2881\">Design og b\u00e6redygtighed<\/strong><\/h3>\n<p data-start=\"2884\" data-end=\"3245\">Drejelig adapter RB Black er designet til at passe ind i moderne interi\u00f8r.<\/p>\n<p data-start=\"2884\" data-end=\"3245\">Den har en elegant, sortlakeret finish med en blank overflade og er lavet af slidst\u00e6rkt halogenfri termoplast.<\/p>\n<p data-start=\"2884\" data-end=\"3245\">Det er dog ikke antibakterielt og har ikke en printbar etiket eller udskiftelig linse.<\/p>\n<p data-start=\"2884\" data-end=\"3245\">Med sin IP20-klassificering er den velegnet til indend\u00f8rs brug, men b\u00f8r undg\u00e5s i fugtige omgivelser.<\/p>\n<h3 data-start=\"3247\" data-end=\"3265\"><strong data-start=\"3251\" data-end=\"3263\">Konklusion<\/strong><\/h3>\n<p data-start=\"3266\" data-end=\"3587\">Med Rotary Adapter RB Black f\u00e5r du en perfekt kombination af klassisk roterende lysd\u00e6mperfunktion og moderne smart lysstyring.<\/p>\n<p data-start=\"3266\" data-end=\"3587\">Den lette installation, tr\u00e5dl\u00f8se fleksibilitet og stilfulde design g\u00f8r den til et fremragende valg for alle, der \u00f8nsker j\u00e6vn og effektiv lysstyring i deres smarte hjem eller arbejdsmilj\u00f8.<\/p>","protected":false},"excerpt":{"rendered":"<p>Roterende adapter RB Black klikker sammen med en valgfri Plejd-puck og fungerer som en klassisk drejed\u00e6mper.<\/p>\n<p>Med tr\u00e5dl\u00f8s mesh-teknologi kan den styre andre Plejd-produkter i systemet.<\/p>\n<p>Nem installation via appen.<\/p>\n<p>Fremstillet i sort, halogenfri termoplast med en lakeret, blank overflade.<\/p>\n<p>Passer med sort stel fra Schneider Renova\u00ae.<\/p>","protected":false},"featured_media":148013,"template":"","meta":{"_acf_changed":false},"product_brand":[],"product_cat":[4661],"product_tag":[4670],"class_list":{"0":"post-148014","1":"product","2":"type-product","3":"status-publish","4":"has-post-thumbnail","6":"product_cat-plejd-vridadapter","7":"product_tag-plejd","8":"product_shipping_class-postnord-varubrev","9":"pa_brands-plejd","10":"pa_farg-svart","11":"tm-has-options","13":"first","14":"instock","15":"sale","16":"taxable","17":"shipping-taxable","18":"purchasable","19":"product-type-simple"},"acf":[],"_links":{"self":[{"href":"https:\/\/secureus.se\/dk\/wp-json\/wp\/v2\/product\/148014","targetHints":{"allow":["GET"]}}],"collection":[{"href":"https:\/\/secureus.se\/dk\/wp-json\/wp\/v2\/product"}],"about":[{"href":"https:\/\/secureus.se\/dk\/wp-json\/wp\/v2\/types\/product"}],"wp:featuredmedia":[{"embeddable":true,"href":"https:\/\/secureus.se\/dk\/wp-json\/wp\/v2\/media\/148013"}],"wp:attachment":[{"href":"https:\/\/secureus.se\/dk\/wp-json\/wp\/v2\/media?parent=148014"}],"wp:term":[{"taxonomy":"product_brand","embeddable":true,"href":"https:\/\/secureus.se\/dk\/wp-json\/wp\/v2\/product_brand?post=148014"},{"taxonomy":"product_cat","embeddable":true,"href":"https:\/\/secureus.se\/dk\/wp-json\/wp\/v2\/product_cat?post=148014"},{"taxonomy":"product_tag","embeddable":true,"href":"https:\/\/secureus.se\/dk\/wp-json\/wp\/v2\/product_tag?post=148014"}],"curies":[{"name":"wp","href":"https:\/\/api.w.org\/{rel}","templated":true}]}}