{"id":148022,"date":"2025-02-25T12:22:23","date_gmt":"2025-02-25T11:22:23","guid":{"rendered":"https:\/\/secureus.se\/?post_type=product&#038;p=148022"},"modified":"2026-04-23T10:18:30","modified_gmt":"2026-04-23T08:18:30","slug":"plejd-monteringsdosa","status":"publish","type":"product","link":"https:\/\/secureus.se\/dk\/plejd-monteringsdosa\/","title":{"rendered":"Plejd Monteringsboks"},"content":{"rendered":"<h1 data-start=\"450\" data-end=\"501\"><strong data-start=\"454\" data-end=\"499\">Sikker og nem montering af Plejd Pucke<\/strong><\/h1>\n<p data-start=\"502\" data-end=\"791\">Montageboksen er en praktisk og sikker l\u00f8sning til montering af Plejd pucke p\u00e5 v\u00e6ggen, i et el-skab eller i et plethul.<\/p>\n<p data-start=\"502\" data-end=\"791\">Med sit kompakte design og funktionelle konstruktion sikrer boksen en ber\u00f8ringssikker installation, samtidig med at den giver stabil montering og ordnet kabelstyring.<\/p>\n<p data-start=\"793\" data-end=\"1019\">Den er designet til at passe til en r\u00e6kke forskellige installationsmilj\u00f8er og er kompatibel med standard v\u00e6g- og loftinstallationer.<\/p>\n<p data-start=\"793\" data-end=\"1019\">Montageboksen er lavet af slidst\u00e6rkt, halogenfri plast og er IP20 klassificeret til indend\u00f8rs brug.<\/p>\n<h3 data-start=\"1021\" data-end=\"1068\"><strong data-start=\"1025\" data-end=\"1066\">Fleksibel og tilpasningsdygtig montering<\/strong><\/h3>\n<p data-start=\"1069\" data-end=\"1385\">Montageboksen er udviklet til at passe til en r\u00e6kke forskellige installationer og kan bruges b\u00e5de i v\u00e6gmontering og i el-skabe.<\/p>\n<p data-start=\"1069\" data-end=\"1385\">Med seks indgange og pre-punches til ledningsf\u00f8ring kan boksen nemt tilpasses forskellige behov.<\/p>\n<p data-start=\"1069\" data-end=\"1385\">Den er ogs\u00e5 udstyret med tr\u00e6kaflastning for at sikre en stabil og sikker kabelforbindelse.<\/p>\n<h3 data-start=\"1387\" data-end=\"1427\"><strong data-start=\"1391\" data-end=\"1425\">Produktegenskaber og fordele<\/strong><\/h3>\n<ul data-start=\"1429\" data-end=\"2080\">\n<li data-start=\"1429\" data-end=\"1506\"><strong data-start=\"1431\" data-end=\"1450\">Sikker montering<\/strong> \u2013 Giver en ber\u00f8ringssikker installation af Plejd pucke.<\/li>\n<li data-start=\"1507\" data-end=\"1592\"><strong data-start=\"1509\" data-end=\"1527\">Tr\u00e6kaflastning<\/strong> \u2013 Forhindrer kabler i at l\u00f8sne sig eller blive beskadiget under installationen.<\/li>\n<li data-start=\"1593\" data-end=\"1670\"><strong data-start=\"1595\" data-end=\"1620\">Fleksibel installation<\/strong> \u2013 Kan monteres p\u00e5 v\u00e6ggen, i et skab eller i et spothul.<\/li>\n<li data-start=\"1671\" data-end=\"1749\"><strong data-start=\"1673\" data-end=\"1699\">Pladsbesparende design<\/strong> \u2013 Kompakt st\u00f8rrelse, der passer p\u00e5 trange steder.<\/li>\n<li data-start=\"1750\" data-end=\"1830\"><strong data-start=\"1752\" data-end=\"1776\">Holdbar konstruktion<\/strong> \u2013 Fremstillet af halogenfri plast for lang levetid.<\/li>\n<li data-start=\"1831\" data-end=\"1905\"><strong data-start=\"1833\" data-end=\"1856\">Kapslingsklasse IP20<\/strong> \u2013 Beskyttet mod faste genstande st\u00f8rre end 12,5 mm.<\/li>\n<li data-start=\"1906\" data-end=\"1995\"><strong data-start=\"1908\" data-end=\"1931\">Nem ledningsf\u00f8ring<\/strong> \u2013 Seks indgange med forstansninger til lederr\u00f8r op til 16 mm.<\/li>\n<li data-start=\"1996\" data-end=\"2080\"><strong data-start=\"1998\" data-end=\"2026\">Brugervenlig montage<\/strong> \u2013 Hurtig og nem installation uden ekstra v\u00e6rkt\u00f8j.<\/li>\n<\/ul>\n<h3 data-start=\"2082\" data-end=\"2110\"><strong data-start=\"2086\" data-end=\"2108\">Anvendelsesomr\u00e5der<\/strong><\/h3>\n<p data-start=\"2111\" data-end=\"2298\">Monteringsboksen er perfekt til b\u00e5de hjemmebrugere og professionelle installat\u00f8rer, der \u00f8nsker en sikker og nem montering af Plejd pucke. Det kan bruges i forskellige milj\u00f8er, herunder:<\/p>\n<ul data-start=\"2300\" data-end=\"2560\">\n<li data-start=\"2300\" data-end=\"2373\"><strong data-start=\"2302\" data-end=\"2319\">V\u00e6gmontering<\/strong> \u2013 Perfekt til installation i standard elektriske installationer.<\/li>\n<li data-start=\"2374\" data-end=\"2487\"><strong data-start=\"2376\" data-end=\"2405\">El-skabe og samled\u00e5ser<\/strong> \u2013 Ideel til installation i skabe, hvor sikker og velordnet kabelf\u00f8ring er p\u00e5kr\u00e6vet.<\/li>\n<li data-start=\"2488\" data-end=\"2560\"><strong data-start=\"2490\" data-end=\"2501\">Plet hul<\/strong> \u2013 Velegnet til loftsinstallationer og belysningssystemer.<\/li>\n<\/ul>\n<h3 data-start=\"2562\" data-end=\"2596\"><strong data-start=\"2566\" data-end=\"2594\">Tekniske specifikationer<\/strong><\/h3>\n<ul data-start=\"2598\" data-end=\"3189\">\n<li data-start=\"2598\" data-end=\"2625\"><strong data-start=\"2600\" data-end=\"2611\">Model:<\/strong> Enhedsboks<\/li>\n<li data-start=\"2626\" data-end=\"2667\"><strong data-start=\"2628\" data-end=\"2648\">Monteringsmetode:<\/strong> V\u00e6g\/loft montering<\/li>\n<li data-start=\"2668\" data-end=\"2704\"><strong data-start=\"2670\" data-end=\"2683\">Materiale:<\/strong> Plast (halogenfri)<\/li>\n<li data-start=\"2705\" data-end=\"2722\"><strong data-start=\"2707\" data-end=\"2716\">Farve:<\/strong> hvid<\/li>\n<li data-start=\"2723\" data-end=\"2751\"><strong data-start=\"2725\" data-end=\"2744\">Beskyttelsesklasse:<\/strong> IP20<\/li>\n<li data-start=\"2752\" data-end=\"2777\"><strong data-start=\"2754\" data-end=\"2773\">Antal indgange:<\/strong> 6<\/li>\n<li data-start=\"2778\" data-end=\"2826\"><strong data-start=\"2780\" data-end=\"2812\">Type indkapsling:<\/strong> Pre-pr\u00e6gning<\/li>\n<li data-start=\"2827\" data-end=\"2860\"><strong data-start=\"2829\" data-end=\"2851\">Maksimal lederareal:<\/strong> 16 mm\u00b2<\/li>\n<li data-start=\"2861\" data-end=\"2896\"><strong data-start=\"2863\" data-end=\"2888\">For lederr\u00f8rsdiameter:<\/strong> 16 mm<\/li>\n<li data-start=\"2897\" data-end=\"2924\"><strong data-start=\"2899\" data-end=\"2919\">Indl\u00f8b bagfra:<\/strong> Ja<\/li>\n<li data-start=\"2925\" data-end=\"2945\"><strong data-start=\"2927\" data-end=\"2937\">L\u00e6ngde:<\/strong> 93 mm<\/li>\n<li data-start=\"2946\" data-end=\"2966\"><strong data-start=\"2948\" data-end=\"2958\">Bredde:<\/strong> 53 mm<\/li>\n<li data-start=\"2967\" data-end=\"2986\"><strong data-start=\"2969\" data-end=\"2978\">Dybde:<\/strong> 25 mm<\/li>\n<li data-start=\"2987\" data-end=\"3010\"><strong data-start=\"2989\" data-end=\"3002\">Diameter:<\/strong> 70 mm<\/li>\n<li data-start=\"3011\" data-end=\"3044\"><strong data-start=\"3013\" data-end=\"3027\">L\u00e5g\/d\u00e6ksel:<\/strong> Monteringsh\u00e6tte<\/li>\n<li data-start=\"3045\" data-end=\"3074\"><strong data-start=\"3047\" data-end=\"3068\">Gennemsigtigt l\u00e5g:<\/strong> Ingen<\/li>\n<li data-start=\"3075\" data-end=\"3098\"><strong data-start=\"3077\" data-end=\"3092\">Forsegles:<\/strong> Ingen<\/li>\n<li data-start=\"3099\" data-end=\"3141\"><strong data-start=\"3101\" data-end=\"3133\">Nominel isolationssp\u00e6nding:<\/strong> 400V<\/li>\n<li data-start=\"3142\" data-end=\"3189\"><strong data-start=\"3144\" data-end=\"3170\">Driftstemperaturomr\u00e5de:<\/strong> -30\u00b0C til +60\u00b0C<\/li>\n<\/ul>\n<h3 data-start=\"3191\" data-end=\"3229\"><strong data-start=\"3195\" data-end=\"3227\">Nem og sikker installation<\/strong><\/h3>\n<p data-start=\"3230\" data-end=\"3523\">Monteringsboksen er designet til at v\u00e6re nem at installere og h\u00e5ndtere. Takket v\u00e6re dens forstansninger kan du nemt tr\u00e6kke kabler i og tilpasse installationen efter behov.<\/p>\n<p data-start=\"3230\" data-end=\"3523\">Den stabile tr\u00e6kaflastning sikrer, at kablerne holdes p\u00e5 plads og minimerer risikoen for skader eller fejlforbindelser.<\/p>\n<h3 data-start=\"3525\" data-end=\"3583\"><strong data-start=\"3529\" data-end=\"3581\">En n\u00f8dvendig komponent i smarte belysningssystemer<\/strong><\/h3>\n<p data-start=\"3584\" data-end=\"3840\">Med sin robuste konstruktion og tilpasningsdygtige design er Monteringsboksen en vigtig del af alle Plejd installationer.<\/p>\n<p data-start=\"3584\" data-end=\"3840\">Den tilbyder en sikker og professionel montering, samtidig med at den g\u00f8r det nemmere at organisere og beskytte kabler i din installation.<\/p>\n<h3 data-start=\"3842\" data-end=\"3860\"><strong data-start=\"3846\" data-end=\"3858\">Konklusion<\/strong><\/h3>\n<p data-start=\"3861\" data-end=\"4180\">Montageboksen er en smart, fleksibel og sikker l\u00f8sning til at montere Plejd pucke p\u00e5 en ber\u00f8ringsbeskyttet m\u00e5de.<\/p>\n<p data-start=\"3861\" data-end=\"4180\">Den er ideel til b\u00e5de professionelle og hjemmebrugere, der \u00f8nsker et stabilt og organiseret setup.<\/p>\n<p data-start=\"3861\" data-end=\"4180\">Med sin lette montering og holdbare konstruktion er den en perfekt komponent til Plejd-systemet.<\/p>","protected":false},"excerpt":{"rendered":"<p>Monteringsboks til sikker og ber\u00f8ringsbeskyttet montering af Plejd pucke p\u00e5 v\u00e6g, i skab eller spothul.<\/p>\n<p>Udstyret med tr\u00e6kaflastning for sikker kabelforbindelse.<\/p>\n<p>IP20-klassificeret, lavet af halogenfri plast med seks indgange og et kompakt design for nem installation.<\/p>","protected":false},"featured_media":148021,"template":"","meta":{"_acf_changed":false},"product_brand":[],"product_cat":[4662],"product_tag":[4670],"class_list":{"0":"post-148022","1":"product","2":"type-product","3":"status-publish","4":"has-post-thumbnail","6":"product_cat-plejd-tillbehor","7":"product_tag-plejd","8":"product_shipping_class-postnord-varubrev","9":"pa_brands-plejd","10":"pa_farg-vit","11":"tm-has-options","13":"first","14":"instock","15":"sale","16":"taxable","17":"shipping-taxable","18":"purchasable","19":"product-type-simple"},"acf":[],"_links":{"self":[{"href":"https:\/\/secureus.se\/dk\/wp-json\/wp\/v2\/product\/148022","targetHints":{"allow":["GET"]}}],"collection":[{"href":"https:\/\/secureus.se\/dk\/wp-json\/wp\/v2\/product"}],"about":[{"href":"https:\/\/secureus.se\/dk\/wp-json\/wp\/v2\/types\/product"}],"wp:featuredmedia":[{"embeddable":true,"href":"https:\/\/secureus.se\/dk\/wp-json\/wp\/v2\/media\/148021"}],"wp:attachment":[{"href":"https:\/\/secureus.se\/dk\/wp-json\/wp\/v2\/media?parent=148022"}],"wp:term":[{"taxonomy":"product_brand","embeddable":true,"href":"https:\/\/secureus.se\/dk\/wp-json\/wp\/v2\/product_brand?post=148022"},{"taxonomy":"product_cat","embeddable":true,"href":"https:\/\/secureus.se\/dk\/wp-json\/wp\/v2\/product_cat?post=148022"},{"taxonomy":"product_tag","embeddable":true,"href":"https:\/\/secureus.se\/dk\/wp-json\/wp\/v2\/product_tag?post=148022"}],"curies":[{"name":"wp","href":"https:\/\/api.w.org\/{rel}","templated":true}]}}