{"id":148024,"date":"2025-02-25T12:22:23","date_gmt":"2025-02-25T11:22:23","guid":{"rendered":"https:\/\/secureus.se\/?post_type=product&#038;p=148024"},"modified":"2026-04-23T10:18:26","modified_gmt":"2026-04-23T08:18:26","slug":"plejd-vridadapter-rtr-01-eb-svart","status":"publish","type":"product","link":"https:\/\/secureus.se\/dk\/plejd-vridadapter-rtr-01-eb-svart\/","title":{"rendered":"Plejd Drejelig adapter RTR-01-EB sort"},"content":{"rendered":"<h1 data-start=\"448\" data-end=\"508\"><strong data-start=\"452\" data-end=\"506\">Kombiner klassisk lysd\u00e6mperfunktion med smart teknologi<\/strong><\/h1>\n<p data-start=\"509\" data-end=\"885\">Drejeadapter EB Black er en elegant og funktionel l\u00f8sning til smart lysstyring.<\/p>\n<p data-start=\"509\" data-end=\"885\">Ved at klikke adapteren sammen med en Plejd-puck efter eget valg, f\u00e5r du en traditionel drejed\u00e6mper, der kan styres b\u00e5de manuelt og tr\u00e5dl\u00f8st via Plejd-systemets mesh-teknologi.<\/p>\n<p data-start=\"509\" data-end=\"885\">Dette g\u00f8r den ideel til b\u00e5de moderne hjem og professionelle installationer, hvor fleksibilitet og design er vigtige faktorer.<\/p>\n<h3 data-start=\"887\" data-end=\"936\"><strong data-start=\"891\" data-end=\"934\">Tr\u00e5dl\u00f8s og fleksibel lysstyring<\/strong><\/h3>\n<p data-start=\"937\" data-end=\"1312\">En af de store fordele ved EB Black Swivel Adapter er dens evne til at fungere i Plejd-\u00f8kosystemet.<\/p>\n<p data-start=\"937\" data-end=\"1312\">Med tr\u00e5dl\u00f8s mesh-teknologi kan den styre andre Plejd-enheder og integreres problemfrit i dit eksisterende system.<\/p>\n<p data-start=\"937\" data-end=\"1312\">Pucken, der bruges med adapteren, bevarer sine funktioner s\u00e5som kontrolindgang og timingindstillinger, s\u00e5 du kan styre belysningen fra flere forskellige knapper.<\/p>\n<h3 data-start=\"1314\" data-end=\"1354\"><strong data-start=\"1318\" data-end=\"1352\">Produktegenskaber og fordele<\/strong><\/h3>\n<ul data-start=\"1356\" data-end=\"2079\">\n<li data-start=\"1356\" data-end=\"1445\"><strong data-start=\"1358\" data-end=\"1389\">Klassisk roterende lysd\u00e6mper funktion<\/strong> \u2013 Giver en traditionel f\u00f8lelse med moderne smart teknologi.<\/li>\n<li data-start=\"1446\" data-end=\"1520\"><strong data-start=\"1448\" data-end=\"1471\">Tr\u00e5dl\u00f8s integration<\/strong> \u2013 Styr andre Plejd-enheder via mesh-netv\u00e6rket.<\/li>\n<li data-start=\"1521\" data-end=\"1591\"><strong data-start=\"1523\" data-end=\"1545\">Nem installation<\/strong> \u2013 Snap-on-lukning i \u00e6ske eller dobbeltramme.<\/li>\n<li data-start=\"1592\" data-end=\"1655\"><strong data-start=\"1594\" data-end=\"1612\">Elegant design<\/strong> \u2013 Lakeret, mat overflade i sort (RAL 9005).<\/li>\n<li data-start=\"1656\" data-end=\"1754\"><strong data-start=\"1658\" data-end=\"1680\">Fleksibel montering<\/strong> \u2013 Kan monteres fritst\u00e5ende eller i dobbeltramme med standard lyskontakt.<\/li>\n<li data-start=\"1755\" data-end=\"1843\"><strong data-start=\"1757\" data-end=\"1778\">B\u00e6redygtigt materiale<\/strong> \u2013 Lavet af halogenfri termoplast for langvarig holdbarhed.<\/li>\n<li data-start=\"1844\" data-end=\"1924\"><strong data-start=\"1846\" data-end=\"1861\">App kontrol<\/strong> \u2013 Konfiguration og indstillinger udf\u00f8res nemt i Plejd-appen.<\/li>\n<li data-start=\"1925\" data-end=\"2004\"><strong data-start=\"1927\" data-end=\"1958\">Passer til ELKO\u00ae Plus stel<\/strong> \u2013 For en ensartet og stilfuld installation.<\/li>\n<li data-start=\"2005\" data-end=\"2079\"><strong data-start=\"2007\" data-end=\"2031\">F\u00e5s i flere farver<\/strong> \u2013 Tilpas til dit interi\u00f8r med forskellige farvevalg.<\/li>\n<\/ul>\n<h3 data-start=\"2081\" data-end=\"2140\"><strong data-start=\"2085\" data-end=\"2138\">Perfekt til smarte hjem og professionelle milj\u00f8er<\/strong><\/h3>\n<p data-start=\"2141\" data-end=\"2350\">EB Black roterende adapter er en perfekt l\u00f8sning til dem, der \u00f8nsker stilfuld og funktionel lysstyring.<\/p>\n<p data-start=\"2141\" data-end=\"2350\">Den passer lige godt i moderne hjem og kontormilj\u00f8er, hvor du gerne vil kombinere stil med smarte funktioner.<\/p>\n<h3 data-start=\"2352\" data-end=\"2389\"><strong data-start=\"2356\" data-end=\"2387\">Installation og brug<\/strong><\/h3>\n<p data-start=\"2390\" data-end=\"2447\">Installationen er enkel og kr\u00e6ver ingen specialv\u00e6rkt\u00f8j:<\/p>\n<ol data-start=\"2449\" data-end=\"2868\">\n<li data-start=\"2449\" data-end=\"2547\"><strong data-start=\"2452\" data-end=\"2498\">Klik drejeadapteren sammen med en Plejd-puck<\/strong> \u2013 V\u00e6lg en kompatibel puck fra Plejds sortiment.<\/li>\n<li data-start=\"2548\" data-end=\"2658\"><strong data-start=\"2551\" data-end=\"2571\">Monter adapteren<\/strong> \u2013 Klik den ind i en boks eller en dobbeltramme sammen med en almindelig lyskontakt.<\/li>\n<li data-start=\"2659\" data-end=\"2759\"><strong data-start=\"2662\" data-end=\"2687\">Konfigurer via appen<\/strong> \u2013 Juster lysstyrke, scenarier og andre funktioner via Plejd-appen.<\/li>\n<li data-start=\"2760\" data-end=\"2868\"><strong data-start=\"2763\" data-end=\"2790\">Begynd at styre belysningen<\/strong> \u2013 D\u00e6mp lyset med knappen eller brug Plejd-systemets tr\u00e5dl\u00f8se funktioner.<\/li>\n<\/ol>\n<p data-start=\"2870\" data-end=\"3007\">Den fleksible montering g\u00f8r det muligt at installere Swivel Adapter EB Black b\u00e5de enkeltst\u00e5ende og i kombination med andre Plejd-enheder.<\/p>\n<h3 data-start=\"3009\" data-end=\"3043\"><strong data-start=\"3013\" data-end=\"3041\">Tekniske specifikationer<\/strong><\/h3>\n<ul data-start=\"3045\" data-end=\"3595\">\n<li data-start=\"3045\" data-end=\"3065\"><strong data-start=\"3047\" data-end=\"3058\">Model:<\/strong> Vrag<\/li>\n<li data-start=\"3066\" data-end=\"3105\"><strong data-start=\"3068\" data-end=\"3090\">Driftsmetode:<\/strong> Rotationsfunktion<\/li>\n<li data-start=\"3106\" data-end=\"3138\"><strong data-start=\"3108\" data-end=\"3130\">Forseglingstype:<\/strong> Snap<\/li>\n<li data-start=\"3139\" data-end=\"3180\"><strong data-start=\"3141\" data-end=\"3154\">Materiale:<\/strong> Termoplast (halogenfri)<\/li>\n<li data-start=\"3181\" data-end=\"3221\"><strong data-start=\"3183\" data-end=\"3200\">Overfladebehandling:<\/strong> Lakeret, mat overflade<\/li>\n<li data-start=\"3222\" data-end=\"3252\"><strong data-start=\"3224\" data-end=\"3233\">Farve:<\/strong> Sort (RAL 9005)<\/li>\n<li data-start=\"3253\" data-end=\"3293\"><strong data-start=\"3255\" data-end=\"3268\">IP klasse:<\/strong> IP20 (til indend\u00f8rs brug)<\/li>\n<li data-start=\"3294\" data-end=\"3320\"><strong data-start=\"3296\" data-end=\"3313\">Slagfasthed:<\/strong> IK00<\/li>\n<li data-start=\"3321\" data-end=\"3341\"><strong data-start=\"3323\" data-end=\"3333\">Bredde:<\/strong> 55 mm<\/li>\n<li data-start=\"3342\" data-end=\"3361\"><strong data-start=\"3344\" data-end=\"3353\">H\u00f8jde:<\/strong> 55 mm<\/li>\n<li data-start=\"3362\" data-end=\"3381\"><strong data-start=\"3364\" data-end=\"3373\">Dybde:<\/strong> 18 mm<\/li>\n<li data-start=\"3382\" data-end=\"3436\"><strong data-start=\"3384\" data-end=\"3430\">Velegnet til ber\u00f8ringssensor til bussystemer:<\/strong> Ingen<\/li>\n<li data-start=\"3437\" data-end=\"3480\"><strong data-start=\"3439\" data-end=\"3474\">Scannerbart symbol\/barrierefri:<\/strong> Ingen<\/li>\n<li data-start=\"3481\" data-end=\"3514\"><strong data-start=\"3483\" data-end=\"3508\">Med printbar etiket:<\/strong> Ingen<\/li>\n<li data-start=\"3515\" data-end=\"3552\"><strong data-start=\"3517\" data-end=\"3546\">Med udskifteligt objektiv\/symbol:<\/strong> Ingen<\/li>\n<li data-start=\"3553\" data-end=\"3595\"><strong data-start=\"3555\" data-end=\"3589\">Overv\u00e5gningsvindue\/lysudtag:<\/strong> Ingen<\/li>\n<\/ul>\n<h3 data-start=\"3597\" data-end=\"3644\"><strong data-start=\"3601\" data-end=\"3642\">Design og funktion i perfekt harmoni<\/strong><\/h3>\n<p data-start=\"3645\" data-end=\"3911\">Den sorte, matte overflade og kompatibiliteten med ELKO\u00ae Plus rammer g\u00f8r Swivel Adapter EB Black til et stilfuldt valg til alle typer milj\u00f8er.<\/p>\n<p data-start=\"3645\" data-end=\"3911\">Det minimalistiske design smelter fint ind i moderne interi\u00f8r og giver samtidig fuld kontrol over belysningen.<\/p>\n<h3 data-start=\"3913\" data-end=\"3931\"><strong data-start=\"3917\" data-end=\"3929\">Konklusion<\/strong><\/h3>\n<p data-start=\"3932\" data-end=\"4243\">Roterende adapter EB Black er en elegant og smart lysstyringsl\u00f8sning, der kombinerer klassisk roterende lysd\u00e6mperfunktion med moderne tr\u00e5dl\u00f8s teknologi.<\/p>\n<p data-start=\"3932\" data-end=\"4243\">Den lette montering, stilrene design og integrationen med Plejd-systemet g\u00f8r det til et oplagt valg for b\u00e5de private og professionelle installat\u00f8rer.<\/p>","protected":false},"excerpt":{"rendered":"<p>EB Black roterende adapter klikker sammen med en valgfri Plejd-puck og fungerer som en klassisk roterende lysd\u00e6mper.<\/p>\n<p>Med tr\u00e5dl\u00f8s mesh-teknologi kan den styre andre Plejd-enheder.<\/p>\n<p>Nem installation og konfiguration via Plejd-appen.<\/p>\n<p>Passer med sort stel fra ELKO\u00ae Plus.<\/p>","protected":false},"featured_media":148023,"template":"","meta":{"_acf_changed":false},"product_brand":[],"product_cat":[4661],"product_tag":[4670],"class_list":{"0":"post-148024","1":"product","2":"type-product","3":"status-publish","4":"has-post-thumbnail","6":"product_cat-plejd-vridadapter","7":"product_tag-plejd","8":"product_shipping_class-postnord-varubrev","9":"pa_brands-plejd","10":"pa_farg-svart","11":"tm-has-options","13":"first","14":"instock","15":"sale","16":"taxable","17":"shipping-taxable","18":"purchasable","19":"product-type-simple"},"acf":[],"_links":{"self":[{"href":"https:\/\/secureus.se\/dk\/wp-json\/wp\/v2\/product\/148024","targetHints":{"allow":["GET"]}}],"collection":[{"href":"https:\/\/secureus.se\/dk\/wp-json\/wp\/v2\/product"}],"about":[{"href":"https:\/\/secureus.se\/dk\/wp-json\/wp\/v2\/types\/product"}],"wp:featuredmedia":[{"embeddable":true,"href":"https:\/\/secureus.se\/dk\/wp-json\/wp\/v2\/media\/148023"}],"wp:attachment":[{"href":"https:\/\/secureus.se\/dk\/wp-json\/wp\/v2\/media?parent=148024"}],"wp:term":[{"taxonomy":"product_brand","embeddable":true,"href":"https:\/\/secureus.se\/dk\/wp-json\/wp\/v2\/product_brand?post=148024"},{"taxonomy":"product_cat","embeddable":true,"href":"https:\/\/secureus.se\/dk\/wp-json\/wp\/v2\/product_cat?post=148024"},{"taxonomy":"product_tag","embeddable":true,"href":"https:\/\/secureus.se\/dk\/wp-json\/wp\/v2\/product_tag?post=148024"}],"curies":[{"name":"wp","href":"https:\/\/api.w.org\/{rel}","templated":true}]}}