{"id":148032,"date":"2025-02-25T12:22:23","date_gmt":"2025-02-25T11:22:23","guid":{"rendered":"https:\/\/secureus.se\/?post_type=product&#038;p=148032"},"modified":"2026-03-26T11:07:06","modified_gmt":"2026-03-26T10:07:06","slug":"plejd-vridadapter-rtr-01-rw-vit","status":"publish","type":"product","link":"https:\/\/secureus.se\/dk\/plejd-vridadapter-rtr-01-rw-vit\/","title":{"rendered":"Plejd Drejelig adapter RTR-01-RW hvid"},"content":{"rendered":"<h1 data-start=\"441\" data-end=\"495\"><strong data-start=\"445\" data-end=\"493\">Enkel og glat lysstyring til smarte hjem<\/strong><\/h1>\n<p data-start=\"496\" data-end=\"868\">Roterende adapter RW White er en stilfuld og funktionel l\u00f8sning til smart lysstyring.<\/p>\n<p data-start=\"496\" data-end=\"868\">Ved at klikke adapteren sammen med en Plejd-puck efter eget valg, f\u00e5r du en traditionel drejed\u00e6mper, der kan styres b\u00e5de manuelt og tr\u00e5dl\u00f8st via Plejd-systemets mesh-teknologi.<\/p>\n<p data-start=\"496\" data-end=\"868\">Dette g\u00f8r den til en perfekt l\u00f8sning til b\u00e5de boliger og erhvervsmilj\u00f8er, hvor enkel og fleksibel lysstyring er et krav.<\/p>\n<h3 data-start=\"870\" data-end=\"916\"><strong data-start=\"874\" data-end=\"914\">Smart og tr\u00e5dl\u00f8s lysstyring<\/strong><\/h3>\n<p data-start=\"917\" data-end=\"1243\">Ved hj\u00e6lp af Plejds tr\u00e5dl\u00f8se mesh-teknologi kan RW White-drejeadapteren styre andre Plejd-enheder og integreres problemfrit i dit eksisterende smarte system.<\/p>\n<p data-start=\"917\" data-end=\"1243\">Pucken, der bruges med adapteren, bevarer sine funktioner s\u00e5som kontrolindgang og timingindstillinger, s\u00e5 du kan styre belysningen fra flere forskellige knapper og enheder.<\/p>\n<h3 data-start=\"1245\" data-end=\"1285\"><strong data-start=\"1249\" data-end=\"1283\">Produktegenskaber og fordele<\/strong><\/h3>\n<ul data-start=\"1287\" data-end=\"2032\">\n<li data-start=\"1287\" data-end=\"1367\"><strong data-start=\"1289\" data-end=\"1320\">Klassisk roterende lysd\u00e6mper funktion<\/strong> \u2013 Muligg\u00f8r enkel og intuitiv lysstyring.<\/li>\n<li data-start=\"1368\" data-end=\"1446\"><strong data-start=\"1370\" data-end=\"1393\">Tr\u00e5dl\u00f8s integration<\/strong> \u2013 Styr andre Plejd-enheder via Plejd mesh-netv\u00e6rk.<\/li>\n<li data-start=\"1447\" data-end=\"1517\"><strong data-start=\"1449\" data-end=\"1471\">Nem installation<\/strong> \u2013 Snap-on-lukning i \u00e6ske eller dobbeltramme.<\/li>\n<li data-start=\"1518\" data-end=\"1580\"><strong data-start=\"1520\" data-end=\"1538\">Stilfuldt design<\/strong> \u2013 Ubehandlet, blank hvid overflade (RAL 9003).<\/li>\n<li data-start=\"1581\" data-end=\"1679\"><strong data-start=\"1583\" data-end=\"1605\">Fleksibel montering<\/strong> \u2013 Kan monteres fritst\u00e5ende eller i dobbeltramme med standard lyskontakt.<\/li>\n<li data-start=\"1680\" data-end=\"1768\"><strong data-start=\"1682\" data-end=\"1703\">B\u00e6redygtigt materiale<\/strong> \u2013 Lavet af halogenfri termoplast for langvarig holdbarhed.<\/li>\n<li data-start=\"1769\" data-end=\"1852\"><strong data-start=\"1771\" data-end=\"1786\">App kontrol<\/strong> \u2013 Tilpas nemt indstillinger og lysscenarier i Plejd-appen.<\/li>\n<li data-start=\"1853\" data-end=\"1953\"><strong data-start=\"1855\" data-end=\"1893\">Passer til Schneider Renova\u00ae stel<\/strong> \u2013 For en ensartet og \u00e6stetisk tiltalende installation.<\/li>\n<li data-start=\"1954\" data-end=\"2032\"><strong data-start=\"1956\" data-end=\"1980\">Flere farvemuligheder<\/strong> \u2013 F\u00e5s i forskellige farver, der matcher interi\u00f8ret.<\/li>\n<\/ul>\n<h3 data-start=\"2034\" data-end=\"2100\"><strong data-start=\"2038\" data-end=\"2098\">Perfekt til smarte hjem og professionelle installationer<\/strong><\/h3>\n<p data-start=\"2101\" data-end=\"2325\">Roterende adapter RW White er en perfekt l\u00f8sning til dem, der \u00f8nsker en j\u00e6vn og elegant lysstyring.<\/p>\n<p data-start=\"2101\" data-end=\"2325\">Den er ideel til moderne hjem, kontormilj\u00f8er og andre installationer, hvor fleksibilitet og brugervenlighed er i fokus.<\/p>\n<h3 data-start=\"2327\" data-end=\"2364\"><strong data-start=\"2331\" data-end=\"2362\">Installation og brug<\/strong><\/h3>\n<p data-start=\"2365\" data-end=\"2422\">Installationen er enkel og kr\u00e6ver ingen specialv\u00e6rkt\u00f8j:<\/p>\n<ol data-start=\"2424\" data-end=\"2843\">\n<li data-start=\"2424\" data-end=\"2522\"><strong data-start=\"2427\" data-end=\"2473\">Klik drejeadapteren sammen med en Plejd-puck<\/strong> \u2013 V\u00e6lg en kompatibel puck fra Plejds sortiment.<\/li>\n<li data-start=\"2523\" data-end=\"2633\"><strong data-start=\"2526\" data-end=\"2546\">Monter adapteren<\/strong> \u2013 Klik den ind i en boks eller en dobbeltramme sammen med en almindelig lyskontakt.<\/li>\n<li data-start=\"2634\" data-end=\"2734\"><strong data-start=\"2637\" data-end=\"2662\">Konfigurer via appen<\/strong> \u2013 Juster lysstyrke, scenarier og andre funktioner via Plejd-appen.<\/li>\n<li data-start=\"2735\" data-end=\"2843\"><strong data-start=\"2738\" data-end=\"2765\">Begynd at styre belysningen<\/strong> \u2013 D\u00e6mp lyset med knappen eller brug Plejd-systemets tr\u00e5dl\u00f8se funktioner.<\/li>\n<\/ol>\n<p data-start=\"2845\" data-end=\"2980\">Den fleksible montering g\u00f8r det muligt at installere RW White Swivel Adapter b\u00e5de selvst\u00e6ndigt og i kombination med andre Plejd enheder.<\/p>\n<h3 data-start=\"2982\" data-end=\"3016\"><strong data-start=\"2986\" data-end=\"3014\">Tekniske specifikationer<\/strong><\/h3>\n<ul data-start=\"3018\" data-end=\"3569\">\n<li data-start=\"3018\" data-end=\"3038\"><strong data-start=\"3020\" data-end=\"3031\">Model:<\/strong> Vrag<\/li>\n<li data-start=\"3039\" data-end=\"3078\"><strong data-start=\"3041\" data-end=\"3063\">Driftsmetode:<\/strong> Rotationsfunktion<\/li>\n<li data-start=\"3079\" data-end=\"3111\"><strong data-start=\"3081\" data-end=\"3103\">Forseglingstype:<\/strong> Snap<\/li>\n<li data-start=\"3112\" data-end=\"3153\"><strong data-start=\"3114\" data-end=\"3127\">Materiale:<\/strong> Termoplast (halogenfri)<\/li>\n<li data-start=\"3154\" data-end=\"3197\"><strong data-start=\"3156\" data-end=\"3173\">Overfladebehandling:<\/strong> Ubehandlet, skinnende overflade<\/li>\n<li data-start=\"3198\" data-end=\"3226\"><strong data-start=\"3200\" data-end=\"3209\">Farve:<\/strong> Hvid (RAL 9003)<\/li>\n<li data-start=\"3227\" data-end=\"3267\"><strong data-start=\"3229\" data-end=\"3242\">IP klasse:<\/strong> IP20 (til indend\u00f8rs brug)<\/li>\n<li data-start=\"3268\" data-end=\"3294\"><strong data-start=\"3270\" data-end=\"3287\">Slagfasthed:<\/strong> IK00<\/li>\n<li data-start=\"3295\" data-end=\"3315\"><strong data-start=\"3297\" data-end=\"3307\">Bredde:<\/strong> 52 mm<\/li>\n<li data-start=\"3316\" data-end=\"3335\"><strong data-start=\"3318\" data-end=\"3327\">H\u00f8jde:<\/strong> 52 mm<\/li>\n<li data-start=\"3336\" data-end=\"3355\"><strong data-start=\"3338\" data-end=\"3347\">Dybde:<\/strong> 18 mm<\/li>\n<li data-start=\"3356\" data-end=\"3410\"><strong data-start=\"3358\" data-end=\"3404\">Velegnet til ber\u00f8ringssensor til bussystemer:<\/strong> Ingen<\/li>\n<li data-start=\"3411\" data-end=\"3454\"><strong data-start=\"3413\" data-end=\"3448\">Scannerbart symbol\/barrierefri:<\/strong> Ingen<\/li>\n<li data-start=\"3455\" data-end=\"3488\"><strong data-start=\"3457\" data-end=\"3482\">Med printbar etiket:<\/strong> Ingen<\/li>\n<li data-start=\"3489\" data-end=\"3526\"><strong data-start=\"3491\" data-end=\"3520\">Med udskifteligt objektiv\/symbol:<\/strong> Ingen<\/li>\n<li data-start=\"3527\" data-end=\"3569\"><strong data-start=\"3529\" data-end=\"3563\">Overv\u00e5gningsvindue\/lysudtag:<\/strong> Ingen<\/li>\n<\/ul>\n<h3 data-start=\"3571\" data-end=\"3618\"><strong data-start=\"3575\" data-end=\"3616\">Design og funktion i perfekt harmoni<\/strong><\/h3>\n<p data-start=\"3619\" data-end=\"3889\">Den hvide, blanke overflade og kompatibiliteten med Schneider Renova\u00ae rammer g\u00f8r RW White Swivel Adapter til et stilfuldt valg til alle typer milj\u00f8er.<\/p>\n<p data-start=\"3619\" data-end=\"3889\">Det minimalistiske design smelter fint ind i moderne interi\u00f8r og giver samtidig fuld kontrol over belysningen.<\/p>\n<h3 data-start=\"3891\" data-end=\"3909\"><strong data-start=\"3895\" data-end=\"3907\">Konklusion<\/strong><\/h3>\n<p data-start=\"3910\" data-end=\"4219\">Roterende adapter RW White er en elegant og smart lysstyringsl\u00f8sning, der kombinerer klassisk roterende lysd\u00e6mperfunktion med moderne tr\u00e5dl\u00f8s teknologi.<\/p>\n<p data-start=\"3910\" data-end=\"4219\">Den lette montering, stilrene design og integrationen med Plejd-systemet g\u00f8r det til et oplagt valg for b\u00e5de private og professionelle installat\u00f8rer.<\/p>","protected":false},"excerpt":{"rendered":"<p>Roterende adapter RW White klikker sammen med en valgfri Plejd-puck og fungerer som en klassisk drejed\u00e6mper.<\/p>\n<p>Med tr\u00e5dl\u00f8s mesh-teknologi kan den styre andre Plejd-enheder. Nem installation og konfiguration via Plejd-appen.<\/p>\n<p>Passer med hvid ramme fra Schneider Renova\u00ae.<\/p>","protected":false},"featured_media":148031,"template":"","meta":{"_acf_changed":false},"product_brand":[],"product_cat":[4661],"product_tag":[4670],"class_list":{"0":"post-148032","1":"product","2":"type-product","3":"status-publish","4":"has-post-thumbnail","6":"product_cat-plejd-vridadapter","7":"product_tag-plejd","8":"product_shipping_class-tunga-paket","9":"pa_brands-plejd","10":"pa_farg-vit","11":"tm-has-options","13":"first","14":"outofstock","15":"sale","16":"taxable","17":"shipping-taxable","18":"purchasable","19":"product-type-simple"},"acf":[],"_links":{"self":[{"href":"https:\/\/secureus.se\/dk\/wp-json\/wp\/v2\/product\/148032","targetHints":{"allow":["GET"]}}],"collection":[{"href":"https:\/\/secureus.se\/dk\/wp-json\/wp\/v2\/product"}],"about":[{"href":"https:\/\/secureus.se\/dk\/wp-json\/wp\/v2\/types\/product"}],"wp:featuredmedia":[{"embeddable":true,"href":"https:\/\/secureus.se\/dk\/wp-json\/wp\/v2\/media\/148031"}],"wp:attachment":[{"href":"https:\/\/secureus.se\/dk\/wp-json\/wp\/v2\/media?parent=148032"}],"wp:term":[{"taxonomy":"product_brand","embeddable":true,"href":"https:\/\/secureus.se\/dk\/wp-json\/wp\/v2\/product_brand?post=148032"},{"taxonomy":"product_cat","embeddable":true,"href":"https:\/\/secureus.se\/dk\/wp-json\/wp\/v2\/product_cat?post=148032"},{"taxonomy":"product_tag","embeddable":true,"href":"https:\/\/secureus.se\/dk\/wp-json\/wp\/v2\/product_tag?post=148032"}],"curies":[{"name":"wp","href":"https:\/\/api.w.org\/{rel}","templated":true}]}}