{"id":148038,"date":"2025-02-25T12:22:23","date_gmt":"2025-02-25T11:22:23","guid":{"rendered":"https:\/\/secureus.se\/?post_type=product&#038;p=148038"},"modified":"2026-04-08T16:47:20","modified_gmt":"2026-04-08T14:47:20","slug":"plejd-vridadapter-rtr-01-sw-vit","status":"publish","type":"product","link":"https:\/\/secureus.se\/dk\/plejd-vridadapter-rtr-01-sw-vit\/","title":{"rendered":"Plejd Drejelig adapter RTR-01-SW hvid"},"content":{"rendered":"<h1 data-start=\"447\" data-end=\"507\"><strong data-start=\"451\" data-end=\"505\">Kombiner klassisk lysd\u00e6mperfunktion med smart teknologi<\/strong><\/h1>\n<p data-start=\"508\" data-end=\"882\">SW White drejeadapter er en elegant og funktionel l\u00f8sning til smart lysstyring.<\/p>\n<p data-start=\"508\" data-end=\"882\">Ved at klikke adapteren sammen med en Plejd-puck efter eget valg, f\u00e5r du en traditionel drejed\u00e6mper, der kan styres b\u00e5de manuelt og tr\u00e5dl\u00f8st via Plejd-systemets mesh-teknologi.<\/p>\n<p data-start=\"508\" data-end=\"882\">Dette g\u00f8r den ideel til b\u00e5de moderne hjem og professionelle installationer, hvor fleksibilitet og design er vigtige faktorer.<\/p>\n<h3 data-start=\"884\" data-end=\"933\"><strong data-start=\"888\" data-end=\"931\">Tr\u00e5dl\u00f8s og fleksibel lysstyring<\/strong><\/h3>\n<p data-start=\"934\" data-end=\"1307\">En af de store fordele ved SW White Rotary Adapter er dens evne til at fungere i Plejd-\u00f8kosystemet. Med tr\u00e5dl\u00f8s mesh-teknologi kan den styre andre Plejd-enheder og integreres problemfrit i dit eksisterende system.<\/p>\n<p data-start=\"934\" data-end=\"1307\">Pucken, der bruges med adapteren, bevarer sine funktioner s\u00e5som kontrolindgang og timingindstillinger, s\u00e5 du kan styre belysningen fra flere forskellige knapper.<\/p>\n<p data-start=\"1309\" data-end=\"1337\"><strong data-start=\"1309\" data-end=\"1335\">Funktionerne omfatter:<\/strong><\/p>\n<ul data-start=\"1338\" data-end=\"1563\">\n<li data-start=\"1338\" data-end=\"1395\"><strong data-start=\"1340\" data-end=\"1365\">Dobbeltklik p\u00e5 rattet<\/strong> for at aktivere scenarier.<\/li>\n<li data-start=\"1396\" data-end=\"1451\"><strong data-start=\"1398\" data-end=\"1423\">Tr\u00e5dl\u00f8s kommunikation<\/strong> via Plejd mesh-netv\u00e6rket.<\/li>\n<li data-start=\"1452\" data-end=\"1508\"><strong data-start=\"1454\" data-end=\"1477\">Fuld kompatibilitet<\/strong> med Schneider Exxact\u00ae-stel.<\/li>\n<li data-start=\"1509\" data-end=\"1563\"><strong data-start=\"1511\" data-end=\"1544\">Indstillingerne kan nemt justeres<\/strong> via Plejd-appen.<\/li>\n<\/ul>\n<h3 data-start=\"1565\" data-end=\"1605\"><strong data-start=\"1569\" data-end=\"1603\">Produktegenskaber og fordele<\/strong><\/h3>\n<ul data-start=\"1607\" data-end=\"2340\">\n<li data-start=\"1607\" data-end=\"1696\"><strong data-start=\"1609\" data-end=\"1640\">Klassisk roterende lysd\u00e6mper funktion<\/strong> \u2013 Giver en traditionel f\u00f8lelse med moderne smart teknologi.<\/li>\n<li data-start=\"1697\" data-end=\"1771\"><strong data-start=\"1699\" data-end=\"1722\">Tr\u00e5dl\u00f8s integration<\/strong> \u2013 Styr andre Plejd-enheder via mesh-netv\u00e6rket.<\/li>\n<li data-start=\"1772\" data-end=\"1842\"><strong data-start=\"1774\" data-end=\"1796\">Nem installation<\/strong> \u2013 Snap-on-lukning i \u00e6ske eller dobbeltramme.<\/li>\n<li data-start=\"1843\" data-end=\"1905\"><strong data-start=\"1845\" data-end=\"1863\">Elegant design<\/strong> \u2013 Ubehandlet, blank hvid overflade (RAL 9003).<\/li>\n<li data-start=\"1906\" data-end=\"2004\"><strong data-start=\"1908\" data-end=\"1930\">Fleksibel montering<\/strong> \u2013 Kan monteres fritst\u00e5ende eller i dobbeltramme med standard lyskontakt.<\/li>\n<li data-start=\"2005\" data-end=\"2093\"><strong data-start=\"2007\" data-end=\"2028\">B\u00e6redygtigt materiale<\/strong> \u2013 Lavet af halogenfri termoplast for langvarig holdbarhed.<\/li>\n<li data-start=\"2094\" data-end=\"2174\"><strong data-start=\"2096\" data-end=\"2111\">App kontrol<\/strong> \u2013 Konfiguration og indstillinger udf\u00f8res nemt i Plejd-appen.<\/li>\n<li data-start=\"2175\" data-end=\"2261\"><strong data-start=\"2177\" data-end=\"2215\">Passer til Schneider Exxact\u00ae stel<\/strong> \u2013 For en ensartet og stilfuld installation.<\/li>\n<li data-start=\"2262\" data-end=\"2340\"><strong data-start=\"2264\" data-end=\"2288\">Flere farvemuligheder<\/strong> \u2013 F\u00e5s i forskellige farver, der matcher interi\u00f8ret.<\/li>\n<\/ul>\n<h3 data-start=\"2342\" data-end=\"2401\"><strong data-start=\"2346\" data-end=\"2399\">Perfekt til smarte hjem og professionelle milj\u00f8er<\/strong><\/h3>\n<p data-start=\"2402\" data-end=\"2609\">SW White roterende adapter er en perfekt l\u00f8sning til dem, der \u00f8nsker stilfuld og funktionel lysstyring.<\/p>\n<p data-start=\"2402\" data-end=\"2609\">Den passer lige godt i moderne hjem og kontormilj\u00f8er, hvor du gerne vil kombinere stil med smarte funktioner.<\/p>\n<h3 data-start=\"2611\" data-end=\"2648\"><strong data-start=\"2615\" data-end=\"2646\">Installation og brug<\/strong><\/h3>\n<p data-start=\"2649\" data-end=\"2706\">Installationen er enkel og kr\u00e6ver ingen specialv\u00e6rkt\u00f8j:<\/p>\n<ol data-start=\"2708\" data-end=\"3127\">\n<li data-start=\"2708\" data-end=\"2806\"><strong data-start=\"2711\" data-end=\"2757\">Klik drejeadapteren sammen med en Plejd-puck<\/strong> \u2013 V\u00e6lg en kompatibel puck fra Plejds sortiment.<\/li>\n<li data-start=\"2807\" data-end=\"2917\"><strong data-start=\"2810\" data-end=\"2830\">Monter adapteren<\/strong> \u2013 Klik den ind i en boks eller en dobbeltramme sammen med en almindelig lyskontakt.<\/li>\n<li data-start=\"2918\" data-end=\"3018\"><strong data-start=\"2921\" data-end=\"2946\">Konfigurer via appen<\/strong> \u2013 Juster lysstyrke, scenarier og andre funktioner via Plejd-appen.<\/li>\n<li data-start=\"3019\" data-end=\"3127\"><strong data-start=\"3022\" data-end=\"3049\">Begynd at styre belysningen<\/strong> \u2013 D\u00e6mp lyset med knappen eller brug Plejd-systemets tr\u00e5dl\u00f8se funktioner.<\/li>\n<\/ol>\n<p data-start=\"3129\" data-end=\"3264\">Den fleksible montering g\u00f8r det muligt at installere SW White Swivel Adapter b\u00e5de selvst\u00e6ndigt og i kombination med andre Plejd-enheder.<\/p>\n<h3 data-start=\"3266\" data-end=\"3300\"><strong data-start=\"3270\" data-end=\"3298\">Tekniske specifikationer<\/strong><\/h3>\n<ul data-start=\"3302\" data-end=\"3898\">\n<li data-start=\"3302\" data-end=\"3322\"><strong data-start=\"3304\" data-end=\"3315\">Model:<\/strong> Vrag<\/li>\n<li data-start=\"3323\" data-end=\"3362\"><strong data-start=\"3325\" data-end=\"3347\">Driftsmetode:<\/strong> Rotationsfunktion<\/li>\n<li data-start=\"3363\" data-end=\"3395\"><strong data-start=\"3365\" data-end=\"3387\">Forseglingstype:<\/strong> Snap<\/li>\n<li data-start=\"3396\" data-end=\"3437\"><strong data-start=\"3398\" data-end=\"3411\">Materiale:<\/strong> Termoplast (halogenfri)<\/li>\n<li data-start=\"3438\" data-end=\"3481\"><strong data-start=\"3440\" data-end=\"3457\">Overfladebehandling:<\/strong> Ubehandlet, skinnende overflade<\/li>\n<li data-start=\"3482\" data-end=\"3510\"><strong data-start=\"3484\" data-end=\"3493\">Farve:<\/strong> Hvid (RAL 9003)<\/li>\n<li data-start=\"3511\" data-end=\"3551\"><strong data-start=\"3513\" data-end=\"3526\">IP klasse:<\/strong> IP20 (til indend\u00f8rs brug)<\/li>\n<li data-start=\"3552\" data-end=\"3578\"><strong data-start=\"3554\" data-end=\"3571\">Slagfasthed:<\/strong> IK00<\/li>\n<li data-start=\"3579\" data-end=\"3599\"><strong data-start=\"3581\" data-end=\"3591\">Bredde:<\/strong> 55 mm<\/li>\n<li data-start=\"3600\" data-end=\"3619\"><strong data-start=\"3602\" data-end=\"3611\">H\u00f8jde:<\/strong> 55 mm<\/li>\n<li data-start=\"3620\" data-end=\"3639\"><strong data-start=\"3622\" data-end=\"3631\">Dybde:<\/strong> 18 mm<\/li>\n<li data-start=\"3640\" data-end=\"3694\"><strong data-start=\"3642\" data-end=\"3688\">Velegnet til ber\u00f8ringssensor til bussystemer:<\/strong> Ingen<\/li>\n<li data-start=\"3695\" data-end=\"3738\"><strong data-start=\"3697\" data-end=\"3732\">Scannerbart symbol\/barrierefri:<\/strong> Ingen<\/li>\n<li data-start=\"3739\" data-end=\"3772\"><strong data-start=\"3741\" data-end=\"3766\">Med printbar etiket:<\/strong> Ingen<\/li>\n<li data-start=\"3773\" data-end=\"3810\"><strong data-start=\"3775\" data-end=\"3804\">Med udskifteligt objektiv\/symbol:<\/strong> Ingen<\/li>\n<li data-start=\"3811\" data-end=\"3853\"><strong data-start=\"3813\" data-end=\"3847\">Overv\u00e5gningsvindue\/lysudtag:<\/strong> Ingen<\/li>\n<li data-start=\"3854\" data-end=\"3898\"><strong data-start=\"3856\" data-end=\"3893\">Dobbeltklik for scenariekontrol:<\/strong> Ja<\/li>\n<\/ul>\n<h3 data-start=\"3900\" data-end=\"3947\"><strong data-start=\"3904\" data-end=\"3945\">Design og funktion i perfekt harmoni<\/strong><\/h3>\n<p data-start=\"3948\" data-end=\"4218\">Den hvide, blanke overflade og kompatibiliteten med Schneider Exxact\u00ae-stel g\u00f8r SW White Swivel Adapter til et stilfuldt valg til alle typer milj\u00f8er.<\/p>\n<p data-start=\"3948\" data-end=\"4218\">Det minimalistiske design smelter fint ind i moderne interi\u00f8r og giver samtidig fuld kontrol over belysningen.<\/p>\n<h3 data-start=\"4220\" data-end=\"4238\"><strong data-start=\"4224\" data-end=\"4236\">Konklusion<\/strong><\/h3>\n<p data-start=\"4239\" data-end=\"4548\">Roterende adapter SW White er en elegant og smart lysstyringsl\u00f8sning, der kombinerer klassisk roterende lysd\u00e6mperfunktion med moderne tr\u00e5dl\u00f8s teknologi.<\/p>\n<p data-start=\"4239\" data-end=\"4548\">Den lette montering, stilrene design og integrationen med Plejd-systemet g\u00f8r det til et oplagt valg for b\u00e5de private og professionelle installat\u00f8rer.<\/p>","protected":false},"excerpt":{"rendered":"<p>Roterende adapter SW White klikker sammen med en valgfri Plejd-puck og fungerer som en klassisk drejed\u00e6mper.<\/p>\n<p>Med tr\u00e5dl\u00f8s mesh-teknologi kan den styre andre Plejd-enheder.<\/p>\n<p>Nem installation og konfiguration via Plejd-appen.<\/p>\n<p>Passer med hvidt stel fra Schneider Exxact\u00ae.<\/p>","protected":false},"featured_media":148037,"template":"","meta":{"_acf_changed":false},"product_brand":[],"product_cat":[4661],"product_tag":[4670],"class_list":{"0":"post-148038","1":"product","2":"type-product","3":"status-publish","4":"has-post-thumbnail","6":"product_cat-plejd-vridadapter","7":"product_tag-plejd","8":"product_shipping_class-postnord-varubrev","9":"pa_brands-plejd","10":"pa_farg-vit","11":"tm-has-options","13":"first","14":"instock","15":"sale","16":"taxable","17":"shipping-taxable","18":"purchasable","19":"product-type-simple"},"acf":[],"_links":{"self":[{"href":"https:\/\/secureus.se\/dk\/wp-json\/wp\/v2\/product\/148038","targetHints":{"allow":["GET"]}}],"collection":[{"href":"https:\/\/secureus.se\/dk\/wp-json\/wp\/v2\/product"}],"about":[{"href":"https:\/\/secureus.se\/dk\/wp-json\/wp\/v2\/types\/product"}],"wp:featuredmedia":[{"embeddable":true,"href":"https:\/\/secureus.se\/dk\/wp-json\/wp\/v2\/media\/148037"}],"wp:attachment":[{"href":"https:\/\/secureus.se\/dk\/wp-json\/wp\/v2\/media?parent=148038"}],"wp:term":[{"taxonomy":"product_brand","embeddable":true,"href":"https:\/\/secureus.se\/dk\/wp-json\/wp\/v2\/product_brand?post=148038"},{"taxonomy":"product_cat","embeddable":true,"href":"https:\/\/secureus.se\/dk\/wp-json\/wp\/v2\/product_cat?post=148038"},{"taxonomy":"product_tag","embeddable":true,"href":"https:\/\/secureus.se\/dk\/wp-json\/wp\/v2\/product_tag?post=148038"}],"curies":[{"name":"wp","href":"https:\/\/api.w.org\/{rel}","templated":true}]}}