{"id":148044,"date":"2025-02-25T12:22:24","date_gmt":"2025-02-25T11:22:24","guid":{"rendered":"https:\/\/secureus.se\/?post_type=product&#038;p=148044"},"modified":"2026-03-26T11:06:27","modified_gmt":"2026-03-26T10:06:27","slug":"plejd-extender-ext-01-2xin-bat-mesh-bt","status":"publish","type":"product","link":"https:\/\/secureus.se\/dk\/plejd-extender-ext-01-2xin-bat-mesh-bt\/","title":{"rendered":"Plejd Extender EXT-01 2xIN BAT Mesh BT"},"content":{"rendered":"<h1 data-start=\"527\" data-end=\"590\"><strong data-start=\"531\" data-end=\"588\">Forbedret r\u00e6kkevidde og driftssikkerhed med plaid mesh<\/strong><\/h1>\n<p data-start=\"591\" data-end=\"936\">Plejd Extender 2xIN BAT Mesh BT (EXT-01) er en kraftfuld enhed, der <strong data-start=\"658\" data-end=\"705\">udvider r\u00e6kkevidden af Plejd mesh-netv\u00e6rket<\/strong> ved at fungere som en tr\u00e5dl\u00f8s bro mellem enheder.<\/p>\n<p data-start=\"591\" data-end=\"936\">Det hj\u00e6lper til <strong data-start=\"783\" data-end=\"819\">sikre stabil kommunikation<\/strong> i systemet, hvilket g\u00f8r det perfekt til st\u00f8rre installationer, hvor afstanden mellem enhederne kan v\u00e6re en udfordring.<\/p>\n<p data-start=\"938\" data-end=\"1220\">Takket v\u00e6re det <strong data-start=\"952\" data-end=\"992\">integreret batteribackup (BAT-01)<\/strong> kan tidsfunktioner som f.eks <strong data-start=\"1016\" data-end=\"1062\">astro ur og andre tidskontrollerede indstillinger<\/strong> forts\u00e6tte med at fungere selv under en str\u00f8mafbrydelse.<\/p>\n<p data-start=\"938\" data-end=\"1220\">Dette g\u00f8r EXT-01 til en vigtig komponent i smarte lysinstallationer, hvor p\u00e5lidelighed er afg\u00f8rende.<\/p>\n<h3 data-start=\"1222\" data-end=\"1267\"><strong data-start=\"1226\" data-end=\"1265\">Tr\u00e5dl\u00f8s kontrol med flere indgange<\/strong><\/h3>\n<p data-start=\"1268\" data-end=\"1416\">Plejd Extender kan ogs\u00e5 fungere som en <strong data-start=\"1308\" data-end=\"1321\">kontrolmodul<\/strong> for andre Plejd-enheder gennem sine to separate indgange. Dette g\u00f8r det muligt at forbinde:<\/p>\n<ul data-start=\"1418\" data-end=\"1500\">\n<li data-start=\"1418\" data-end=\"1452\"><strong data-start=\"1420\" data-end=\"1450\">Fjederbelastede trykknapper<\/strong><\/li>\n<li data-start=\"1453\" data-end=\"1474\"><strong data-start=\"1455\" data-end=\"1472\">Trafikvagter<\/strong><\/li>\n<li data-start=\"1475\" data-end=\"1500\"><strong data-start=\"1477\" data-end=\"1498\">Roterende adapter (RTR)<\/strong><\/li>\n<\/ul>\n<p data-start=\"1502\" data-end=\"1622\">Disse funktioner g\u00f8r det nemt at tilpasse lysstyringen efter behov og skabe en fleksibel, smart lysl\u00f8sning.<\/p>\n<h3 data-start=\"1624\" data-end=\"1666\"><strong data-start=\"1628\" data-end=\"1664\">Nem og alsidig installation<\/strong><\/h3>\n<p data-start=\"1667\" data-end=\"1753\">EXT-01 er designet til at v\u00e6re nem at installere og kan monteres p\u00e5 flere m\u00e5der:<\/p>\n<ul data-start=\"1755\" data-end=\"1930\">\n<li data-start=\"1755\" data-end=\"1813\"><strong data-start=\"1757\" data-end=\"1774\">I enhedsboksen<\/strong> \u2013 Bag en trykknap eller kassel\u00e5g.<\/li>\n<li data-start=\"1814\" data-end=\"1854\"><strong data-start=\"1816\" data-end=\"1827\">P\u00e5 v\u00e6ggen<\/strong> \u2013 Til diskret placering.<\/li>\n<li data-start=\"1855\" data-end=\"1930\"><strong data-start=\"1857\" data-end=\"1873\">P\u00e5 DIN-skinne<\/strong> \u2013 Brug af monteringsklemmen (MNT-01, medf\u00f8lger ikke).<\/li>\n<\/ul>\n<p data-start=\"1932\" data-end=\"2098\">Det kompakte design (46x46x18 mm) g\u00f8r det nemt at placere p\u00e5 trange steder, og det <strong data-start=\"2021\" data-end=\"2061\">lav standby-effekt p\u00e5 kun 0,2 W<\/strong> sikrer energieffektiv drift.<\/p>\n<h3 data-start=\"2100\" data-end=\"2140\"><strong data-start=\"2104\" data-end=\"2138\">Produktegenskaber og fordele<\/strong><\/h3>\n<ul data-start=\"2142\" data-end=\"2700\">\n<li data-start=\"2142\" data-end=\"2217\"><strong data-start=\"2144\" data-end=\"2181\">Forl\u00e6nger r\u00e6kkevidden i plaid mesh<\/strong> \u2013 Perfekt til st\u00f8rre ejendomme.<\/li>\n<li data-start=\"2218\" data-end=\"2307\"><strong data-start=\"2220\" data-end=\"2257\">Integreret batteribackup (BAT-01)<\/strong> \u2013 Sikrer tidsfunktioner i tilf\u00e6lde af str\u00f8mafbrydelse.<\/li>\n<li data-start=\"2308\" data-end=\"2405\"><strong data-start=\"2310\" data-end=\"2347\">To indgange til tr\u00e5dl\u00f8s styring<\/strong> \u2013 Tilslut trykknapper, bev\u00e6gelsessensorer eller roterende adaptere.<\/li>\n<li data-start=\"2406\" data-end=\"2491\"><strong data-start=\"2408\" data-end=\"2431\">Glat montering<\/strong> \u2013 Kan monteres i samled\u00e5se, p\u00e5 v\u00e6g eller p\u00e5 DIN-skinne.<\/li>\n<li data-start=\"2492\" data-end=\"2547\"><strong data-start=\"2494\" data-end=\"2512\">Energieffektiv<\/strong> \u2013 Standby-effekt p\u00e5 kun 0,2 W.<\/li>\n<li data-start=\"2548\" data-end=\"2615\"><strong data-start=\"2550\" data-end=\"2582\">Stabil tr\u00e5dl\u00f8s kommunikation<\/strong> \u2013 2,4 GHz mesh og Bluetooth\u00ae.<\/li>\n<li data-start=\"2616\" data-end=\"2700\"><strong data-start=\"2618\" data-end=\"2658\">Radior\u00e6kkevidde p\u00e5 omkring 10 meter indend\u00f8rs<\/strong> \u2013 Udvider og stabiliserer netv\u00e6rket.<\/li>\n<\/ul>\n<h3 data-start=\"2702\" data-end=\"2739\"><strong data-start=\"2706\" data-end=\"2737\">Installation og brug<\/strong><\/h3>\n<p data-start=\"2740\" data-end=\"2807\">Installationen er enkel og kr\u00e6ver ingen avanceret konfiguration:<\/p>\n<ol data-start=\"2809\" data-end=\"3129\">\n<li data-start=\"2809\" data-end=\"2878\"><strong data-start=\"2812\" data-end=\"2875\">Placer EXT-01 i en samled\u00e5se, p\u00e5 en v\u00e6g eller p\u00e5 en DIN-skinne<\/strong>.<\/li>\n<li data-start=\"2879\" data-end=\"2943\"><strong data-start=\"2882\" data-end=\"2940\">Tilslut str\u00f8mforsyningen (230V AC, 50 Hz, maks. 0,02 A)<\/strong>.<\/li>\n<li data-start=\"2944\" data-end=\"3048\"><strong data-start=\"2947\" data-end=\"3002\">Tilslut valgfri trykknapper eller andre indgange<\/strong> (for eksempel bev\u00e6gelsessensor eller roterende adapter).<\/li>\n<li data-start=\"3049\" data-end=\"3129\"><strong data-start=\"3052\" data-end=\"3089\">Konfigurer enheden i Plejd-appen<\/strong> og tilpasse funktionerne efter behov.<\/li>\n<\/ol>\n<p data-start=\"3131\" data-end=\"3247\">EXT-01 starter derefter automatisk <strong data-start=\"3170\" data-end=\"3233\">udvide r\u00e6kkevidden og kommunikere med andre Plejd-enheder<\/strong> i systemet.<\/p>\n<h3 data-start=\"3249\" data-end=\"3283\"><strong data-start=\"3253\" data-end=\"3281\">Tekniske specifikationer<\/strong><\/h3>\n<ul data-start=\"3285\" data-end=\"3853\">\n<li data-start=\"3285\" data-end=\"3307\"><strong data-start=\"3287\" data-end=\"3298\">Model:<\/strong> EXT-01<\/li>\n<li data-start=\"3308\" data-end=\"3354\"><strong data-start=\"3310\" data-end=\"3326\">Netsp\u00e6nding:<\/strong> 230V \/ 50Hz, maks. 0,02A<\/li>\n<li data-start=\"3355\" data-end=\"3383\"><strong data-start=\"3357\" data-end=\"3375\">Standby str\u00f8m:<\/strong> 0,2W<\/li>\n<li data-start=\"3384\" data-end=\"3439\"><strong data-start=\"3386\" data-end=\"3421\">Driftstemperatur (uden for boksen):<\/strong> -25 til +35\u00b0C<\/li>\n<li data-start=\"3440\" data-end=\"3489\"><strong data-start=\"3442\" data-end=\"3460\">Batteri backup:<\/strong> Op til 10 \u00e5rs gangreserve<\/li>\n<li data-start=\"3490\" data-end=\"3526\"><strong data-start=\"3492\" data-end=\"3508\">Dimensioner:<\/strong> 46 x 46 x 18 mm<\/li>\n<li data-start=\"3527\" data-end=\"3557\"><strong data-start=\"3529\" data-end=\"3543\">Kabel omr\u00e5de:<\/strong> 0,5\u20134,0 mm\u00b2<\/li>\n<li data-start=\"3558\" data-end=\"3613\"><strong data-start=\"3560\" data-end=\"3576\">Radiosystem:<\/strong> 2,4 GHz mesh, Bluetooth\u00ae (&lt;10 dBm)<\/li>\n<li data-start=\"3614\" data-end=\"3656\"><strong data-start=\"3616\" data-end=\"3634\">Radior\u00e6kkevidde:<\/strong> Cirka 10 meter indend\u00f8rs<\/li>\n<li data-start=\"3657\" data-end=\"3685\"><strong data-start=\"3659\" data-end=\"3678\">Beskyttelsesklasse:<\/strong> IP20<\/li>\n<li data-start=\"3686\" data-end=\"3711\"><strong data-start=\"3688\" data-end=\"3707\">Antal indgange:<\/strong> 2<\/li>\n<li data-start=\"3712\" data-end=\"3756\"><strong data-start=\"3714\" data-end=\"3741\">Indgangssp\u00e6ndingstype:<\/strong> AC 220-240V<\/li>\n<li data-start=\"3757\" data-end=\"3853\"><strong data-start=\"3759\" data-end=\"3784\">Monteringsmuligheder:<\/strong> Apparathusboks, v\u00e6g eller DIN-skinne (med monteringsklemme, MNT-01)<\/li>\n<\/ul>\n<h3 data-start=\"3855\" data-end=\"3899\"><strong data-start=\"3859\" data-end=\"3897\">Fordele ved Plaid mesh og EXT-01<\/strong><\/h3>\n<p data-start=\"3900\" data-end=\"4183\">Plaid mesh er en <strong data-start=\"3917\" data-end=\"3961\">selvhelbredende og skalerbar netv\u00e6rksl\u00f8sning<\/strong> hvor hver enhed kommunikerer med andre enheder for at sikre optimal tilslutning.<\/p>\n<p data-start=\"3900\" data-end=\"4183\">Ved at bruge EXT-01 kan du <strong data-start=\"4081\" data-end=\"4103\">udvide netv\u00e6rket<\/strong> og muligg\u00f8r samtidig flere kontrolmuligheder i dit smarte lyssystem.<\/p>\n<h3 data-start=\"4185\" data-end=\"4203\"><strong data-start=\"4189\" data-end=\"4201\">Konklusion<\/strong><\/h3>\n<p data-start=\"4204\" data-end=\"4544\">Plejd Extender 2xIN BAT Mesh BT (EXT-01) er en alsidig og kraftfuld enhed, der b\u00e5de <strong data-start=\"4290\" data-end=\"4357\">udvider sortimentet af Plejd mesh og fungerer som et kontrolmodul<\/strong> til andre enheder.<\/p>\n<p data-start=\"4204\" data-end=\"4544\">Med <strong data-start=\"4381\" data-end=\"4409\">integreret batteri backup<\/strong>, to indgange til trykknapper og nem installation, dette er en <strong data-start=\"4476\" data-end=\"4496\">et must-have produkt<\/strong> for alle, der \u00f8nsker at optimere deres Plejd-system.<\/p>\n<p>&nbsp;<\/p>","protected":false},"excerpt":{"rendered":"<p>Plejd Extender (EXT-01) udvider r\u00e6kkevidden af Plejd mesh og sikrer, at tidsfunktioner som astro-ur fungerer selv under str\u00f8mafbrydelser takket v\u00e6re integreret batteribackup.<\/p>\n<p>Tr\u00e5dl\u00f8s styring af Plejd enheder via trykknap, bev\u00e6gelsessensor eller roterende adapter.<\/p>\n<p>Nem installation i en samled\u00e5se eller p\u00e5 en DIN-skinne.<\/p>","protected":false},"featured_media":148043,"template":"","meta":{"_acf_changed":false},"product_brand":[],"product_cat":[4656],"product_tag":[4670],"class_list":{"0":"post-148044","1":"product","2":"type-product","3":"status-publish","4":"has-post-thumbnail","6":"product_cat-plejd-controller-extender","7":"product_tag-plejd","8":"product_shipping_class-tunga-paket","9":"pa_brands-plejd","10":"tm-has-options","12":"first","13":"instock","14":"sale","15":"taxable","16":"shipping-taxable","17":"purchasable","18":"product-type-simple"},"acf":[],"_links":{"self":[{"href":"https:\/\/secureus.se\/dk\/wp-json\/wp\/v2\/product\/148044","targetHints":{"allow":["GET"]}}],"collection":[{"href":"https:\/\/secureus.se\/dk\/wp-json\/wp\/v2\/product"}],"about":[{"href":"https:\/\/secureus.se\/dk\/wp-json\/wp\/v2\/types\/product"}],"wp:featuredmedia":[{"embeddable":true,"href":"https:\/\/secureus.se\/dk\/wp-json\/wp\/v2\/media\/148043"}],"wp:attachment":[{"href":"https:\/\/secureus.se\/dk\/wp-json\/wp\/v2\/media?parent=148044"}],"wp:term":[{"taxonomy":"product_brand","embeddable":true,"href":"https:\/\/secureus.se\/dk\/wp-json\/wp\/v2\/product_brand?post=148044"},{"taxonomy":"product_cat","embeddable":true,"href":"https:\/\/secureus.se\/dk\/wp-json\/wp\/v2\/product_cat?post=148044"},{"taxonomy":"product_tag","embeddable":true,"href":"https:\/\/secureus.se\/dk\/wp-json\/wp\/v2\/product_tag?post=148044"}],"curies":[{"name":"wp","href":"https:\/\/api.w.org\/{rel}","templated":true}]}}