{"id":148050,"date":"2025-02-25T12:22:24","date_gmt":"2025-02-25T11:22:24","guid":{"rendered":"https:\/\/secureus.se\/?post_type=product&#038;p=148050"},"modified":"2026-04-08T16:32:11","modified_gmt":"2026-04-08T14:32:11","slug":"plejd-kronrela-rel-02-16a-2-mesh-bluetooth","status":"publish","type":"product","link":"https:\/\/secureus.se\/dk\/plejd-kronrela-rel-02-16a-2-mesh-bluetooth\/","title":{"rendered":"Plejd Crown Relay REL-02 16A\/2 Mesh Bluetooth"},"content":{"rendered":"<h1 data-start=\"505\" data-end=\"567\"><strong data-start=\"509\" data-end=\"565\">Intelligent rel\u00e6styring til smarte lyssystemer<\/strong><\/h1>\n<p data-start=\"568\" data-end=\"911\">Plejd Crown Relay 16A\/2 Mesh Bluetooth (REL-02) er en <strong data-start=\"619\" data-end=\"657\">kraftfuld og fleksibel rel\u00e6afbryder<\/strong> til styring af belysning og andre elektriske belastninger.<\/p>\n<p data-start=\"568\" data-end=\"911\">Med <strong data-start=\"717\" data-end=\"746\">to separate rel\u00e6udgange<\/strong> enheden kan bruges til <strong data-start=\"776\" data-end=\"827\">bryde fase (L) til en eller to separate belastninger<\/strong>, for eksempel i en trappeforbindelse, eller til at styre to lysgrupper individuelt.<\/p>\n<p data-start=\"913\" data-end=\"1172\">De <strong data-start=\"917\" data-end=\"949\">maksimal brydekapacitet er 16A<\/strong>, hvilket g\u00f8r den perfekt til <strong data-start=\"978\" data-end=\"1015\">kr\u00e6vende lysinstallationer<\/strong>.<\/p>\n<p data-start=\"913\" data-end=\"1172\">Med st\u00f8tte til <strong data-start=\"1030\" data-end=\"1075\">nul-gennemgang detektion og afbryderbeskyttelse<\/strong> Slid p\u00e5 b\u00e5de rel\u00e6et og tilsluttede belastninger minimeres, hvilket forl\u00e6nger produktets levetid.<\/p>\n<h3 data-start=\"1174\" data-end=\"1219\"><strong data-start=\"1178\" data-end=\"1217\">Tr\u00e5dl\u00f8s kontrol og automatisering<\/strong><\/h3>\n<p data-start=\"1220\" data-end=\"1260\">Plejd REL-02 kan styres p\u00e5 flere m\u00e5der:<\/p>\n<ul data-start=\"1262\" data-end=\"1566\">\n<li data-start=\"1262\" data-end=\"1310\"><strong data-start=\"1264\" data-end=\"1279\">Plejd-appen<\/strong> \u2013 Fuld kontrol via mobil.<\/li>\n<li data-start=\"1311\" data-end=\"1369\"><strong data-start=\"1313\" data-end=\"1341\">Fjeder-retur trykknap<\/strong> \u2013 Direkte fysisk kontrol.<\/li>\n<li data-start=\"1370\" data-end=\"1450\"><strong data-start=\"1372\" data-end=\"1407\">Kontakt eller bev\u00e6gelsessensor<\/strong> \u2013 Til automatisk t\u00e6nding og slukning.<\/li>\n<li data-start=\"1451\" data-end=\"1566\"><strong data-start=\"1453\" data-end=\"1480\">Indbyggede tidsfunktioner<\/strong> \u2013 REL-02 har indbygget timer-, astro- og ugeure til automatisk lysstyring.<\/li>\n<\/ul>\n<p data-start=\"1568\" data-end=\"1748\">Den smarte <strong data-start=\"1579\" data-end=\"1601\">scenariekontrol<\/strong> g\u00f8r det nemt at justere belysningen efter behov, og enheden kan ogs\u00e5 integreres med andet <strong data-start=\"1696\" data-end=\"1715\">Plaid produkter<\/strong> for <strong data-start=\"1720\" data-end=\"1745\">tr\u00e5dl\u00f8s gruppestyring<\/strong>.<\/p>\n<h3 data-start=\"1750\" data-end=\"1814\"><strong data-start=\"1754\" data-end=\"1812\">Nem installation og alsidige monteringsmuligheder<\/strong><\/h3>\n<p data-start=\"1815\" data-end=\"1881\">REL-02 kan monteres p\u00e5 flere m\u00e5der afh\u00e6ngig af installationskrav:<\/p>\n<ul data-start=\"1883\" data-end=\"2060\">\n<li data-start=\"1883\" data-end=\"1943\"><strong data-start=\"1885\" data-end=\"1902\">I enhedsboksen<\/strong> \u2013 Perfekt til diskrete installationer.<\/li>\n<li data-start=\"1944\" data-end=\"1993\"><strong data-start=\"1946\" data-end=\"1957\">P\u00e5 v\u00e6ggen<\/strong> \u2013 Kan monteres overflademonteret.<\/li>\n<li data-start=\"1994\" data-end=\"2060\"><strong data-start=\"1996\" data-end=\"2012\">P\u00e5 DIN-skinne<\/strong> \u2013 Med monteringsclips (MNT-01, medf\u00f8lger ikke).<\/li>\n<\/ul>\n<p data-start=\"2062\" data-end=\"2171\">De <strong data-start=\"2066\" data-end=\"2101\">kompakt design (46x46x18 mm)<\/strong> Det betyder, at enheden nemt kan passe selv i trange installationsrum.<\/p>\n<h3 data-start=\"2173\" data-end=\"2213\"><strong data-start=\"2177\" data-end=\"2211\">Produktegenskaber og fordele<\/strong><\/h3>\n<ul data-start=\"2215\" data-end=\"2855\">\n<li data-start=\"2215\" data-end=\"2281\"><strong data-start=\"2217\" data-end=\"2246\">To separate rel\u00e6udgange<\/strong> \u2013 Kan styre to separate belastninger.<\/li>\n<li data-start=\"2282\" data-end=\"2368\"><strong data-start=\"2284\" data-end=\"2319\">Tr\u00e5dl\u00f8s styring via Plejd mesh<\/strong> \u2013 Integreres i det smarte lysnetv\u00e6rk.<\/li>\n<li data-start=\"2369\" data-end=\"2446\"><strong data-start=\"2371\" data-end=\"2397\">Maks effekt 3500W (16A)<\/strong> \u2013 Perfekt til st\u00f8rre belysningsinstallationer.<\/li>\n<li data-start=\"2447\" data-end=\"2533\"><strong data-start=\"2449\" data-end=\"2478\">Detektion af nul kryds<\/strong> \u2013 Beskytter tilsluttede belastninger og forl\u00e6nger levetiden.<\/li>\n<li data-start=\"2534\" data-end=\"2621\"><strong data-start=\"2536\" data-end=\"2579\">Tidsfunktioner (astro, ugeur, timer)<\/strong> \u2013 Til automatisk lysstyring.<\/li>\n<li data-start=\"2622\" data-end=\"2701\"><strong data-start=\"2624\" data-end=\"2653\">Underst\u00f8ttelse af scenariestyring<\/strong> \u2013 Problemfri integration med andre Plejd-enheder.<\/li>\n<li data-start=\"2702\" data-end=\"2779\"><strong data-start=\"2704\" data-end=\"2725\">Lav standby-effekt<\/strong> \u2013 Energieffektiv med kun <strong data-start=\"2754\" data-end=\"2762\">0,3W<\/strong> i standbytilstand.<\/li>\n<li data-start=\"2780\" data-end=\"2855\"><strong data-start=\"2782\" data-end=\"2804\">Nem installation<\/strong> \u2013 Kan monteres i en enhedsboks eller p\u00e5 en DIN-skinne.<\/li>\n<\/ul>\n<h3 data-start=\"2857\" data-end=\"2894\"><strong data-start=\"2861\" data-end=\"2892\">Installation og brug<\/strong><\/h3>\n<ol data-start=\"2895\" data-end=\"3193\">\n<li data-start=\"2895\" data-end=\"2961\"><strong data-start=\"2898\" data-end=\"2958\">Installer REL-02 i en samled\u00e5se, p\u00e5 en v\u00e6g eller DIN-skinne<\/strong>.<\/li>\n<li data-start=\"2962\" data-end=\"3043\"><strong data-start=\"2965\" data-end=\"3009\">Tilslut belastninger i henhold til installationskravene<\/strong> (en eller to separate belastninger).<\/li>\n<li data-start=\"3044\" data-end=\"3115\"><strong data-start=\"3047\" data-end=\"3084\">Konfigurer enheden i Plejd-appen<\/strong> og tilpasse indstillingerne.<\/li>\n<li data-start=\"3116\" data-end=\"3193\"><strong data-start=\"3119\" data-end=\"3190\">Begynd at styre din belysning via app&#039;en, trykknapper eller bev\u00e6gelsessensorer<\/strong>.<\/li>\n<\/ol>\n<h3 data-start=\"3195\" data-end=\"3229\"><strong data-start=\"3199\" data-end=\"3227\">Tekniske specifikationer<\/strong><\/h3>\n<ul data-start=\"3231\" data-end=\"3940\">\n<li data-start=\"3231\" data-end=\"3253\"><strong data-start=\"3233\" data-end=\"3244\">Model:<\/strong> REL-02<\/li>\n<li data-start=\"3254\" data-end=\"3286\"><strong data-start=\"3256\" data-end=\"3272\">Netsp\u00e6nding:<\/strong> 230V \/ 50Hz<\/li>\n<li data-start=\"3287\" data-end=\"3315\"><strong data-start=\"3289\" data-end=\"3307\">Standby str\u00f8m:<\/strong> 0,3W<\/li>\n<li data-start=\"3316\" data-end=\"3356\"><strong data-start=\"3318\" data-end=\"3338\">Driftstemperatur:<\/strong> -25 til +35\u00b0C<\/li>\n<li data-start=\"3357\" data-end=\"3393\"><strong data-start=\"3359\" data-end=\"3375\">Dimensioner:<\/strong> 46 x 46 x 18 mm<\/li>\n<li data-start=\"3394\" data-end=\"3424\"><strong data-start=\"3396\" data-end=\"3410\">Kabel omr\u00e5de:<\/strong> 0,5\u20134,0 mm\u00b2<\/li>\n<li data-start=\"3425\" data-end=\"3641\"><strong data-start=\"3427\" data-end=\"3443\">Brydeevne:<\/strong>\n<ul data-start=\"3448\" data-end=\"3641\">\n<li data-start=\"3448\" data-end=\"3484\"><strong data-start=\"3450\" data-end=\"3467\">Samlet effekt:<\/strong> 16A (10A + 6A)<\/li>\n<li data-start=\"3487\" data-end=\"3513\"><strong data-start=\"3489\" data-end=\"3506\">Max belastning LED:<\/strong> 800W<\/li>\n<li data-start=\"3516\" data-end=\"3556\"><strong data-start=\"3518\" data-end=\"3548\">Max belastning halogen\/gl\u00f8delampe:<\/strong> 3500W<\/li>\n<li data-start=\"3559\" data-end=\"3589\"><strong data-start=\"3561\" data-end=\"3581\">Maks belastning lysstofr\u00f8r:<\/strong> 1500W<\/li>\n<li data-start=\"3592\" data-end=\"3641\"><strong data-start=\"3594\" data-end=\"3633\">Maks. belastning elektronisk transformer:<\/strong> 1500W<\/li>\n<\/ul>\n<\/li>\n<li data-start=\"3642\" data-end=\"3725\"><strong data-start=\"3644\" data-end=\"3654\">Beskyttelse:<\/strong>\n<ul data-start=\"3659\" data-end=\"3725\">\n<li data-start=\"3659\" data-end=\"3688\">Detektion af nul kryds<\/li>\n<li data-start=\"3691\" data-end=\"3725\">Overtemperaturbeskyttelse (software)<\/li>\n<\/ul>\n<\/li>\n<li data-start=\"3726\" data-end=\"3771\"><strong data-start=\"3728\" data-end=\"3744\">Radiosystem:<\/strong> 2,4 GHz mesh, Bluetooth\u00ae<\/li>\n<li data-start=\"3772\" data-end=\"3814\"><strong data-start=\"3774\" data-end=\"3792\">Radior\u00e6kkevidde:<\/strong> Cirka 10 meter indend\u00f8rs<\/li>\n<li data-start=\"3815\" data-end=\"3843\"><strong data-start=\"3817\" data-end=\"3836\">Beskyttelsesklasse:<\/strong> IP20<\/li>\n<li data-start=\"3844\" data-end=\"3940\"><strong data-start=\"3846\" data-end=\"3871\">Monteringsmuligheder:<\/strong> Apparathusboks, v\u00e6g eller DIN-skinne (med monteringsklemme, MNT-01)<\/li>\n<\/ul>\n<h3 data-start=\"3942\" data-end=\"4008\"><strong data-start=\"3946\" data-end=\"4006\">Perfekt til smarte hjem og professionelle installationer<\/strong><\/h3>\n<p data-start=\"4009\" data-end=\"4266\">Plejd REL-02 er perfekt til <strong data-start=\"4037\" data-end=\"4090\">private hjem, kontorer, hoteller og andre ejendomme<\/strong> hvor <strong data-start=\"4095\" data-end=\"4125\">smarte belysningsl\u00f8sninger<\/strong> p\u00e5kr\u00e6vet.<\/p>\n<p data-start=\"4009\" data-end=\"4266\">Tak til <strong data-start=\"4143\" data-end=\"4164\">Plaid-mesh teknologi<\/strong> kan du <strong data-start=\"4172\" data-end=\"4197\">udvide dit netv\u00e6rk<\/strong> og sikre <strong data-start=\"4214\" data-end=\"4263\">stabil tr\u00e5dl\u00f8s kommunikation mellem enheder<\/strong>.<\/p>\n<p data-start=\"4268\" data-end=\"4447\">Uanset om du vil <strong data-start=\"4290\" data-end=\"4390\">j\u00e6vn manuel styring, automatiserede tidsfunktioner eller fuld fjernbetjening via appen<\/strong>, REL-02 tilbyder en <strong data-start=\"4411\" data-end=\"4444\">effektiv og fleksibel l\u00f8sning<\/strong>.<\/p>\n<h3 data-start=\"4449\" data-end=\"4467\"><strong data-start=\"4453\" data-end=\"4465\">Konklusion<\/strong><\/h3>\n<p data-start=\"4468\" data-end=\"4789\">Plejd Crown Relay 16A\/2 Mesh Bluetooth (REL-02) er en <strong data-start=\"4519\" data-end=\"4558\">kraftfuld og alsidig rel\u00e6afbryder<\/strong> til smarte lysinstallationer.<\/p>\n<p data-start=\"4468\" data-end=\"4789\">Med <strong data-start=\"4600\" data-end=\"4682\">to separate udgange, underst\u00f8ttelse af tr\u00e5dl\u00f8s kontrol og avancerede timing-funktioner<\/strong> er dette en <strong data-start=\"4695\" data-end=\"4786\">ideel l\u00f8sning til alle, der \u00f8nsker intelligent og energieffektiv lysstyring<\/strong>.<\/p>","protected":false},"excerpt":{"rendered":"<p>Plejd Crown-rel\u00e6 (REL-02) muligg\u00f8r omskiftning af en eller to separate belastninger op til 16A (f.eks. 10+6A).<\/p>\n<p>Styring via app, trykknap eller bev\u00e6gelsessensor. Indbyggede tidsfunktioner som astro og ugeur.<\/p>\n<p>Installeret i en enhedsboks eller p\u00e5 en DIN-skinne.<\/p>\n<p>Perfekt til fleksibel og tr\u00e5dl\u00f8s lysstyring.<\/p>","protected":false},"featured_media":148049,"template":"","meta":{"_acf_changed":false},"product_brand":[],"product_cat":[4660],"product_tag":[4670],"class_list":{"0":"post-148050","1":"product","2":"type-product","3":"status-publish","4":"has-post-thumbnail","6":"product_cat-plejd-relaer-led","7":"product_tag-plejd","8":"product_shipping_class-postnord-varubrev","9":"pa_brands-plejd","10":"tm-has-options","12":"first","13":"instock","14":"sale","15":"taxable","16":"shipping-taxable","17":"purchasable","18":"product-type-simple"},"acf":[],"_links":{"self":[{"href":"https:\/\/secureus.se\/dk\/wp-json\/wp\/v2\/product\/148050","targetHints":{"allow":["GET"]}}],"collection":[{"href":"https:\/\/secureus.se\/dk\/wp-json\/wp\/v2\/product"}],"about":[{"href":"https:\/\/secureus.se\/dk\/wp-json\/wp\/v2\/types\/product"}],"wp:featuredmedia":[{"embeddable":true,"href":"https:\/\/secureus.se\/dk\/wp-json\/wp\/v2\/media\/148049"}],"wp:attachment":[{"href":"https:\/\/secureus.se\/dk\/wp-json\/wp\/v2\/media?parent=148050"}],"wp:term":[{"taxonomy":"product_brand","embeddable":true,"href":"https:\/\/secureus.se\/dk\/wp-json\/wp\/v2\/product_brand?post=148050"},{"taxonomy":"product_cat","embeddable":true,"href":"https:\/\/secureus.se\/dk\/wp-json\/wp\/v2\/product_cat?post=148050"},{"taxonomy":"product_tag","embeddable":true,"href":"https:\/\/secureus.se\/dk\/wp-json\/wp\/v2\/product_tag?post=148050"}],"curies":[{"name":"wp","href":"https:\/\/api.w.org\/{rel}","templated":true}]}}