{"id":148052,"date":"2025-02-25T12:22:24","date_gmt":"2025-02-25T11:22:24","guid":{"rendered":"https:\/\/secureus.se\/?post_type=product&#038;p=148052"},"modified":"2026-03-26T11:06:54","modified_gmt":"2026-03-26T10:06:54","slug":"plejd-batteribackup-for-klocka","status":"publish","type":"product","link":"https:\/\/secureus.se\/dk\/plejd-batteribackup-for-klocka\/","title":{"rendered":"Plejd Batteri backup til ur"},"content":{"rendered":"<h1 data-start=\"485\" data-end=\"546\"><strong data-start=\"489\" data-end=\"544\">Sikre drift af tidsfunktioner i tilf\u00e6lde af str\u00f8mafbrydelse<\/strong><\/h1>\n<p data-start=\"547\" data-end=\"840\">Plejd Battery Backup (BAT-01) er en <strong data-start=\"582\" data-end=\"605\">n\u00f8dvendig komponent<\/strong> til alle Plejd installationer, hvor der kr\u00e6ves p\u00e5lidelige tidsfunktioner.<\/p>\n<p data-start=\"547\" data-end=\"840\">Ved at tilslutte BAT-01 til en valgfri <strong data-start=\"712\" data-end=\"726\">Plaid puck<\/strong> sikrer, at tiden fungerer, som f.eks <strong data-start=\"765\" data-end=\"787\">astro og ugeur<\/strong>, <strong data-start=\"789\" data-end=\"837\">forts\u00e6tter med at fungere selv under str\u00f8mafbrydelser<\/strong>.<\/p>\n<p data-start=\"842\" data-end=\"951\">Det er det <strong data-start=\"849\" data-end=\"872\">nem at installere<\/strong> takket v\u00e6re hans <strong data-start=\"887\" data-end=\"904\">clip funktion<\/strong>, og kr\u00e6ver <strong data-start=\"917\" data-end=\"948\">ingen separat konfiguration<\/strong>.<\/p>\n<h3 data-start=\"953\" data-end=\"1006\"><strong data-start=\"957\" data-end=\"1004\">Perfekt til Astrour og planlagt styring<\/strong><\/h3>\n<p data-start=\"1007\" data-end=\"1265\">Med BAT-01 kan du v\u00e6re sikker p\u00e5, at din <strong data-start=\"1047\" data-end=\"1104\">belysning, ventilation eller andre tidsstyrede enheder<\/strong> forts\u00e6tter med at fungere efter planen, selvom str\u00f8mmen g\u00e5r.<\/p>\n<p data-start=\"1007\" data-end=\"1265\">Dette er is\u00e6r vigtigt for installationer, hvor <strong data-start=\"1214\" data-end=\"1250\">automatiseret drift er afg\u00f8rende<\/strong>, for eksempel:<\/p>\n<ul data-start=\"1267\" data-end=\"1440\">\n<li data-start=\"1267\" data-end=\"1320\">Udend\u00f8rsbelysning styres med <strong data-start=\"1300\" data-end=\"1317\">astro funktion<\/strong>.<\/li>\n<li data-start=\"1321\" data-end=\"1372\">Kontor- og industribelysning med <strong data-start=\"1358\" data-end=\"1369\">ugeur<\/strong>.<\/li>\n<li data-start=\"1373\" data-end=\"1440\">Andre automatiserede systemer, der har brug for <strong data-start=\"1415\" data-end=\"1437\">tidssynkronisering<\/strong>.<\/li>\n<\/ul>\n<h3 data-start=\"1442\" data-end=\"1490\"><strong data-start=\"1446\" data-end=\"1488\">Lang batterilevetid og nem installation<\/strong><\/h3>\n<p data-start=\"1491\" data-end=\"1623\">BAT-01 har en <strong data-start=\"1505\" data-end=\"1537\">gangreserve p\u00e5 op til 10 \u00e5r<\/strong>, hvilket g\u00f8r det til en <strong data-start=\"1562\" data-end=\"1584\">p\u00e5lidelig l\u00f8sning<\/strong> uden behov for regelm\u00e6ssig vedligeholdelse.<\/p>\n<p data-start=\"1625\" data-end=\"1666\">Den kan monteres p\u00e5 <strong data-start=\"1645\" data-end=\"1663\">to forskellige m\u00e5der<\/strong>:<\/p>\n<ul data-start=\"1667\" data-end=\"1809\">\n<li data-start=\"1667\" data-end=\"1742\"><strong data-start=\"1669\" data-end=\"1685\">P\u00e5 DIN-skinne<\/strong> \u2013 Perfekt til el-tavler og tekniske installationer.<\/li>\n<li data-start=\"1743\" data-end=\"1809\"><strong data-start=\"1745\" data-end=\"1756\">P\u00e5 v\u00e6ggen<\/strong> \u2013 Med skruebeslag for nem og fleksibel montering.<\/li>\n<\/ul>\n<p data-start=\"1811\" data-end=\"1925\"><strong data-start=\"1811\" data-end=\"1855\">Der kr\u00e6ves kun \u00e9n BAT-01 pr. Plejd-system<\/strong>, forudsat at alle enheder har <strong data-start=\"1888\" data-end=\"1922\">tr\u00e5dl\u00f8s r\u00e6kkevidde til hinanden<\/strong>.<\/p>\n<h3 data-start=\"1927\" data-end=\"1967\"><strong data-start=\"1931\" data-end=\"1965\">Produktegenskaber og fordele<\/strong><\/h3>\n<p data-start=\"1969\" data-end=\"2509\">\u2714 <strong data-start=\"1971\" data-end=\"2019\">Sikrer tidsfunktioner i tilf\u00e6lde af str\u00f8mafbrydelse<\/strong> \u2013 Perfekt til astro-ure og ugeure.<br data-start=\"2054\" data-end=\"2057\" \/>\u2714 <strong data-start=\"2059\" data-end=\"2081\">Nem installation<\/strong> \u2013 Clip funktion for direkte tilslutning til Plejd pucke.<br data-start=\"2137\" data-end=\"2140\" \/>\u2714 <strong data-start=\"2142\" data-end=\"2160\">Lang levetid<\/strong> \u2013 Op til <strong data-start=\"2172\" data-end=\"2193\">10 \u00e5rs gangreserve<\/strong> uden behov for vedligeholdelse.<br data-start=\"2218\" data-end=\"2221\" \/>\u2714 <strong data-start=\"2223\" data-end=\"2251\">Passer til alle Plejd pucke<\/strong> \u2013 Kompatibel med 46x46x18 mm pucke.<br data-start=\"2288\" data-end=\"2291\" \/>\u2714 <strong data-start=\"2293\" data-end=\"2315\">Fleksibel montering<\/strong> \u2013 Passer <strong data-start=\"2328\" data-end=\"2358\">DIN-skinne (3 moduler bred)<\/strong> eller v\u00e6g.<br data-start=\"2370\" data-end=\"2373\" \/>\u2714 <strong data-start=\"2375\" data-end=\"2394\">Kompakt st\u00f8rrelse<\/strong> \u2013 Optager minimal plads i el-tavlen.<br data-start=\"2434\" data-end=\"2437\" \/>\u2714 <strong data-start=\"2439\" data-end=\"2457\">Energieffektiv<\/strong> \u2013 Vedligeholdelsesfri og optimeret til lang driftstid.<\/p>\n<h3 data-start=\"2511\" data-end=\"2545\"><strong data-start=\"2515\" data-end=\"2543\">Tekniske specifikationer<\/strong><\/h3>\n<ul data-start=\"2547\" data-end=\"2949\">\n<li data-start=\"2547\" data-end=\"2569\"><strong data-start=\"2549\" data-end=\"2560\">Model:<\/strong> BAT-01<\/li>\n<li data-start=\"2570\" data-end=\"2596\"><strong data-start=\"2572\" data-end=\"2587\">Batteri type:<\/strong> Lithium<\/li>\n<li data-start=\"2597\" data-end=\"2617\"><strong data-start=\"2599\" data-end=\"2612\">Sp\u00e6nding:<\/strong> 3V<\/li>\n<li data-start=\"2618\" data-end=\"2643\"><strong data-start=\"2620\" data-end=\"2634\">Kapacitet:<\/strong> 48mAh<\/li>\n<li data-start=\"2644\" data-end=\"2676\"><strong data-start=\"2646\" data-end=\"2662\">Dimensioner:<\/strong> 50x38x24 mm<\/li>\n<li data-start=\"2677\" data-end=\"2714\"><strong data-start=\"2679\" data-end=\"2702\">Bredde p\u00e5 DIN-skinne:<\/strong> 3 moduler<\/li>\n<li data-start=\"2715\" data-end=\"2796\"><strong data-start=\"2717\" data-end=\"2742\">Monteringsmuligheder:<\/strong> Clip funktion til Plejd puck, DIN skinne eller v\u00e6g<\/li>\n<li data-start=\"2797\" data-end=\"2842\"><strong data-start=\"2799\" data-end=\"2813\">Levetid:<\/strong> Op til 10 \u00e5rs gangreserve<\/li>\n<li data-start=\"2843\" data-end=\"2859\"><strong data-start=\"2845\" data-end=\"2854\">V\u00e6gt:<\/strong> 8g<\/li>\n<li data-start=\"2860\" data-end=\"2907\"><strong data-start=\"2862\" data-end=\"2878\">Velegnet til:<\/strong> Plaidpucke (46x46x18 mm)<\/li>\n<li data-start=\"2908\" data-end=\"2949\"><strong data-start=\"2910\" data-end=\"2943\">Velegnet til EX-applikationer:<\/strong> Ingen<\/li>\n<\/ul>\n<h3 data-start=\"2951\" data-end=\"2988\"><strong data-start=\"2955\" data-end=\"2986\">Installation og brug<\/strong><\/h3>\n<p data-start=\"2989\" data-end=\"3078\">Installationen af Plejd Battery Backup (BAT-01) er enkel og kr\u00e6ver ingen programmering:<\/p>\n<ol data-start=\"3080\" data-end=\"3388\">\n<li data-start=\"3080\" data-end=\"3180\"><strong data-start=\"3083\" data-end=\"3135\">Tilslut batteribackup til enhver Plejd-puck<\/strong> ved hj\u00e6lp af den indbyggede clip-funktion.<\/li>\n<li data-start=\"3181\" data-end=\"3278\"><strong data-start=\"3184\" data-end=\"3248\">Placer enheden p\u00e5 en DIN-skinne eller skru den fast p\u00e5 v\u00e6ggen<\/strong> i henhold til installationskravet.<\/li>\n<li data-start=\"3279\" data-end=\"3388\"><strong data-start=\"3282\" data-end=\"3323\">Batteribackup aktiveres automatisk<\/strong> og sikrer, at tidsfunktioner fungerer ved str\u00f8mafbrydelser.<\/li>\n<\/ol>\n<p data-start=\"3390\" data-end=\"3512\">Det er n\u00f8dvendigt <strong data-start=\"3401\" data-end=\"3438\">kun \u00e9n BAT-01 pr. Plejd-system<\/strong>, forudsat at alle enheder har <strong data-start=\"3471\" data-end=\"3496\">tr\u00e5dl\u00f8s kommunikation<\/strong> med hinanden.<\/p>\n<h3 data-start=\"3514\" data-end=\"3569\"><strong data-start=\"3518\" data-end=\"3567\">Fordele ved BAT-01 i Smart Lighting Systems<\/strong><\/h3>\n<p data-start=\"3570\" data-end=\"3762\">Plejd-systemet er baseret p\u00e5 tr\u00e5dl\u00f8s mesh-teknologi, og det kan du v\u00e6re sikker p\u00e5 ved at tilf\u00f8je BAT-01 <strong data-start=\"3673\" data-end=\"3726\">alle tidsstyrede funktioner forts\u00e6tter med at fungere<\/strong> ogs\u00e5 selvom netsp\u00e6ndingen forsvinder.<\/p>\n<p data-start=\"3764\" data-end=\"3793\">Almindelige anvendelser:<\/p>\n<ul data-start=\"3795\" data-end=\"4028\">\n<li data-start=\"3795\" data-end=\"3867\"><strong data-start=\"3797\" data-end=\"3817\">Home &amp; Smart Home<\/strong> \u2013 Sikrer at planlagt belysning virker.<\/li>\n<li data-start=\"3868\" data-end=\"3937\"><strong data-start=\"3870\" data-end=\"3890\">Kontorer &amp; Butikker<\/strong> \u2013 Bevarer lysstyringen under en str\u00f8mafbrydelse.<\/li>\n<li data-start=\"3938\" data-end=\"4028\"><strong data-start=\"3940\" data-end=\"3965\">Udend\u00f8rs installationer<\/strong> \u2013 Vedligeholder planlagt belysning for sikkerhed og sikkerhed.<\/li>\n<\/ul>\n<h3 data-start=\"4030\" data-end=\"4048\"><strong data-start=\"4034\" data-end=\"4046\">Konklusion<\/strong><\/h3>\n<p data-start=\"4049\" data-end=\"4375\">Plejd Battery Backup (BAT-01) er en <strong data-start=\"4084\" data-end=\"4115\">enkel men kraftfuld l\u00f8sning<\/strong> at sikre det <strong data-start=\"4140\" data-end=\"4216\">Astro-ur og andre tidsfunktioner forts\u00e6tter med at fungere under str\u00f8mafbrydelser<\/strong>.<\/p>\n<p data-start=\"4049\" data-end=\"4375\">Med hans <strong data-start=\"4226\" data-end=\"4285\">kompakt design, lang levetid og nem installation<\/strong> er det en <strong data-start=\"4296\" data-end=\"4339\">n\u00f8dvendig komponent i alle Plejd systemer<\/strong> hvor driftssikkerhed er en prioritet.<\/p>","protected":false},"excerpt":{"rendered":"<p>Plejd Battery Backup (BAT-01) sikrer, at tidsfunktioner som astro-ur og ugeur fungerer ved str\u00f8mafbrydelser.<\/p>\n<p>Nem montering via clip-funktion til enhver Plejd-puck. Der kr\u00e6ves kun \u00e9n enhed pr. system.<\/p>\n<p>Monteres p\u00e5 DIN-skinne eller v\u00e6g.<\/p>\n<p>Op til 10 \u00e5rs gangreserve.<\/p>","protected":false},"featured_media":148051,"template":"","meta":{"_acf_changed":false},"product_brand":[],"product_cat":[4662],"product_tag":[4670],"class_list":{"0":"post-148052","1":"product","2":"type-product","3":"status-publish","4":"has-post-thumbnail","6":"product_cat-plejd-tillbehor","7":"product_tag-plejd","8":"product_shipping_class-tunga-paket","9":"pa_brands-plejd","10":"tm-has-options","12":"first","13":"instock","14":"sale","15":"taxable","16":"shipping-taxable","17":"purchasable","18":"product-type-simple"},"acf":[],"_links":{"self":[{"href":"https:\/\/secureus.se\/dk\/wp-json\/wp\/v2\/product\/148052","targetHints":{"allow":["GET"]}}],"collection":[{"href":"https:\/\/secureus.se\/dk\/wp-json\/wp\/v2\/product"}],"about":[{"href":"https:\/\/secureus.se\/dk\/wp-json\/wp\/v2\/types\/product"}],"wp:featuredmedia":[{"embeddable":true,"href":"https:\/\/secureus.se\/dk\/wp-json\/wp\/v2\/media\/148051"}],"wp:attachment":[{"href":"https:\/\/secureus.se\/dk\/wp-json\/wp\/v2\/media?parent=148052"}],"wp:term":[{"taxonomy":"product_brand","embeddable":true,"href":"https:\/\/secureus.se\/dk\/wp-json\/wp\/v2\/product_brand?post=148052"},{"taxonomy":"product_cat","embeddable":true,"href":"https:\/\/secureus.se\/dk\/wp-json\/wp\/v2\/product_cat?post=148052"},{"taxonomy":"product_tag","embeddable":true,"href":"https:\/\/secureus.se\/dk\/wp-json\/wp\/v2\/product_tag?post=148052"}],"curies":[{"name":"wp","href":"https:\/\/api.w.org\/{rel}","templated":true}]}}