{"id":148108,"date":"2025-02-19T16:37:19","date_gmt":"2025-02-19T15:37:19","guid":{"rendered":"https:\/\/secureus.se\/?post_type=product&#038;p=148108"},"modified":"2026-04-08T17:00:04","modified_gmt":"2026-04-08T15:00:04","slug":"magicard-mb600ko-black-monochrome-ribbon-600-prints","status":"publish","type":"product","link":"https:\/\/secureus.se\/dk\/magicard-mb600ko-black-monochrome-ribbon-600-prints\/","title":{"rendered":"F\u00e4rgband Magicard &#8211;\n  MB600KO, svart monokrom (600 utskrifter)"},"content":{"rendered":"<h1>F\u00e4rgband<br \/>\n  Magicard &#8211; MB600KO, svart monokrom (600 utskrifter)<\/h1>\n<p>F\u00e4rgband Magicard &#8211; MB600KO, svart monokrom (600 utskrifter) \u00e4r<br \/>\n  ett KO-band med svart panel och skyddande overlay. Det \u00e4r ett bra val n\u00e4r du<br \/>\n  beh\u00f6ver tydlig text, streckkoder och extra skydd p\u00e5 kortets yta.<\/p>\n<p>Passar bra f\u00f6r ID-kort, passerkort, medlemskort och andra<br \/>\n  plastkort d\u00e4r h\u00f6g utskriftskvalitet och tillf\u00f6rlitlighet \u00e4r<br \/>\n  viktigt.<\/p>\n<ul>\n<li>Kapacitet: upp till 600 utskrifter<\/li>\n<li>Bandtyp: KO<\/li>\n<li>Artikelnummer: MB600KO<\/li>\n<\/ul>\n<p><strong>Kompatibel med Magicard<br \/>\n  600.<\/strong><\/p>\n<p><strong>Produktv\u00e6gt:<\/strong> 0,20 kg<\/p>","protected":false},"excerpt":{"rendered":"<p>F\u00e4rgband Magicard &#8211; MB600KO, svart monokrom (600 utskrifter) F\u00e4rgband Magicard &#8211; MB600KO, svart monokrom (600 utskrifter) \u00e4r ett KO-band med svart panel och skyddande overlay. Det \u00e4r ett bra val<\/p>","protected":false},"featured_media":148107,"template":"","meta":{"_acf_changed":false},"product_brand":[],"product_cat":[3216,4830],"product_tag":[4863],"class_list":{"0":"post-148108","1":"product","2":"type-product","3":"status-publish","4":"has-post-thumbnail","6":"product_cat-magicard-fargband-retransfer","7":"product_cat-magicard-600-band","8":"product_tag-pf","9":"product_shipping_class-postnord-varubrev","10":"pa_brands-magicard","11":"tm-has-options","13":"first","14":"instock","15":"sale","16":"taxable","17":"shipping-taxable","18":"purchasable","19":"product-type-simple"},"acf":[],"_links":{"self":[{"href":"https:\/\/secureus.se\/dk\/wp-json\/wp\/v2\/product\/148108","targetHints":{"allow":["GET"]}}],"collection":[{"href":"https:\/\/secureus.se\/dk\/wp-json\/wp\/v2\/product"}],"about":[{"href":"https:\/\/secureus.se\/dk\/wp-json\/wp\/v2\/types\/product"}],"wp:featuredmedia":[{"embeddable":true,"href":"https:\/\/secureus.se\/dk\/wp-json\/wp\/v2\/media\/148107"}],"wp:attachment":[{"href":"https:\/\/secureus.se\/dk\/wp-json\/wp\/v2\/media?parent=148108"}],"wp:term":[{"taxonomy":"product_brand","embeddable":true,"href":"https:\/\/secureus.se\/dk\/wp-json\/wp\/v2\/product_brand?post=148108"},{"taxonomy":"product_cat","embeddable":true,"href":"https:\/\/secureus.se\/dk\/wp-json\/wp\/v2\/product_cat?post=148108"},{"taxonomy":"product_tag","embeddable":true,"href":"https:\/\/secureus.se\/dk\/wp-json\/wp\/v2\/product_tag?post=148108"}],"curies":[{"name":"wp","href":"https:\/\/api.w.org\/{rel}","templated":true}]}}