{"id":148311,"date":"2025-02-28T12:32:05","date_gmt":"2025-02-28T11:32:05","guid":{"rendered":"https:\/\/secureus.se\/seagate-st8000vx010-35-skyhawk-8tb-harddisk-sata-6gb-s\/"},"modified":"2025-12-31T21:44:00","modified_gmt":"2025-12-31T20:44:00","slug":"seagate-st8000vx010-35-skyhawk-8tb-harddisk-sata-6gb-s","status":"publish","type":"product","link":"https:\/\/secureus.se\/dk\/seagate-st8000vx010-35-skyhawk-8tb-harddisk-sata-6gb-s\/","title":{"rendered":"Seagate ST8000VX010 3,5&quot; SkyHawk 8TB harddisk, SATA 6GB\/s"},"content":{"rendered":"<div class=\"headernamehrnone\">\n<p><b>Smart. Sikker. Sikker. | Specialiseret opbevaring til overv\u00e5gning<\/b>SkyHawk\u2122 drager fordel af Seagates omfattende erfaring med at designe harddiske, der er specialbygget til overv\u00e5gningsapplikationer.<\/p>\n<p><b>Vigtigste fordele:<\/b><\/p>\n<ul>\n<li><b>ImagePerfect\u2122 firmware<\/b>\u00a0er designet til at sikre problemfri videooptagelse i 24\u00d77 overv\u00e5gningsarbejdsbelastninger, der optager video fra 64 HD-kameraer.<\/li>\n<li><b>SkyHawk Health Management<\/b>\u00a0hj\u00e6lper aktivt med at beskytte dit overv\u00e5gningslager ved at fokusere p\u00e5 muligheder for forebyggelse, intervention og genopretning. RAID RapidRebuild\u2122 er inkluderet, hvilket giver 3x hurtigere volumengenopbygning sammenlignet med traditionel RAID-genopbygning.<\/li>\n<li><b>Databeskyttelse uden sidestykke<\/b>\u00a0med en valgfri 2-\u00e5rig Rescue Data Recovery Services-plan, som giver adgang til Seagates sikre laboratorier med branchef\u00f8rende datagendannelsessucces.<\/li>\n<li><b>Indbyggede RV sensorer<\/b>\u00a0g\u00f8r det muligt for drevene at opretholde ydeevnen i multi-bay-systemer, hvilket giver kunderne fleksibiliteten til at skalere deres systemer, n\u00e5r der er behov for mere lagerplads.<\/li>\n<li><b>ATA streaming support<\/b>\u00a0muligg\u00f8r optagelser fra op til 64 HD-kameraer for j\u00e6vn, uafbrudt optagelse.<\/li>\n<li><b>1M timers MTBF, 3 \u00e5rs begr\u00e6nset garanti<\/b>\u00a0betyder en forbedret total cost of ownership (TCO) med reducerede vedligeholdelsesomkostninger.<\/li>\n<li>L<b>lavere str\u00f8mforbrug<\/b>\u00a0betyder en reduktion i varmeemissioner, hvilket forbedrer p\u00e5lideligheden af overv\u00e5gningsl\u00f8sninger. Pletbestandige komponenter beskytter drevet mod milj\u00f8faktorer, hvilket \u00f8ger p\u00e5lideligheden i marken.<\/li>\n<\/ul>\n<\/div>\n<div class=\"row headername\">\n<div class=\"item-header rd-hyg-item-header\"><strong>Hovedkarakteristika<\/strong><\/div>\n<div class=\"row\">\n<ul>\n<li>Netv\u00e6rksvideooptager (NVR)<\/li>\n<li>DVR videooptagelsesenheder<\/li>\n<li>ImagePerfect\u2122 firmware<\/li>\n<li>SkyHawk Health Management<\/li>\n<li>Databeskyttelse uden sidestykke<\/li>\n<li>1M timers MTBF, 3 \u00e5rs begr\u00e6nset garanti<\/li>\n<\/ul>\n<\/div>\n<\/div>","protected":false},"excerpt":{"rendered":"<p><strong>Seagate SkyHawk ST8000VX010 \u2013 8TB 3,5&quot; SATA-harddisk<\/strong><\/p>\n<p>SkyHawk er designet til videosystemer, ideel til DVR- og NVR-systemer. Med ImagePerfect-teknologi og SkyHawk Health Management sikrer det p\u00e5lidelig og kontinuerlig videooptagelse. Den tilbyder hurtig dataoverf\u00f8rsel med 6 Gbit\/s og har en bufferst\u00f8rrelse p\u00e5 256 MB. Inkluderer tre \u00e5rs Seagate Rescue Data Recovery for ekstra databeskyttelse.<\/p>","protected":false},"featured_media":148310,"template":"","meta":{"_acf_changed":false},"product_brand":[],"product_cat":[3261],"product_tag":[],"class_list":{"0":"post-148311","1":"product","2":"type-product","3":"status-publish","4":"has-post-thumbnail","6":"product_cat-hdd-harddisk-3-5","7":"product_shipping_class-tunga-paket","8":"pa_brands-seagate","9":"tm-no-options","11":"first","12":"outofstock","13":"sale","14":"taxable","15":"shipping-taxable","16":"purchasable","17":"product-type-simple"},"acf":[],"_links":{"self":[{"href":"https:\/\/secureus.se\/dk\/wp-json\/wp\/v2\/product\/148311","targetHints":{"allow":["GET"]}}],"collection":[{"href":"https:\/\/secureus.se\/dk\/wp-json\/wp\/v2\/product"}],"about":[{"href":"https:\/\/secureus.se\/dk\/wp-json\/wp\/v2\/types\/product"}],"wp:featuredmedia":[{"embeddable":true,"href":"https:\/\/secureus.se\/dk\/wp-json\/wp\/v2\/media\/148310"}],"wp:attachment":[{"href":"https:\/\/secureus.se\/dk\/wp-json\/wp\/v2\/media?parent=148311"}],"wp:term":[{"taxonomy":"product_brand","embeddable":true,"href":"https:\/\/secureus.se\/dk\/wp-json\/wp\/v2\/product_brand?post=148311"},{"taxonomy":"product_cat","embeddable":true,"href":"https:\/\/secureus.se\/dk\/wp-json\/wp\/v2\/product_cat?post=148311"},{"taxonomy":"product_tag","embeddable":true,"href":"https:\/\/secureus.se\/dk\/wp-json\/wp\/v2\/product_tag?post=148311"}],"curies":[{"name":"wp","href":"https:\/\/api.w.org\/{rel}","templated":true}]}}