{"id":148595,"date":"2025-03-10T11:52:35","date_gmt":"2025-03-10T10:52:35","guid":{"rendered":"https:\/\/secureus.se\/armbagskontakt-sparkfunktion-jck128\/"},"modified":"2026-04-16T16:21:12","modified_gmt":"2026-04-16T14:21:12","slug":"armbagskontakt-sparkfunktion-jck128","status":"publish","type":"product","link":"https:\/\/secureus.se\/dk\/armbagskontakt-sparkfunktion-jck128\/","title":{"rendered":"Albuekontakt \u2013 Sparkefunktion \u2013 JCK128"},"content":{"rendered":"<h1>Albuekontakt \u2013 Sparkefunktion \u2013 JCK128<\/h1>\n<section>Kombinerad armb\u00e5gskontakt\/sparkkontakt.L\u00e5ng modell som \u00e4r tillverkad i aluminium, med svarteloxerad tryckyta upptill och gr\u00e5 sparkyta i botten.<\/p>\n<p>JCK128 tilh\u00f8rer en serie af albueforbindelser, der er kombineret med et sparkestik i bunden.<\/p>\n<p>Modellerne er specielt udviklet til at facilitere f.eks. hospitalspersonale for hurtigt og nemt at kunne \u00e5bne d\u00f8re med f.eks. sengen, albuen, hoften eller foden.<\/p>\n<\/section>\n<section>\n<h4>Teknisk specifikation<\/h4>\n<ul>\n<li>Fremstillet i Sverige.<\/li>\n<li>Materiale: Alu.6060-T6, POM Plast (Acetal plast).<\/li>\n<li>M\u00e5l standardversion l\/b\/h: 1200x80x28 mm.<\/li>\n<li>Mikrokontakter: Standard 8 stk NR. IP67.<\/li>\n<\/ul>\n<\/section>\n<section>\n<h4>Tilbeh\u00f8r og muligheder<\/h4>\n<ul>\n<li>Styreenhed med to udgange og forsinket signal p\u00e5 \u00e9n udgang.<\/li>\n<\/ul>\n<\/section>","protected":false},"excerpt":{"rendered":"<p>Produktm\u00e5l: 1200 x 80 x 28 mm.<\/p>\n<p>Langt albuestik i sort anodiseret aluminium med sparkefunktion\/sparkstik i bunden i gr\u00e5.<\/p>","protected":false},"featured_media":148593,"template":"","meta":{"_acf_changed":false},"product_brand":[],"product_cat":[1422,4706],"product_tag":[],"class_list":{"0":"post-148595","1":"product","2":"type-product","3":"status-publish","4":"has-post-thumbnail","6":"product_cat-armbagskontakter-dorrautomatik","7":"product_cat-metall","8":"product_shipping_class-tunga-paket","9":"pa_brands-jc-kontakter","10":"tm-no-options","12":"first","13":"instock","14":"sale","15":"taxable","16":"shipping-taxable","17":"purchasable","18":"product-type-simple"},"acf":[],"_links":{"self":[{"href":"https:\/\/secureus.se\/dk\/wp-json\/wp\/v2\/product\/148595","targetHints":{"allow":["GET"]}}],"collection":[{"href":"https:\/\/secureus.se\/dk\/wp-json\/wp\/v2\/product"}],"about":[{"href":"https:\/\/secureus.se\/dk\/wp-json\/wp\/v2\/types\/product"}],"wp:featuredmedia":[{"embeddable":true,"href":"https:\/\/secureus.se\/dk\/wp-json\/wp\/v2\/media\/148593"}],"wp:attachment":[{"href":"https:\/\/secureus.se\/dk\/wp-json\/wp\/v2\/media?parent=148595"}],"wp:term":[{"taxonomy":"product_brand","embeddable":true,"href":"https:\/\/secureus.se\/dk\/wp-json\/wp\/v2\/product_brand?post=148595"},{"taxonomy":"product_cat","embeddable":true,"href":"https:\/\/secureus.se\/dk\/wp-json\/wp\/v2\/product_cat?post=148595"},{"taxonomy":"product_tag","embeddable":true,"href":"https:\/\/secureus.se\/dk\/wp-json\/wp\/v2\/product_tag?post=148595"}],"curies":[{"name":"wp","href":"https:\/\/api.w.org\/{rel}","templated":true}]}}