{"id":148604,"date":"2025-03-10T11:35:00","date_gmt":"2025-03-10T10:35:00","guid":{"rendered":"https:\/\/secureus.se\/armbagskontakt-aluminium-jck227\/"},"modified":"2026-04-16T16:29:55","modified_gmt":"2026-04-16T14:29:55","slug":"armbagskontakt-aluminium-jck227","status":"publish","type":"product","link":"https:\/\/secureus.se\/dk\/armbagskontakt-aluminium-jck227\/","title":{"rendered":"Albuestik \u2013 Aluminium \u2013 JCK227"},"content":{"rendered":"<h1>Albuestik \u2013 Aluminium \u2013 JCK227<\/h1>\n<p>JCK227 tilh\u00f8rer en serie af albueforbindelser med dobbelte trykflader, der g\u00f8r det muligt at forbinde f.eks. en ekstra d\u00f8r eller l\u00e5s.<\/p>\n<p>JCK227 er lavet af s\u00f8lv anodiseret aluminium med sorte endestykker.<\/p>\n<p>Begge trykflader er designet med fire taktile riller og fungerer som yderligere vejledning for personer med synshandicap.<\/p>\n<p>Du kan nemt m\u00e6rke, hvor du skal trykke for at aktivere d\u00f8r\u00e5bning.<\/p>\n<h4>Teknisk specifikation<\/h4>\n<ul>\n<li>Fremstillet i Sverige.<\/li>\n<li>Materiale: Alu.6060-T6, POM Plast (Acetal plast).<\/li>\n<li>M\u00e5l standardversion l\/b\/h: 311x80x23 mm.<\/li>\n<li>Mikroswitch: 1 NO + 1 NO\/NC. IP67.<\/li>\n<\/ul>","protected":false},"excerpt":{"rendered":"<p>Produktm\u00e5l: 311 x 80 x 23 mm.<\/p>\n<p>Albuestik i s\u00f8lv anodiseret aluminium med sorte endestykker.<\/p>\n<p>Dobbelt trykflader med taktile riller.<\/p>","protected":false},"featured_media":148602,"template":"","meta":{"_acf_changed":false},"product_brand":[],"product_cat":[1422,4706],"product_tag":[],"class_list":{"0":"post-148604","1":"product","2":"type-product","3":"status-publish","4":"has-post-thumbnail","6":"product_cat-armbagskontakter-dorrautomatik","7":"product_cat-metall","8":"product_shipping_class-tunga-paket","9":"pa_brands-jc-kontakter","10":"tm-has-options","12":"first","13":"instock","14":"sale","15":"taxable","16":"shipping-taxable","17":"purchasable","18":"product-type-simple"},"acf":[],"_links":{"self":[{"href":"https:\/\/secureus.se\/dk\/wp-json\/wp\/v2\/product\/148604","targetHints":{"allow":["GET"]}}],"collection":[{"href":"https:\/\/secureus.se\/dk\/wp-json\/wp\/v2\/product"}],"about":[{"href":"https:\/\/secureus.se\/dk\/wp-json\/wp\/v2\/types\/product"}],"wp:featuredmedia":[{"embeddable":true,"href":"https:\/\/secureus.se\/dk\/wp-json\/wp\/v2\/media\/148602"}],"wp:attachment":[{"href":"https:\/\/secureus.se\/dk\/wp-json\/wp\/v2\/media?parent=148604"}],"wp:term":[{"taxonomy":"product_brand","embeddable":true,"href":"https:\/\/secureus.se\/dk\/wp-json\/wp\/v2\/product_brand?post=148604"},{"taxonomy":"product_cat","embeddable":true,"href":"https:\/\/secureus.se\/dk\/wp-json\/wp\/v2\/product_cat?post=148604"},{"taxonomy":"product_tag","embeddable":true,"href":"https:\/\/secureus.se\/dk\/wp-json\/wp\/v2\/product_tag?post=148604"}],"curies":[{"name":"wp","href":"https:\/\/api.w.org\/{rel}","templated":true}]}}