{"id":148613,"date":"2025-03-10T11:16:40","date_gmt":"2025-03-10T10:16:40","guid":{"rendered":"https:\/\/secureus.se\/armbagskontakt-aluminium-jck207-600-mm\/"},"modified":"2026-04-16T16:33:44","modified_gmt":"2026-04-16T14:33:44","slug":"armbagskontakt-aluminium-jck207-600-mm","status":"publish","type":"product","link":"https:\/\/secureus.se\/dk\/armbagskontakt-aluminium-jck207-600-mm\/","title":{"rendered":"Albuestik \u2013 Aluminium \u2013 JCK207 600 mm"},"content":{"rendered":"<section>\n<section>\n<h1>Albuestik \u2013 Aluminium \u2013 JCK207 600 mm<\/h1>\n<p>JCK207 tilh\u00f8rer en serie af albuekontakter, der har en flad trykflade med fire taktile riller i.<\/p>\n<p>Rillerne tjener som yderligere vejledning for personer med synshandicap.<\/p>\n<p>Du kan nemt m\u00e6rke, hvor du skal trykke for at aktivere d\u00f8r\u00e5bning.<\/p>\n<p>JCK207 er lavet af s\u00f8lv anodiseret aluminium og har m\u00f8rkegr\u00e5 endestykker.<\/p>\n<p>Den leveres med 1 mikroswitch i IP67, men kan ogs\u00e5 bestilles med flere.<\/p>\n<\/section>\n<section>\n<h4>Teknisk specifikation<\/h4>\n<ul>\n<li>Fremstillet i Sverige.<\/li>\n<li>Materiale: Alu.6060-T6, POM Plast (Acetal plast).<\/li>\n<li>M\u00e5l standardversion l\/b\/h: 600x80x23 mm.<\/li>\n<li>Mikroswitch: Standard 1 stk NO IP67. Kan bestilles med 2, samt med NO\/NC.<\/li>\n<\/ul>\n<\/section>\n<\/section>","protected":false},"excerpt":{"rendered":"<p>Produktm\u00e5l: 600 x 80 x 23 mm.<\/p>\n<p>Albuestik i s\u00f8lv anodiseret aluminium med m\u00f8rkegr\u00e5 endestykker.<\/p>\n<p>Flad trykplade med taktile riller.<\/p>","protected":false},"featured_media":148612,"template":"","meta":{"_acf_changed":false},"product_brand":[],"product_cat":[1422,4706],"product_tag":[],"class_list":{"0":"post-148613","1":"product","2":"type-product","3":"status-publish","4":"has-post-thumbnail","6":"product_cat-armbagskontakter-dorrautomatik","7":"product_cat-metall","8":"product_shipping_class-tunga-paket","9":"pa_brands-jc-kontakter","10":"tm-has-options","12":"first","13":"instock","14":"sale","15":"taxable","16":"shipping-taxable","17":"purchasable","18":"product-type-simple"},"acf":[],"_links":{"self":[{"href":"https:\/\/secureus.se\/dk\/wp-json\/wp\/v2\/product\/148613","targetHints":{"allow":["GET"]}}],"collection":[{"href":"https:\/\/secureus.se\/dk\/wp-json\/wp\/v2\/product"}],"about":[{"href":"https:\/\/secureus.se\/dk\/wp-json\/wp\/v2\/types\/product"}],"wp:featuredmedia":[{"embeddable":true,"href":"https:\/\/secureus.se\/dk\/wp-json\/wp\/v2\/media\/148612"}],"wp:attachment":[{"href":"https:\/\/secureus.se\/dk\/wp-json\/wp\/v2\/media?parent=148613"}],"wp:term":[{"taxonomy":"product_brand","embeddable":true,"href":"https:\/\/secureus.se\/dk\/wp-json\/wp\/v2\/product_brand?post=148613"},{"taxonomy":"product_cat","embeddable":true,"href":"https:\/\/secureus.se\/dk\/wp-json\/wp\/v2\/product_cat?post=148613"},{"taxonomy":"product_tag","embeddable":true,"href":"https:\/\/secureus.se\/dk\/wp-json\/wp\/v2\/product_tag?post=148613"}],"curies":[{"name":"wp","href":"https:\/\/api.w.org\/{rel}","templated":true}]}}