{"id":148623,"date":"2025-03-04T15:26:28","date_gmt":"2025-03-04T14:26:28","guid":{"rendered":"https:\/\/secureus.se\/armbagskontakt-beroringsfri-jck201\/"},"modified":"2025-12-31T21:44:22","modified_gmt":"2025-12-31T20:44:22","slug":"armbagskontakt-beroringsfri-jck201","status":"publish","type":"product","link":"https:\/\/secureus.se\/dk\/armbagskontakt-beroringsfri-jck201\/","title":{"rendered":"Albuekontakt \u2013 Kontaktl\u00f8s \u2013 JCK201"},"content":{"rendered":"<h1>Albuekontakt \u2013 Kontaktl\u00f8s \u2013 JCK201<\/h1>\n<section>JCK201 er en model med indbygget IR-sensor, som muligg\u00f8r ber\u00f8ringsfri betjening. IR-sensoren reagerer p\u00e5 lys\u00e6ndringer, hvilket betyder, at du kan aktivere d\u00f8r\u00e5bningen ved blot at flytte h\u00e5nden foran kontakten.<\/p>\n<p>Denne form for albuekontakt er s\u00e6rligt velegnet i milj\u00f8er, hvor man \u00f8nsker at begr\u00e6nse spredningen af bakterier, s\u00e5som skoler, hospitaler og andre offentlige bygninger.<\/p>\n<p>Modellen er ogs\u00e5 udstyret med LED-lys, der hj\u00e6lper med at vise den aktuelle status - gr\u00f8n for standby og bl\u00e5, n\u00e5r den er aktiveret.<\/p>\n<p>JCK201 kommer med to rel\u00e6er og en dipswitch, som giver mulighed for en r\u00e6kke forskellige installationsmuligheder.<\/p>\n<\/section>\n<section>\n<h4>Teknisk specifikation<\/h4>\n<ul>\n<li>Fremstillet i Sverige.<\/li>\n<li>Materiale: Alu.6060-T6, POM Plast (Acetal plast).<\/li>\n<li>M\u00e5l l\/b\/h: 245 x 80 x 26mm.<\/li>\n<li>IR sensor.<\/li>\n<li>LED lys.<\/li>\n<li>Kontrolenhed med dip switch.<\/li>\n<li>To rel\u00e6er.<\/li>\n<\/ul>\n<\/section>\n<p>&nbsp;<\/p>","protected":false},"excerpt":{"rendered":"<p>Produktm\u00e5l: 245 x 80 x 26 mm.<\/p>\n<p>Albuestik i aluminium med indbygget IR-sensor for ber\u00f8ringsfri betjening.<\/p>\n<p>LED-lys, der indikerer standby og aktiveringstilstand.<\/p>","protected":false},"featured_media":148621,"template":"","meta":{"_acf_changed":false},"product_brand":[],"product_cat":[1422,4706],"product_tag":[],"class_list":{"0":"post-148623","1":"product","2":"type-product","3":"status-publish","4":"has-post-thumbnail","6":"product_cat-armbagskontakter-dorrautomatik","7":"product_cat-metall","8":"product_shipping_class-tunga-paket","9":"pa_brands-jc-kontakter","10":"tm-no-options","12":"first","13":"instock","14":"sale","15":"taxable","16":"shipping-taxable","17":"purchasable","18":"product-type-simple"},"acf":[],"_links":{"self":[{"href":"https:\/\/secureus.se\/dk\/wp-json\/wp\/v2\/product\/148623","targetHints":{"allow":["GET"]}}],"collection":[{"href":"https:\/\/secureus.se\/dk\/wp-json\/wp\/v2\/product"}],"about":[{"href":"https:\/\/secureus.se\/dk\/wp-json\/wp\/v2\/types\/product"}],"wp:featuredmedia":[{"embeddable":true,"href":"https:\/\/secureus.se\/dk\/wp-json\/wp\/v2\/media\/148621"}],"wp:attachment":[{"href":"https:\/\/secureus.se\/dk\/wp-json\/wp\/v2\/media?parent=148623"}],"wp:term":[{"taxonomy":"product_brand","embeddable":true,"href":"https:\/\/secureus.se\/dk\/wp-json\/wp\/v2\/product_brand?post=148623"},{"taxonomy":"product_cat","embeddable":true,"href":"https:\/\/secureus.se\/dk\/wp-json\/wp\/v2\/product_cat?post=148623"},{"taxonomy":"product_tag","embeddable":true,"href":"https:\/\/secureus.se\/dk\/wp-json\/wp\/v2\/product_tag?post=148623"}],"curies":[{"name":"wp","href":"https:\/\/api.w.org\/{rel}","templated":true}]}}