{"id":148661,"date":"2025-03-04T16:48:14","date_gmt":"2025-03-04T15:48:14","guid":{"rendered":"https:\/\/secureus.se\/armbagskontakt-aluminium-jck118-850-mm\/"},"modified":"2026-04-16T16:40:22","modified_gmt":"2026-04-16T14:40:22","slug":"armbagskontakt-aluminium-jck118-850-mm","status":"publish","type":"product","link":"https:\/\/secureus.se\/dk\/armbagskontakt-aluminium-jck118-850-mm\/","title":{"rendered":"Albuestik \u2013 Aluminium \u2013 JCK118 850 mm"},"content":{"rendered":"<h1 class=\"product_title entry-title elementor-heading-title elementor-size-default\">Albuestik \u2013 Aluminium \u2013 JCK118 850 mm<\/h1>\n<p>JCK118 er et robust albuestik i aluminium.<\/p>\n<p>Modellen har en konkav sort trykplade med kontrasterende hvide endestykker og er s\u00e6rdeles velegnet til montering i kr\u00e6vende milj\u00f8er.<\/p>\n<p>JCK118 leveres med 1 mikroswitch i IP67, men kan ogs\u00e5 bestilles med flere.<\/p>\n<section>\n<h3>Teknisk specifikation<\/h3>\n<ul>\n<li>Fremstillet i Sverige.<\/li>\n<li>Materiale: Alu.6060-T6, POM Plast (Acetal plast).<\/li>\n<li>M\u00e5l standardversion l\/b\/h: 850x80x28 mm.<\/li>\n<li>Mikroswitch: NO IP Klasse 67. Standard 1 NO, kan bestilles med 2 mikroswitches og med NO\/NC skiftende mikroswitch.<\/li>\n<\/ul>\n<\/section>","protected":false},"excerpt":{"rendered":"<p>St\u00f8rrelse: 850 x 80 x 28 mm.<\/p>\n<p>Albuestik med konkav trykplade i sort anodiseret aluminium og hvide endestykker.<\/p>","protected":false},"featured_media":148659,"template":"","meta":{"_acf_changed":false},"product_brand":[],"product_cat":[1422,4706],"product_tag":[],"class_list":{"0":"post-148661","1":"product","2":"type-product","3":"status-publish","4":"has-post-thumbnail","6":"product_cat-armbagskontakter-dorrautomatik","7":"product_cat-metall","8":"product_shipping_class-tunga-paket","9":"pa_brands-jc-kontakter","10":"tm-no-options","12":"first","13":"instock","14":"sale","15":"taxable","16":"shipping-taxable","17":"purchasable","18":"product-type-simple"},"acf":[],"_links":{"self":[{"href":"https:\/\/secureus.se\/dk\/wp-json\/wp\/v2\/product\/148661","targetHints":{"allow":["GET"]}}],"collection":[{"href":"https:\/\/secureus.se\/dk\/wp-json\/wp\/v2\/product"}],"about":[{"href":"https:\/\/secureus.se\/dk\/wp-json\/wp\/v2\/types\/product"}],"wp:featuredmedia":[{"embeddable":true,"href":"https:\/\/secureus.se\/dk\/wp-json\/wp\/v2\/media\/148659"}],"wp:attachment":[{"href":"https:\/\/secureus.se\/dk\/wp-json\/wp\/v2\/media?parent=148661"}],"wp:term":[{"taxonomy":"product_brand","embeddable":true,"href":"https:\/\/secureus.se\/dk\/wp-json\/wp\/v2\/product_brand?post=148661"},{"taxonomy":"product_cat","embeddable":true,"href":"https:\/\/secureus.se\/dk\/wp-json\/wp\/v2\/product_cat?post=148661"},{"taxonomy":"product_tag","embeddable":true,"href":"https:\/\/secureus.se\/dk\/wp-json\/wp\/v2\/product_tag?post=148661"}],"curies":[{"name":"wp","href":"https:\/\/api.w.org\/{rel}","templated":true}]}}