{"id":148669,"date":"2025-03-04T16:31:44","date_gmt":"2025-03-04T15:31:44","guid":{"rendered":"https:\/\/secureus.se\/armbagskontakt-50mm-alu-jck265\/"},"modified":"2026-04-16T16:49:17","modified_gmt":"2026-04-16T14:49:17","slug":"armbagskontakt-50mm-alu-jck265","status":"publish","type":"product","link":"https:\/\/secureus.se\/dk\/armbagskontakt-50mm-alu-jck265\/","title":{"rendered":"Albuestik \u2013 50 mm \u2013 Alu \u2013 JCK265"},"content":{"rendered":"<h1 class=\"product_title entry-title elementor-heading-title elementor-size-default\">Albuestik \u2013 50 mm \u2013 Alu \u2013 JCK265<\/h1>\n<p>JCK265 er specielt udviklet til montering p\u00e5 glaspartier med 50 mm profilsystemer.<\/p>\n<p>Modellen er ogs\u00e5 velegnet til installation i andre milj\u00f8er, hvor pladsen er begr\u00e6nset.<\/p>\n<p>JCK265 er udstyret med dobbelttryksflader og fremstillet i sort anodiseret aluminium med hvide endestykker.<\/p>\n<p>Vores albuekontakter med dobbelttryksflader er udviklet til milj\u00f8er med dobbelte svingd\u00f8re og muligg\u00f8r separat styring af hver d\u00f8r.<\/p>\n<p>Dette reducerer koldt tr\u00e6k og tr\u00e6k og sparer samtidig energi, da begge d\u00f8re ikke skal \u00e5bnes ved hver passage.<\/p>\n<p>Funktionen er ogs\u00e5 praktisk i rum med to separate indgange til samme rum.<\/p>\n<h4>Teknisk specifikation<\/h4>\n<ul>\n<li>Fremstillet i Sverige.<\/li>\n<li>Materiale: Alu.6060-T6, POM Plast (Acetal plast).<\/li>\n<li>M\u00e5l standardversion l\/b\/h: 311x50x23 mm.<\/li>\n<li>Mikrokontakter: 2 stk IP67. 1 NO\/NC (lille trykomr\u00e5de), 1 NO (stort trykomr\u00e5de).<\/li>\n<\/ul>\n<p>&nbsp;<\/p>","protected":false},"excerpt":{"rendered":"<p>Produktm\u00e5l: 311 x 50 x 23 mm.<\/p>\n<p>Albuestik i sort anodiseret aluminium med hvide endestykker.<\/p>\n<p>Slank model med dobbelte trykflader.<\/p>","protected":false},"featured_media":148668,"template":"","meta":{"_acf_changed":false},"product_brand":[],"product_cat":[1422,4706],"product_tag":[],"class_list":{"0":"post-148669","1":"product","2":"type-product","3":"status-publish","4":"has-post-thumbnail","6":"product_cat-armbagskontakter-dorrautomatik","7":"product_cat-metall","8":"product_shipping_class-tunga-paket","9":"pa_brands-jc-kontakter","10":"tm-has-options","12":"first","13":"instock","14":"sale","15":"taxable","16":"shipping-taxable","17":"purchasable","18":"product-type-simple"},"acf":[],"_links":{"self":[{"href":"https:\/\/secureus.se\/dk\/wp-json\/wp\/v2\/product\/148669","targetHints":{"allow":["GET"]}}],"collection":[{"href":"https:\/\/secureus.se\/dk\/wp-json\/wp\/v2\/product"}],"about":[{"href":"https:\/\/secureus.se\/dk\/wp-json\/wp\/v2\/types\/product"}],"wp:featuredmedia":[{"embeddable":true,"href":"https:\/\/secureus.se\/dk\/wp-json\/wp\/v2\/media\/148668"}],"wp:attachment":[{"href":"https:\/\/secureus.se\/dk\/wp-json\/wp\/v2\/media?parent=148669"}],"wp:term":[{"taxonomy":"product_brand","embeddable":true,"href":"https:\/\/secureus.se\/dk\/wp-json\/wp\/v2\/product_brand?post=148669"},{"taxonomy":"product_cat","embeddable":true,"href":"https:\/\/secureus.se\/dk\/wp-json\/wp\/v2\/product_cat?post=148669"},{"taxonomy":"product_tag","embeddable":true,"href":"https:\/\/secureus.se\/dk\/wp-json\/wp\/v2\/product_tag?post=148669"}],"curies":[{"name":"wp","href":"https:\/\/api.w.org\/{rel}","templated":true}]}}