{"id":148671,"date":"2025-03-04T16:29:00","date_gmt":"2025-03-04T15:29:00","guid":{"rendered":"https:\/\/secureus.se\/armbagskontakt-50mm-alu-jck260\/"},"modified":"2025-12-31T21:42:08","modified_gmt":"2025-12-31T20:42:08","slug":"armbagskontakt-50mm-alu-jck260","status":"publish","type":"product","link":"https:\/\/secureus.se\/dk\/armbagskontakt-50mm-alu-jck260\/","title":{"rendered":"Albuestik \u2013 50mm \u2013 Alu \u2013 JCK260"},"content":{"rendered":"<h1 class=\"product_title entry-title elementor-heading-title elementor-size-default\">Albuestik \u2013 50mm \u2013 Alu \u2013 JCK260<\/h1>\n<p>JCK260 er kun 50 mm bred og udviklet til montering p\u00e5 glaspartier bygget med 50 mm profilsystemer, samt i andre rum, hvor pladsen er begr\u00e6nset.<\/p>\n<p>Modellen har dobbelte trykflader og er lavet af s\u00f8lv anodiseret aluminium med sorte endestykker.<\/p>\n<p>Vores albuekontakter med dobbelte trykflader er udviklet til milj\u00f8er med dobbelte svingd\u00f8re og g\u00f8r det muligt at styre hver d\u00f8r separat med sin egen trykknap.<\/p>\n<p>Funktionen hj\u00e6lper med at reducere koldt tr\u00e6k og tr\u00e6k, og sparer energi i forhold til at begge d\u00f8re \u00e5bner hver gang de \u00e5bnes.<\/p>\n<p>Disse albueforbindelser kan ogs\u00e5 v\u00e6re velegnede i en passage, hvor der er to indgange til lokalerne.<\/p>\n<h4>Teknisk specifikation<\/h4>\n<ul>\n<li>Fremstillet i Sverige.<\/li>\n<li>Materiale: Alu.6060-T6, POM Plast (Acetal plast).<\/li>\n<li>M\u00e5l standardversion l\/b\/h: 311x50x23 mm.<\/li>\n<li>Mikrokontakter: 2 stk IP67. 1 NO\/NC (lille trykomr\u00e5de), 1 NO (stort trykomr\u00e5de).<\/li>\n<\/ul>\n<p>&nbsp;<\/p>","protected":false},"excerpt":{"rendered":"<p>Produktm\u00e5l: 311 x 50 x 23 mm.<\/p>\n<p>Albuestik i s\u00f8lv anodiseret aluminium med sorte endestykker.<\/p>\n<p>Slank model med dobbelte trykflader.<\/p>","protected":false},"featured_media":148670,"template":"","meta":{"_acf_changed":false},"product_brand":[],"product_cat":[1422,4706],"product_tag":[],"class_list":{"0":"post-148671","1":"product","2":"type-product","3":"status-publish","4":"has-post-thumbnail","6":"product_cat-armbagskontakter-dorrautomatik","7":"product_cat-metall","8":"product_shipping_class-tunga-paket","9":"pa_brands-jc-kontakter","10":"tm-has-options","12":"first","13":"instock","14":"sale","15":"taxable","16":"shipping-taxable","17":"purchasable","18":"product-type-simple"},"acf":[],"_links":{"self":[{"href":"https:\/\/secureus.se\/dk\/wp-json\/wp\/v2\/product\/148671","targetHints":{"allow":["GET"]}}],"collection":[{"href":"https:\/\/secureus.se\/dk\/wp-json\/wp\/v2\/product"}],"about":[{"href":"https:\/\/secureus.se\/dk\/wp-json\/wp\/v2\/types\/product"}],"wp:featuredmedia":[{"embeddable":true,"href":"https:\/\/secureus.se\/dk\/wp-json\/wp\/v2\/media\/148670"}],"wp:attachment":[{"href":"https:\/\/secureus.se\/dk\/wp-json\/wp\/v2\/media?parent=148671"}],"wp:term":[{"taxonomy":"product_brand","embeddable":true,"href":"https:\/\/secureus.se\/dk\/wp-json\/wp\/v2\/product_brand?post=148671"},{"taxonomy":"product_cat","embeddable":true,"href":"https:\/\/secureus.se\/dk\/wp-json\/wp\/v2\/product_cat?post=148671"},{"taxonomy":"product_tag","embeddable":true,"href":"https:\/\/secureus.se\/dk\/wp-json\/wp\/v2\/product_tag?post=148671"}],"curies":[{"name":"wp","href":"https:\/\/api.w.org\/{rel}","templated":true}]}}