{"id":148681,"date":"2025-03-04T15:33:59","date_gmt":"2025-03-04T14:33:59","guid":{"rendered":"https:\/\/secureus.se\/armbagskontakt-massing-jck119\/"},"modified":"2026-04-17T11:01:21","modified_gmt":"2026-04-17T09:01:21","slug":"armbagskontakt-massing-jck119","status":"publish","type":"product","link":"https:\/\/secureus.se\/dk\/armbagskontakt-massing-jck119\/","title":{"rendered":"Albuestik \u2013 Messing \u2013 JCK119"},"content":{"rendered":"<h1>Albuestik \u2013 Messing \u2013 JCK119<\/h1>\n<p>JCK119 er et slidst\u00e6rkt albuestik med en flad trykplade og endekappe i messing, og en underdel i guldanodiseret aluminium.<\/p>\n<p>Modellen er udviklet til brug i eksklusive milj\u00f8er og i \u00e6ldre, K-m\u00e6rkede bygninger.<\/p>\n<p>JCK119 kan bestilles med radiostyring, da det ofte er sv\u00e6rt at komme til ledningerne i \u00e6ldre bygninger.<\/p>\n<section>\n<h4>Teknisk specifikation<\/h4>\n<ul>\n<li>Fremstillet i Sverige.<\/li>\n<li>Materiale: Alu.6060-T6 (guld anodiseret). Trykknap og endekappe: Messing.<\/li>\n<li>M\u00e5l standardversion l\/b\/h: 237x80x28 mm.<\/li>\n<li>Mikroswitch: Standard 1 stk NO IP67. Kan bestilles med 2, samt med NO\/NC.<\/li>\n<\/ul>\n<\/section>","protected":false},"excerpt":{"rendered":"<p>Produktm\u00e5l: 237 x 80 x 28 mm.<\/p>\n<p>Albuestik i poleret messing med flad trykplade.<\/p>","protected":false},"featured_media":156046,"template":"","meta":{"_acf_changed":false},"product_brand":[],"product_cat":[1422,4706],"product_tag":[],"class_list":{"0":"post-148681","1":"product","2":"type-product","3":"status-publish","4":"has-post-thumbnail","6":"product_cat-armbagskontakter-dorrautomatik","7":"product_cat-metall","8":"product_shipping_class-tunga-paket","9":"pa_brands-jc-kontakter","10":"tm-has-options","12":"first","13":"instock","14":"sale","15":"taxable","16":"shipping-taxable","17":"purchasable","18":"product-type-simple"},"acf":[],"_links":{"self":[{"href":"https:\/\/secureus.se\/dk\/wp-json\/wp\/v2\/product\/148681","targetHints":{"allow":["GET"]}}],"collection":[{"href":"https:\/\/secureus.se\/dk\/wp-json\/wp\/v2\/product"}],"about":[{"href":"https:\/\/secureus.se\/dk\/wp-json\/wp\/v2\/types\/product"}],"wp:featuredmedia":[{"embeddable":true,"href":"https:\/\/secureus.se\/dk\/wp-json\/wp\/v2\/media\/156046"}],"wp:attachment":[{"href":"https:\/\/secureus.se\/dk\/wp-json\/wp\/v2\/media?parent=148681"}],"wp:term":[{"taxonomy":"product_brand","embeddable":true,"href":"https:\/\/secureus.se\/dk\/wp-json\/wp\/v2\/product_brand?post=148681"},{"taxonomy":"product_cat","embeddable":true,"href":"https:\/\/secureus.se\/dk\/wp-json\/wp\/v2\/product_cat?post=148681"},{"taxonomy":"product_tag","embeddable":true,"href":"https:\/\/secureus.se\/dk\/wp-json\/wp\/v2\/product_tag?post=148681"}],"curies":[{"name":"wp","href":"https:\/\/api.w.org\/{rel}","templated":true}]}}