{"id":148866,"date":"2026-01-07T15:13:23","date_gmt":"2026-01-07T14:13:23","guid":{"rendered":"https:\/\/secureus.se\/?post_type=product&#038;p=148866"},"modified":"2026-03-13T10:45:50","modified_gmt":"2026-03-13T09:45:50","slug":"fjarrkontroll-for-led-ljuslist-med-rorelsesensor-full-kontroll-av-belysningen","status":"publish","type":"product","link":"https:\/\/secureus.se\/dk\/fjarrkontroll-for-led-ljuslist-med-rorelsesensor-full-kontroll-av-belysningen\/","title":{"rendered":"Fjernbetjening til Spotlight LED-lysstribe i s\u00f8lv \u2013 Fuld kontrol over belysning"},"content":{"rendered":"<p data-start=\"0\" data-end=\"449\"><strong data-start=\"0\" data-end=\"83\">Fjernbetjening til LED-lysb\u00e5nd med bev\u00e6gelsessensor \u2013 Fuld kontrol over belysningen<\/strong><br data-start=\"83\" data-end=\"86\" \/>Nu beh\u00f8ver du ikke l\u00e6ngere st\u00e5 lige ved siden af lysstriben for at styre belysningen. Med denne fjernbetjening kan du nemt t\u00e6nde og slukke for lampen eller flere lamper (op til 20), justere lysstyrken, skifte mellem forskellige farvetemperaturer og endda indstille en timer mellem 15-60 minutter. Perfekt til dem, der \u00f8nsker maksimal bekvemmelighed og fleksibilitet, n\u00e5r de bruger vores smarte LED-lysb\u00e5nd.<\/p>\n<hr data-start=\"451\" data-end=\"454\" \/>\n<h2 data-start=\"456\" data-end=\"475\">N\u00f8glefunktioner<\/h2>\n<ol data-start=\"477\" data-end=\"1293\">\n<li data-start=\"477\" data-end=\"593\">\n<p data-start=\"480\" data-end=\"593\"><strong data-start=\"480\" data-end=\"503\">T\u00e6nd\/sluk med et enkelt klik<\/strong><br data-start=\"503\" data-end=\"506\" \/>Spring over besv\u00e6ret \u2013 t\u00e6nd eller sluk dit LED-lys direkte fra din sofa eller seng.<\/p>\n<\/li>\n<li data-start=\"595\" data-end=\"771\">\n<p data-start=\"598\" data-end=\"771\"><strong data-start=\"598\" data-end=\"625\">Flere tidsindstillinger<\/strong><br data-start=\"625\" data-end=\"628\" \/>V\u00e6lg mellem <strong data-start=\"643\" data-end=\"673\">15, 30, 45 og 60 minutter<\/strong> timer. Perfekt, n\u00e5r du vil have lyset til at slukke automatisk, uden at du skal g\u00f8re andet.<\/p>\n<\/li>\n<li data-start=\"773\" data-end=\"969\">\n<p data-start=\"776\" data-end=\"969\"><strong data-start=\"776\" data-end=\"800\">Justerbar lysstyrke<\/strong><br data-start=\"800\" data-end=\"803\" \/>Juster nemt lysniveauet med <strong data-start=\"835\" data-end=\"846\">+\/- Lux<\/strong>knapper for at f\u00e5 det helt rigtige lys til \u00f8jeblikket, hvad enten det er til l\u00e6sning, dekorativ belysning eller en natlampe.<\/p>\n<\/li>\n<li data-start=\"971\" data-end=\"1168\">\n<p data-start=\"974\" data-end=\"1168\"><strong data-start=\"974\" data-end=\"998\">Tre farvetemperaturer<\/strong><br data-start=\"998\" data-end=\"1001\" \/>Med et tryk p\u00e5 en knap kan du skifte mellem <strong data-start=\"1044\" data-end=\"1078\">varmt, k\u00f8ligt og neutralt lys<\/strong>. Skab den atmosf\u00e6re, du har brug for \u2013 hyggebelysning om aftenen eller skarp belysning, mens du arbejder.<\/p>\n<\/li>\n<li data-start=\"1170\" data-end=\"1293\">\n<p data-start=\"1173\" data-end=\"1293\"><strong data-start=\"1173\" data-end=\"1187\">Mode knap<\/strong><br data-start=\"1187\" data-end=\"1190\" \/>Skift hurtigt mellem forskellige tilstande.<\/p>\n<\/li>\n<\/ol>\n<hr data-start=\"1295\" data-end=\"1298\" \/>\n<h2 data-start=\"1300\" data-end=\"1322\">Teknisk information<\/h2>\n<ul data-start=\"1324\" data-end=\"1912\">\n<li data-start=\"1324\" data-end=\"1433\"><strong data-start=\"1326\" data-end=\"1344\">Kompatibilitet<\/strong>: Fungerer med vores LED-lysstrimler udstyret med bev\u00e6gelsessensor og farvetemperatur\u00e6ndring. Disse er linket til p\u00e5 denne produktside.<\/li>\n<li data-start=\"1434\" data-end=\"1518\"><strong data-start=\"1436\" data-end=\"1448\">Omfang<\/strong>: Op til flere meter, afh\u00e6ngig af omgivelserne og eventuelle forhindringer.<\/li>\n<li data-start=\"1519\" data-end=\"1623\"><strong data-start=\"1521\" data-end=\"1538\">Batteridrevet<\/strong>: Drevet af et knapcellebatteri (CR2025) (medf\u00f8lger) for lang driftstid.<\/li>\n<li data-start=\"1624\" data-end=\"1912\"><strong data-start=\"1626\" data-end=\"1637\">Knapper<\/strong>:\n<ul data-start=\"1643\" data-end=\"1912\">\n<li data-start=\"1643\" data-end=\"1672\"><strong data-start=\"1645\" data-end=\"1655\">TIL\/FRA<\/strong> \u2013 Str\u00f8mafbryder<\/li>\n<li data-start=\"1675\" data-end=\"1718\"><strong data-start=\"1677\" data-end=\"1696\">15\/30\/45\/60 minutter<\/strong> \u2013 Tidsindstillinger<\/li>\n<li data-start=\"1721\" data-end=\"1766\"><strong data-start=\"1723\" data-end=\"1734\">LUX +\/-<\/strong> \u2013 Trinl\u00f8s lysstyrkejustering<\/li>\n<li data-start=\"1769\" data-end=\"1845\"><strong data-start=\"1771\" data-end=\"1779\">MODE<\/strong> \u2013 Aktiverer forskellige sensortilstande eller farvetemperaturindstillinger<\/li>\n<li data-start=\"1848\" data-end=\"1912\"><strong data-start=\"1850\" data-end=\"1875\">Skift af farvetemperatur<\/strong> \u2013 Varmt, k\u00f8ligt eller neutralt lys<\/li>\n<\/ul>\n<\/li>\n<\/ul>\n<blockquote data-start=\"1914\" data-end=\"2021\">\n<p data-start=\"1916\" data-end=\"2021\"><strong data-start=\"1916\" data-end=\"1929\">Bem\u00e6rk<\/strong>: Pr\u00e6cise funktioner kan variere afh\u00e6ngigt af den model af LED-lys, du bruger den til. Vi kan ikke svare p\u00e5, om det virker med andre lysstriber end vores egen.<\/p>\n<\/blockquote>\n<h2 data-start=\"2028\" data-end=\"2065\">Hvorfor du har brug for en fjernbetjening<\/h2>\n<ul data-start=\"2067\" data-end=\"2486\">\n<li data-start=\"2067\" data-end=\"2156\"><strong data-start=\"2069\" data-end=\"2093\">Maksimal komfort<\/strong>: Du beh\u00f8ver ikke at g\u00e5 til lampen for at \u00e6ndre indstillinger eller t\u00e6nde den.<\/li>\n<li data-start=\"2157\" data-end=\"2244\"><strong data-start=\"2159\" data-end=\"2175\">Spar energi<\/strong>: Timerfunktionerne sikrer, at du aldrig glemmer at slukke for lampen.<\/li>\n<li data-start=\"2245\" data-end=\"2378\"><strong data-start=\"2247\" data-end=\"2270\">Fleksibel brug<\/strong>: Perfekt hvis du har flere lamper forskellige steder eller hvis lampen er placeret h\u00f8jt eller sv\u00e6rt tilg\u00e6ngeligt.<\/li>\n<li data-start=\"2379\" data-end=\"2486\"><strong data-start=\"2381\" data-end=\"2403\">Hurtig installation<\/strong>: Par fjernbetjeningen med din lampe ved at f\u00f8lge instruktionerne i manualen.<\/li>\n<\/ul>\n<hr data-start=\"2488\" data-end=\"2491\" \/>\n<h2 data-start=\"2493\" data-end=\"2513\">Pakkens indhold<\/h2>\n<ul data-start=\"2515\" data-end=\"2625\">\n<li data-start=\"2515\" data-end=\"2539\"><strong data-start=\"2517\" data-end=\"2537\">1\u00d7 Fjernbetjening<\/strong><\/li>\n<li data-start=\"2540\" data-end=\"2599\"><strong data-start=\"2542\" data-end=\"2569\">1\u00d7 CR knapcelle batteri<\/strong> (forudinstalleret)<\/li>\n<li data-start=\"2600\" data-end=\"2625\"><strong data-start=\"2602\" data-end=\"2623\">1\u00d7 Brugervejledning<\/strong><\/li>\n<\/ul>","protected":false},"excerpt":{"rendered":"<p><strong data-start=\"2826\" data-end=\"2878\">BEM\u00c6RK: Fungerer kun med s\u00f8lvfarvede spotlight-lysstrimler!<\/strong><\/p>\n<p>Fjernbetjening til LED lysliste med bev\u00e6gelsessensor \u2013 styr din belysning p\u00e5 afstand! Juster lysstyrken, skift mellem varm, neutral eller k\u00f8lig farvetemperatur og indstil en timer til automatisk nedlukning. Med brugervenlige knapper har du fuld kontrol over lampens funktioner, uanset om den er placeret h\u00f8jt oppe eller sv\u00e6r at n\u00e5. Opgrader din lysoplevelse og spar energi med denne praktiske fjernbetjening, der kan tilsluttes flere lysstriber (op til 20) p\u00e5 samme tid!<\/p>","protected":false},"featured_media":148863,"template":"","meta":{"_acf_changed":false},"product_brand":[],"product_cat":[4181],"product_tag":[],"class_list":{"0":"post-148866","1":"product","2":"type-product","3":"status-publish","4":"has-post-thumbnail","6":"product_cat-belysning","7":"product_shipping_class-postnord-varubrev","8":"pa_brands-secureus","9":"tm-no-options","11":"first","12":"instock","13":"sale","14":"taxable","15":"shipping-taxable","16":"purchasable","17":"product-type-simple"},"acf":[],"_links":{"self":[{"href":"https:\/\/secureus.se\/dk\/wp-json\/wp\/v2\/product\/148866","targetHints":{"allow":["GET"]}}],"collection":[{"href":"https:\/\/secureus.se\/dk\/wp-json\/wp\/v2\/product"}],"about":[{"href":"https:\/\/secureus.se\/dk\/wp-json\/wp\/v2\/types\/product"}],"wp:featuredmedia":[{"embeddable":true,"href":"https:\/\/secureus.se\/dk\/wp-json\/wp\/v2\/media\/148863"}],"wp:attachment":[{"href":"https:\/\/secureus.se\/dk\/wp-json\/wp\/v2\/media?parent=148866"}],"wp:term":[{"taxonomy":"product_brand","embeddable":true,"href":"https:\/\/secureus.se\/dk\/wp-json\/wp\/v2\/product_brand?post=148866"},{"taxonomy":"product_cat","embeddable":true,"href":"https:\/\/secureus.se\/dk\/wp-json\/wp\/v2\/product_cat?post=148866"},{"taxonomy":"product_tag","embeddable":true,"href":"https:\/\/secureus.se\/dk\/wp-json\/wp\/v2\/product_tag?post=148866"}],"curies":[{"name":"wp","href":"https:\/\/api.w.org\/{rel}","templated":true}]}}