{"id":148877,"date":"2026-01-07T15:13:22","date_gmt":"2026-01-07T14:13:22","guid":{"rendered":"https:\/\/secureus.se\/?post_type=product&#038;p=148877"},"modified":"2026-03-13T11:14:10","modified_gmt":"2026-03-13T10:14:10","slug":"ljuslist-40cm-led-lampa-med-rorelsesensor-perfekt-garderobsbelysning-och-skapbelysning-silver","status":"publish","type":"product","link":"https:\/\/secureus.se\/dk\/ljuslist-40cm-led-lampa-med-rorelsesensor-perfekt-garderobsbelysning-och-skapbelysning-silver\/","title":{"rendered":"Spotlight-lysstribe 40 cm LED-lampe med bev\u00e6gelsessensor (s\u00f8lv)"},"content":{"rendered":"<p data-start=\"0\" data-end=\"486\"><strong data-start=\"0\" data-end=\"92\">Light Strip 40CM LED-lampe med bev\u00e6gelsessensor - perfekt garderobebelysning og skabsbelysning<\/strong><br data-start=\"92\" data-end=\"95\" \/>Mangler du en effektiv og enkel belysningsl\u00f8sning til dit skab, k\u00f8kken eller underskabe? Dette 40 cm ultratynde LED-lys med bev\u00e6gelsessensor giver lyst og j\u00e6vnt lys, hvor du virkelig har brug for det. Med en indbygget, USB-genopladelig batteril\u00f8sning slipper du for kabler og komplicerede installationer, og takket v\u00e6re det magnetiske beslag kan du nemt montere lyslisten p\u00e5 f\u00e5 sekunder.<\/p>\n<h3 data-start=\"488\" data-end=\"508\">N\u00f8glefunktioner<\/h3>\n<ul data-start=\"509\" data-end=\"1315\">\n<li data-start=\"509\" data-end=\"647\"><strong data-start=\"511\" data-end=\"544\">Multi-mode bev\u00e6gelsessensor<\/strong>: V\u00e6lg mellem Always On, Night Sensor og All Day Sensor for optimal belysning uanset tidspunktet p\u00e5 dagen.<\/li>\n<li data-start=\"648\" data-end=\"775\"><strong data-start=\"650\" data-end=\"680\">Ultratyndt og diskret design<\/strong>: Den slanke profil g\u00f8r, at den passer perfekt i skabe, skabe og andre trange rum.<\/li>\n<li data-start=\"776\" data-end=\"911\"><strong data-start=\"778\" data-end=\"802\">Justerbar lysstyrke<\/strong>: Hold knappen nede for kontinuerligt at justere lysstyrken, og slip for at l\u00e5se den tilstand, der passer dig bedst.<\/li>\n<li data-start=\"912\" data-end=\"1084\"><strong data-start=\"914\" data-end=\"944\">Hurtig og nem installation<\/strong>: Takket v\u00e6re den integrerede magnetiske bagside eller de medf\u00f8lgende 3M kl\u00e6bestrimler kan du nemt fastg\u00f8re lysstrimlen, hvor du vil have den.<\/li>\n<li data-start=\"1085\" data-end=\"1194\"><strong data-start=\"1087\" data-end=\"1119\">USB genopladeligt batteri<\/strong>: Oplad hurtigt og sikkert via USB (5V) \u2013 ingen dyrere engangsbatterier.<\/li>\n<li data-start=\"1195\" data-end=\"1315\"><strong data-start=\"1197\" data-end=\"1217\">B\u00e6redygtig kvalitet<\/strong>: Udstyret med energieffektive LED-lys og slidst\u00e6rkt materiale, der kan modst\u00e5 h\u00e5rd daglig brug.<\/li>\n<\/ul>\n<h3 data-start=\"1317\" data-end=\"1345\">Tekniske specifikationer<\/h3>\n<ul data-start=\"1346\" data-end=\"1844\">\n<li data-start=\"1346\" data-end=\"1396\"><strong data-start=\"1348\" data-end=\"1357\">L\u00e6ngde<\/strong>: 40 cm (f\u00e5s ogs\u00e5 i 20, 30 og 60 cm)<\/li>\n<li data-start=\"1397\" data-end=\"1419\"><strong data-start=\"1399\" data-end=\"1411\">Sp\u00e6nding<\/strong>: \u226436V<\/li>\n<li data-start=\"1420\" data-end=\"1480\"><strong data-start=\"1422\" data-end=\"1436\">Str\u00f8mkilde<\/strong>: Genopladeligt lithiumbatteri (polymer)<\/li>\n<li data-start=\"1481\" data-end=\"1514\"><strong data-start=\"1483\" data-end=\"1500\">Opladningsport<\/strong>: USB Type-C<\/li>\n<li data-start=\"1515\" data-end=\"1571\"><strong data-start=\"1517\" data-end=\"1535\">Monteringsmetode<\/strong>: Magnetisk bagside eller 3M strimmel<\/li>\n<li data-start=\"1572\" data-end=\"1630\"><strong data-start=\"1574\" data-end=\"1601\">Sensorvinkel og r\u00e6kkevidde<\/strong>: 120\u00b0 og op til 3 meter<\/li>\n<li data-start=\"1631\" data-end=\"1720\"><strong data-start=\"1633\" data-end=\"1651\">Farvetemperatur<\/strong>: Kan variere fra varm til neutral eller k\u00f8lig, afh\u00e6ngigt af modellen<\/li>\n<li data-start=\"1721\" data-end=\"1844\"><strong data-start=\"1723\" data-end=\"1751\">Pakkens indhold<\/strong>:\n<ul data-start=\"1757\" data-end=\"1844\">\n<li data-start=\"1757\" data-end=\"1779\">1\u00d7 lysb\u00e5nd (40 cm)<\/li>\n<li data-start=\"1782\" data-end=\"1798\">1\u00d7 USB-kabel<\/li>\n<li data-start=\"1801\" data-end=\"1828\">2\u00d7 3M magnetstrimler<\/li>\n<li data-start=\"1831\" data-end=\"1844\">1\u00d7 Manuel<\/li>\n<\/ul>\n<\/li>\n<\/ul>\n<h3 data-start=\"1846\" data-end=\"1878\">Hvorfor v\u00e6lge denne lysstribe?<\/h3>\n<ul data-start=\"1879\" data-end=\"2336\">\n<li data-start=\"1879\" data-end=\"1990\"><strong data-start=\"1881\" data-end=\"1905\">Maksimal fleksibilitet<\/strong>: Den ekstra l\u00e6ngde p\u00e5 40CM giver endnu bredere d\u00e6kning i skabe, skabe eller k\u00f8kkener.<\/li>\n<li data-start=\"1991\" data-end=\"2121\"><strong data-start=\"1993\" data-end=\"2020\">Glat og tidsbesparende<\/strong>: Bev\u00e6gelsessensoren s\u00f8rger for, at lyset kun aktiveres, n\u00e5r det er n\u00f8dvendigt, hvilket sparer b\u00e5de energi og tid.<\/li>\n<li data-start=\"2122\" data-end=\"2216\"><strong data-start=\"2124\" data-end=\"2142\">Energieffektiv<\/strong>: LED-teknologi holder str\u00f8mforbruget lavt og forl\u00e6nger batteriets levetid.<\/li>\n<li data-start=\"2217\" data-end=\"2336\"><strong data-start=\"2219\" data-end=\"2239\">Nem at flytte<\/strong>: Med den magnetiske bagside kan du nemt flytte lysstrimlen mellem forskellige rum uden besv\u00e6r.<\/li>\n<\/ul>\n<h3 data-start=\"2338\" data-end=\"2369\">Tilk\u00f8b \u2013 Fjernbetjening<\/h3>\n<p data-start=\"2370\" data-end=\"2564\">Vil du justere lysstyrken eller \u00e6ndre sensortilstanden eksternt? K\u00f8b vores fjernbetjening for at f\u00e5 fuld kontrol over lysstrimlen, perfekt hvis du har flere lys eller et sv\u00e6rt tilg\u00e6ngeligt sted.<\/p>\n<p data-start=\"2566\" data-end=\"2740\">Giv dine m\u00f8rke rum et l\u00f8ft med denne smarte og stilfulde <strong data-start=\"2628\" data-end=\"2673\">Light Strip 40CM LED-lampe med bev\u00e6gelsessensor<\/strong>. Kontakt os venligst, hvis du har sp\u00f8rgsm\u00e5l eller \u00f8nsker mere information!<\/p>","protected":false},"excerpt":{"rendered":"<p>Opdag en <strong data-start=\"2801\" data-end=\"2837\">40CM LED lampe med bev\u00e6gelsessensor<\/strong> som giver effektiv og j\u00e6vn belysning i garderobeskabe, skabe eller k\u00f8kkener. Det ultra-slanke design g\u00f8r den perfekt til trange steder, og installationen er nem takket v\u00e6re det magnetiske beslag og USB genopladeligt batteri. Juster lysstyrken efter behov, og v\u00e6lg mellem flere sensortilstande for de bedste energibesparelser. En fjernbetjening f\u00e5s som ekstraudstyr for endnu st\u00f8rre bekvemmelighed. Opgrader dine m\u00f8rke rum i dag!<\/p>","protected":false},"featured_media":148867,"template":"","meta":{"_acf_changed":false},"product_brand":[],"product_cat":[4181],"product_tag":[],"class_list":{"0":"post-148877","1":"product","2":"type-product","3":"status-publish","4":"has-post-thumbnail","6":"product_cat-belysning","7":"product_shipping_class-tunga-paket","8":"pa_brands-secureus","9":"tm-no-options","11":"first","12":"instock","13":"sale","14":"featured","15":"taxable","16":"shipping-taxable","17":"purchasable","18":"product-type-simple"},"acf":[],"_links":{"self":[{"href":"https:\/\/secureus.se\/dk\/wp-json\/wp\/v2\/product\/148877","targetHints":{"allow":["GET"]}}],"collection":[{"href":"https:\/\/secureus.se\/dk\/wp-json\/wp\/v2\/product"}],"about":[{"href":"https:\/\/secureus.se\/dk\/wp-json\/wp\/v2\/types\/product"}],"wp:featuredmedia":[{"embeddable":true,"href":"https:\/\/secureus.se\/dk\/wp-json\/wp\/v2\/media\/148867"}],"wp:attachment":[{"href":"https:\/\/secureus.se\/dk\/wp-json\/wp\/v2\/media?parent=148877"}],"wp:term":[{"taxonomy":"product_brand","embeddable":true,"href":"https:\/\/secureus.se\/dk\/wp-json\/wp\/v2\/product_brand?post=148877"},{"taxonomy":"product_cat","embeddable":true,"href":"https:\/\/secureus.se\/dk\/wp-json\/wp\/v2\/product_cat?post=148877"},{"taxonomy":"product_tag","embeddable":true,"href":"https:\/\/secureus.se\/dk\/wp-json\/wp\/v2\/product_tag?post=148877"}],"curies":[{"name":"wp","href":"https:\/\/api.w.org\/{rel}","templated":true}]}}