{"id":148935,"date":"2025-03-17T11:52:53","date_gmt":"2025-03-17T10:52:53","guid":{"rendered":"https:\/\/secureus.se\/brandfilt-120x120-cm-vmp\/"},"modified":"2026-04-23T10:17:36","modified_gmt":"2026-04-23T08:17:36","slug":"brandfilt-120x120-cm-vmp","status":"publish","type":"product","link":"https:\/\/secureus.se\/dk\/brandfilt-120x120-cm-vmp\/","title":{"rendered":"BRANDT\u00c6PPE 120X120 CM. VMP"},"content":{"rendered":"<h1>BRANDT\u00c6PPE 120X120 CM. VMP<\/h1>\n<p>Nexa brandt\u00e6pper er lavet af glasfiber med silikone, der kan modst\u00e5 temperaturer op til 500 grader.<\/p>\n<p>Brandt\u00e6ppet er t\u00e6t og modst\u00e5r gasgennemtr\u00e6ngning.<\/p>\n<p>Med silikonebel\u00e6gning er risikoen for genant\u00e6ndelse minimal.<\/p>\n<section id=\"produkt-egenskaper-container\" class=\"fd-sektion-ramad\">\n<div class=\"produkt-egenskaper\"><span class=\"produkt-egenskap\"><span class=\"label\">L\u00e6ngde<\/span><span class=\"value\">1200 mm<\/span><\/span><span class=\"produkt-egenskap\"><span class=\"label\">Bredde<\/span><span class=\"value\">1200 mm<\/span><\/span><span class=\"produkt-egenskap\"><span class=\"label\">Med v\u00e6gh\u00e5ndtag<\/span><span class=\"value\">Ingen<\/span><\/span><span class=\"produkt-egenskap\"><span class=\"label\">Godkendt i henhold til EN 1869<\/span><span class=\"value\">Ingen<\/span><\/span><\/div>\n<\/section>\n<div id=\"liknande-artiklar-container\">\n<p>L\u00e6ngde: 1200 mm<\/p>\n<p>Bredde: 1200 mm<\/p>\n<p>Med v\u00e6gh\u00e5ndtag: Nej<\/p>\n<p>Godkendt i henhold til EN 1869: Nr<\/p>\n<\/div>","protected":false},"excerpt":{"rendered":"<p>&nbsp;<\/p>\n<p>&nbsp;<\/p>","protected":false},"featured_media":148934,"template":"","meta":{"_acf_changed":false},"product_brand":[],"product_cat":[1533],"product_tag":[],"class_list":{"0":"post-148935","1":"product","2":"type-product","3":"status-publish","4":"has-post-thumbnail","6":"product_cat-brandslackare","7":"product_shipping_class-tunga-paket","8":"tm-no-options","10":"first","11":"instock","12":"sale","13":"taxable","14":"shipping-taxable","15":"purchasable","16":"product-type-simple"},"acf":[],"_links":{"self":[{"href":"https:\/\/secureus.se\/dk\/wp-json\/wp\/v2\/product\/148935","targetHints":{"allow":["GET"]}}],"collection":[{"href":"https:\/\/secureus.se\/dk\/wp-json\/wp\/v2\/product"}],"about":[{"href":"https:\/\/secureus.se\/dk\/wp-json\/wp\/v2\/types\/product"}],"wp:featuredmedia":[{"embeddable":true,"href":"https:\/\/secureus.se\/dk\/wp-json\/wp\/v2\/media\/148934"}],"wp:attachment":[{"href":"https:\/\/secureus.se\/dk\/wp-json\/wp\/v2\/media?parent=148935"}],"wp:term":[{"taxonomy":"product_brand","embeddable":true,"href":"https:\/\/secureus.se\/dk\/wp-json\/wp\/v2\/product_brand?post=148935"},{"taxonomy":"product_cat","embeddable":true,"href":"https:\/\/secureus.se\/dk\/wp-json\/wp\/v2\/product_cat?post=148935"},{"taxonomy":"product_tag","embeddable":true,"href":"https:\/\/secureus.se\/dk\/wp-json\/wp\/v2\/product_tag?post=148935"}],"curies":[{"name":"wp","href":"https:\/\/api.w.org\/{rel}","templated":true}]}}