{"id":148952,"date":"2024-12-03T11:31:43","date_gmt":"2024-12-03T10:31:43","guid":{"rendered":"https:\/\/secureus.se\/radionyckel-vaka\/"},"modified":"2026-04-08T16:34:23","modified_gmt":"2026-04-08T14:34:23","slug":"radionyckel-vaka","status":"publish","type":"product","link":"https:\/\/secureus.se\/dk\/radionyckel-vaka\/","title":{"rendered":"RADIO N\u00d8GLEUR"},"content":{"rendered":"<p>Radion\u00f8gle til VAKA C18 og l\u00e6sere A61 og A66. Radion\u00f8glen har en unik identitet og er knyttet til en person i VAKA-systemet, p\u00e5 samme m\u00e5de som et tag eller et kort. Radion\u00f8glerne kan s\u00e5 nemt times, l\u00e5ses ude og f\u00e5 adgang til forskellige d\u00f8re. Kommunikationen mellem radion\u00f8glerne og C18 er krypteret og giver h\u00f8j sikkerhed mod aflytning. Fire knapper med unikke ID-koder kan programmeres til at styre forskellige d\u00f8re\/rel\u00e6er. Elegant design med skydebetr\u00e6k, der beskytter mod utilsigtede tryk p\u00e5 knappen. R\u00e6kkevidde afh\u00e6ngig af ydre forhold ca 5-50 m Batteri 12V (type 27A) medf\u00f8lger.<\/p>","protected":false},"excerpt":{"rendered":"<p>Radion\u00f8gle til VAKA C18 og l\u00e6sere A61 og A66. Radion\u00f8glen har en unik identitet og er knyttet til en person i VAKA-systemet, p\u00e5 samme m\u00e5de som et tag eller et kort.<\/p>","protected":false},"featured_media":133378,"template":"","meta":{"_acf_changed":false},"product_brand":[],"product_cat":[3842,1616],"product_tag":[],"class_list":{"0":"post-148952","1":"product","2":"type-product","3":"status-publish","4":"has-post-thumbnail","6":"product_cat-axema-vaka-taggar","7":"product_cat-radiosandare-mottagare","8":"product_shipping_class-postnord-varubrev","9":"tm-no-options","11":"first","12":"instock","13":"sale","14":"taxable","15":"shipping-taxable","16":"purchasable","17":"product-type-simple"},"acf":[],"_links":{"self":[{"href":"https:\/\/secureus.se\/dk\/wp-json\/wp\/v2\/product\/148952","targetHints":{"allow":["GET"]}}],"collection":[{"href":"https:\/\/secureus.se\/dk\/wp-json\/wp\/v2\/product"}],"about":[{"href":"https:\/\/secureus.se\/dk\/wp-json\/wp\/v2\/types\/product"}],"wp:featuredmedia":[{"embeddable":true,"href":"https:\/\/secureus.se\/dk\/wp-json\/wp\/v2\/media\/133378"}],"wp:attachment":[{"href":"https:\/\/secureus.se\/dk\/wp-json\/wp\/v2\/media?parent=148952"}],"wp:term":[{"taxonomy":"product_brand","embeddable":true,"href":"https:\/\/secureus.se\/dk\/wp-json\/wp\/v2\/product_brand?post=148952"},{"taxonomy":"product_cat","embeddable":true,"href":"https:\/\/secureus.se\/dk\/wp-json\/wp\/v2\/product_cat?post=148952"},{"taxonomy":"product_tag","embeddable":true,"href":"https:\/\/secureus.se\/dk\/wp-json\/wp\/v2\/product_tag?post=148952"}],"curies":[{"name":"wp","href":"https:\/\/api.w.org\/{rel}","templated":true}]}}