{"id":149156,"date":"2025-03-24T10:45:41","date_gmt":"2025-03-24T09:45:41","guid":{"rendered":"https:\/\/secureus.se\/?post_type=product&#038;p=149156"},"modified":"2026-04-07T13:23:48","modified_gmt":"2026-04-07T11:23:48","slug":"ajax-hub2-plus-12v-centralenhet-for-bat-husbil-husvagn-ip-wifi-4g-vit","status":"publish","type":"product","link":"https:\/\/secureus.se\/dk\/ajax-hub2-plus-12v-centralenhet-for-bat-husbil-husvagn-ip-wifi-4g-vit\/","title":{"rendered":"Ajax Hub2 Plus 12V \u2013 Centralenhed til b\u00e5d, autocamper og campingvogn (IP + WiFi + 4G hvid)"},"content":{"rendered":"<p class=\"\" data-start=\"95\" data-end=\"484\"><strong data-start=\"95\" data-end=\"179\">Ajax Hub2 Plus 12V \u2013 Centralenhed til b\u00e5d, autocamper og campingvogn (IP + WiFi + 4G hvid)<\/strong><br data-start=\"179\" data-end=\"182\" \/>Denne specialtilpassede centralenhed er designet til mobile installationer, hvor 12V str\u00f8m er afg\u00f8rende. Med en kombination af Ajax Hub2 Plus WiFi + 4G i et elegant hvidt design og et kompatibelt 12V PSU str\u00f8mforsyningskort f\u00e5r du et komplet og p\u00e5lideligt sikkerhedssystem til b\u00e5de, autocampere og campingvogne.<\/p>\n<p class=\"\" data-start=\"486\" data-end=\"507\"><strong data-start=\"486\" data-end=\"507\">N\u00f8glefunktioner:<\/strong><\/p>\n<ul data-start=\"508\" data-end=\"1160\">\n<li class=\"\" data-start=\"508\" data-end=\"634\">\n<p class=\"\" data-start=\"510\" data-end=\"634\"><strong data-start=\"510\" data-end=\"538\">Avanceret kommunikation:<\/strong> Enheden underst\u00f8tter b\u00e5de WiFi og 4G, hvilket sikrer stabil forbindelse selv i udfordrende milj\u00f8er.<\/p>\n<\/li>\n<li class=\"\" data-start=\"635\" data-end=\"761\">\n<p class=\"\" data-start=\"637\" data-end=\"761\"><strong data-start=\"637\" data-end=\"665\">Robust tr\u00e5dl\u00f8s r\u00e6kkevidde:<\/strong> Op til 2000 meter sikrer, at alle tilsluttede sensorer og enheder kommunikerer effektivt. Alle Ajax-enheder fungerer som normalt med denne hub.<\/p>\n<\/li>\n<li class=\"\" data-start=\"762\" data-end=\"1014\">\n<p class=\"\" data-start=\"764\" data-end=\"1014\"><strong data-start=\"764\" data-end=\"800\">Integreret 12V str\u00f8mforsyning:<\/strong> Med PSU-kortet, der monteres direkte i Hub 2, Hub2Plus eller ReX 2, f\u00e5r du en fleksibel l\u00f8sning med sp\u00e6ndingsindgang fra 8 til 32 VDC \u2013 perfekt hvis du vil bruge en ekstern str\u00f8mkilde eller f\u00e5 en f\u00e6rdigmonteret l\u00f8sning.<\/p>\n<\/li>\n<li class=\"\" data-start=\"1015\" data-end=\"1160\">\n<p class=\"\" data-start=\"1017\" data-end=\"1160\"><strong data-start=\"1017\" data-end=\"1038\">Alsidig beskyttelse:<\/strong> Systemet tilbyder komplet beskyttelse mod indbrud, brand og vand, hvilket er afg\u00f8rende for k\u00f8ret\u00f8jer og mobile installationer.<\/p>\n<\/li>\n<\/ul>","protected":false},"excerpt":{"rendered":"<p><strong data-start=\"1478\" data-end=\"1562\">Ajax Hub2 Plus 12V \u2013 Centralenhed til b\u00e5d, autocamper og campingvogn (IP + WiFi + 4G hvid)<\/strong><br data-start=\"1562\" data-end=\"1565\" \/>F\u00e5 et komplet sikkerhedssystem med avanceret WiFi og 4G kommunikation, lang r\u00e6kkevidde og indbygget 12V str\u00f8mforsyning (8-32 VDC). Perfekt til b\u00e5de, autocampere og campingvogne \u2013 v\u00e6lg at have PSU&#039;en forudinstalleret for hurtig og nem installation.<\/p>","protected":false},"featured_media":151979,"template":"","meta":{"_acf_changed":false},"product_brand":[],"product_cat":[3154],"product_tag":[],"class_list":{"0":"post-149156","1":"product","2":"type-product","3":"status-publish","4":"has-post-thumbnail","6":"product_cat-centralenheter","7":"tm-no-options","9":"first","10":"instock","11":"taxable","12":"shipping-taxable","13":"purchasable","14":"product-type-woosb"},"acf":[],"_links":{"self":[{"href":"https:\/\/secureus.se\/dk\/wp-json\/wp\/v2\/product\/149156","targetHints":{"allow":["GET"]}}],"collection":[{"href":"https:\/\/secureus.se\/dk\/wp-json\/wp\/v2\/product"}],"about":[{"href":"https:\/\/secureus.se\/dk\/wp-json\/wp\/v2\/types\/product"}],"wp:featuredmedia":[{"embeddable":true,"href":"https:\/\/secureus.se\/dk\/wp-json\/wp\/v2\/media\/151979"}],"wp:attachment":[{"href":"https:\/\/secureus.se\/dk\/wp-json\/wp\/v2\/media?parent=149156"}],"wp:term":[{"taxonomy":"product_brand","embeddable":true,"href":"https:\/\/secureus.se\/dk\/wp-json\/wp\/v2\/product_brand?post=149156"},{"taxonomy":"product_cat","embeddable":true,"href":"https:\/\/secureus.se\/dk\/wp-json\/wp\/v2\/product_cat?post=149156"},{"taxonomy":"product_tag","embeddable":true,"href":"https:\/\/secureus.se\/dk\/wp-json\/wp\/v2\/product_tag?post=149156"}],"curies":[{"name":"wp","href":"https:\/\/api.w.org\/{rel}","templated":true}]}}