{"id":149386,"date":"2022-07-04T07:53:30","date_gmt":"2022-07-04T05:53:30","guid":{"rendered":"https:\/\/secureus.se\/motorlas-6600\/"},"modified":"2026-01-12T13:15:05","modified_gmt":"2026-01-12T12:15:05","slug":"motorlas-6600","status":"publish","type":"product","link":"https:\/\/secureus.se\/dk\/motorlas-6600\/","title":{"rendered":"Safetron Motorl\u00e5s 6600"},"content":{"rendered":"<p>SAFETRON 6600 er markedets mest komplette motorl\u00e5s med moderne stempelplacering - identisk med l\u00e5se i ASSA connect-serien. Det betyder, at motorl\u00e5sen er tilpasset moderne d\u00f8rudsparinger, uanset om der er tale om faste eller udskiftelige endeplader. SAFETRON 6600 frakobles p\u00e5 0,1 sekunder, og derfor er der normalt ikke behov for en separat dagl\u00e5s p\u00e5 h\u00f8jfrekvente d\u00f8re.<\/p>\n<p>Typiske anvendelsesomr\u00e5der er dag-, nat- og sikkerhedsafl\u00e5sning i handel, kontorer og industri og hvor der stilles meget h\u00f8je krav til sikkerheden. Motorl\u00e5sene er certificeret i henhold til SSF-3522 l\u00e5seklasse 2B, 3, 4 og 5 samt SS-EN 14846 Grade 7.<\/p>\n<p>SAFETRON 6600 kan bruges i n\u00f8dflugtsveje sammen med SAFETRON n\u00f8dflugtstilbeh\u00f8r 796 i henhold til den europ\u00e6iske standard SS-EN 179:2008, samt SSF 3522 klasse 2B.<\/p>\n<p>SAFETRON 6000-serien tilbyder integreret kontrol mod flere af markedets store adgangssystemleverand\u00f8rer. Det betyder, at motorl\u00e5sene kan tilsluttes direkte til adgangssystemets d\u00f8rcentral uden styreenhed og kan derefter konfigureres gennem adgangssystemets software, hvilket giver en forenklet installation og et mere omkostningseffektivt d\u00f8rmilj\u00f8. V\u00e6lg et halvt s\u00e6t, hvis du skal tilslutte motorl\u00e5sen integreret til et adgangssystem, eller hvis der skal bruges to motorl\u00e5se med en styreenhed.<\/p>\n<p>SAFETRON 6600 har et forst\u00e6rket krogkontrolstempel og er godkendt i RC3- og RC4-d\u00f8re af de store d\u00f8rproducenter. Motorl\u00e5se i 6000-serien bruger 128-bit kryptering for maksimal sikkerhed og tillader kabell\u00e6ngder p\u00e5 op til 100 meter mellem motorl\u00e5se og styreenhed. Det betyder, at styreenheden kan installeres i beskyttede milj\u00f8er s\u00e5som str\u00f8mcentre eller serverrum.<\/p>\n<p>\u2022 Certificeret i henhold til SSF-3522 l\u00e5s klasse 2B, 3, 4 og 5 og SS-EN 14846 grad 7<br \/>\n\u2022 Dorndybde 50 mm<br \/>\n\u2022 Forst\u00e6rket kroglinealstempel<br \/>\n\u2022 Faldstempel<br \/>\n\u2022 Brandgodkendt: 120 min<br \/>\n\u2022 Integreret kontrol mod adgangssystemer<br \/>\n\u2022 Stempelplacering samme som ASSA connect<br \/>\n\u2022 \u00c5bningshastighed: 0,1 sekunder<br \/>\n\u2022 Kan \u00e5bnes med en n\u00f8gle\/knop (90 graders rotation)<br \/>\n\u2022 N\u00f8devakuering\/genindkvartering sammen med n\u00f8devakueringstilbeh\u00f8r 796<br \/>\n\u2022 Automatisk initialisering<br \/>\n\u2022 H\u00e6ndelseslog<br \/>\n\u2022 Serieforbindelse, op til to motorl\u00e5se til en styreenhed<\/p>","protected":false},"excerpt":{"rendered":"<p>SAFETRON 6600 \u00e4r marknadens mest kompletta motorl\u00e5s med modern kolvplacering &#8211; identisk med med l\u00e5s i ASSA connect-serierna. Detta inneb\u00e4r att motorl\u00e5set \u00e4r anpassad f\u00f6r moderna d\u00f6rrurtag, oavsett om det<\/p>","protected":false},"featured_media":142809,"template":"","meta":{"_acf_changed":false},"product_brand":[],"product_cat":[2874],"product_tag":[4546,4500,4866,4501],"class_list":{"0":"post-149386","1":"product","2":"type-product","3":"status-publish","4":"has-post-thumbnail","6":"product_cat-motorlas","7":"product_tag-panikutrymning-ja","8":"product_tag-rel-safetron-motorlas","9":"product_tag-safetron-20","10":"product_tag-safetron-motorlas","11":"product_shipping_class-tunga-paket","12":"pa_brands-7safetron","13":"tm-no-options","15":"first","16":"instock","17":"sale","18":"featured","19":"taxable","20":"shipping-taxable","21":"purchasable","22":"product-type-simple"},"acf":[],"_links":{"self":[{"href":"https:\/\/secureus.se\/dk\/wp-json\/wp\/v2\/product\/149386","targetHints":{"allow":["GET"]}}],"collection":[{"href":"https:\/\/secureus.se\/dk\/wp-json\/wp\/v2\/product"}],"about":[{"href":"https:\/\/secureus.se\/dk\/wp-json\/wp\/v2\/types\/product"}],"wp:featuredmedia":[{"embeddable":true,"href":"https:\/\/secureus.se\/dk\/wp-json\/wp\/v2\/media\/142809"}],"wp:attachment":[{"href":"https:\/\/secureus.se\/dk\/wp-json\/wp\/v2\/media?parent=149386"}],"wp:term":[{"taxonomy":"product_brand","embeddable":true,"href":"https:\/\/secureus.se\/dk\/wp-json\/wp\/v2\/product_brand?post=149386"},{"taxonomy":"product_cat","embeddable":true,"href":"https:\/\/secureus.se\/dk\/wp-json\/wp\/v2\/product_cat?post=149386"},{"taxonomy":"product_tag","embeddable":true,"href":"https:\/\/secureus.se\/dk\/wp-json\/wp\/v2\/product_tag?post=149386"}],"curies":[{"name":"wp","href":"https:\/\/api.w.org\/{rel}","templated":true}]}}