{"id":149387,"date":"2022-07-04T07:52:43","date_gmt":"2022-07-04T05:52:43","guid":{"rendered":"https:\/\/secureus.se\/motorlas-6300\/"},"modified":"2026-01-12T13:17:53","modified_gmt":"2026-01-12T12:17:53","slug":"motorlas-6300","status":"publish","type":"product","link":"https:\/\/secureus.se\/dk\/motorlas-6300\/","title":{"rendered":"Safetron Motorl\u00e5s 6300"},"content":{"rendered":"<p>Motorl\u00e5s 6300 i smalprofil-design udl\u00f8ses p\u00e5 0,2 sekunder, og derfor er der normalt ikke behov for separat dagl\u00e5s p\u00e5 h\u00f8jfrekvente d\u00f8re. Typiske anvendelsesomr\u00e5der er dag-, nat- og sikkerhedsafl\u00e5sning i handel, kontor og industri og hvor der stilles h\u00f8je til meget h\u00f8je krav til sikkerheden. Motorl\u00e5s 6300 er tilpasset til at fungere sammen med d\u00f8rautomatik.<\/p>\n<p>Styreenheden CU2 har markedets bredeste anvendelsesomr\u00e5de, samtidig med at den er den mest brugervenlige. Med CU2 kan to motorl\u00e5se tilsluttes uden nogen begr\u00e6nsning i signaludvekslingen, hvilket betyder at CU2 reelt er to styreenheder i \u00e9n. Det er ogs\u00e5 muligt at programmere AUX-rel\u00e6er til den \u00f8nskede funktion, f.eks. komplet kontrol til d\u00f8rautomatik eller v\u00e6sentlig funktion.<\/p>\n<p>Styreenheden CU2 har automatisk scanning, som g\u00f8r installationen plug-and-play. Der kr\u00e6ves ingen igangs\u00e6ttelse, men parring mellem enheder sker automatisk efter 12 timer, derefter indstilles installationsdatoen ogs\u00e5 digitalt i enhederne, hvorfra garantiperioden begynder at g\u00e6lde.<\/p>\n<p>B\u00e5de l\u00e5sehuset og styreenheden har et indbygget navigerbart display, som muligg\u00f8r justering af konfigurationen samt informationss\u00f8gning af f.eks. arrangementer og installationsdatoer.<\/p>\n<p>\u2022 Certificeret i henhold til SSF-3522 l\u00e5seklasse 3, 4 og 5 og SS-EN 14846 Grade 7<\/p>\n<p>\u2022 Krogregel<\/p>\n<p>\u2022 Tilpasset d\u00f8rautomatik<\/p>\n<p>\u2022 Op til 100m kabel<\/p>\n<p>\u2022 Automatisk initialisering<\/p>\n<p>\u2022 Dorndybde 35mm<\/p>\n<p>\u2022 Deaktiverer i 0,2 sekunder<\/p>\n<p>\u2022 Kan \u00e5bnes med en n\u00f8gle\/knop (90 graders rotation)<\/p>\n<p>\u2022 Servicemodul i styreenhed<\/p>\n<p>\u2022 H\u00e6ndelseslog<\/p>\n<p>\u2022 Fejlkodelog<\/p>\n<p>\u2022 Serieforbindelse, op til to motorl\u00e5se til en styreenhed<\/p>\n<p>\u2022 Sp\u00e6nding: 10-48VDC, 8-35VAC, 60-300 mA<\/p>\n<p>\u2022 Temperatur: -30\u00b0C til +70\u00b0C<\/p>\n<p>\u2022 Passer til skandinaviske ovale og runde cylindre<\/p>","protected":false},"excerpt":{"rendered":"<p>Motorl\u00e5s 6300 i smalprofilutf\u00f6rande fr\u00e5nreglar under 0.2 sekunder och d\u00e4rf\u00f6r beh\u00f6vs normalt sett inget separat dagl\u00e5s p\u00e5 h\u00f6gfrekventa d\u00f6rrar. Typiska anv\u00e4ndningsomr\u00e5den \u00e4r dag-, natt- och s\u00e4kerhetsl\u00e5sning inom handel, kontor och<\/p>","protected":false},"featured_media":142821,"template":"","meta":{"_acf_changed":false},"product_brand":[],"product_cat":[2874],"product_tag":[4542,4500,4866,4501],"class_list":{"0":"post-149387","1":"product","2":"type-product","3":"status-publish","4":"has-post-thumbnail","6":"product_cat-motorlas","7":"product_tag-panikutrymning-nej","8":"product_tag-rel-safetron-motorlas","9":"product_tag-safetron-20","10":"product_tag-safetron-motorlas","11":"product_shipping_class-tunga-paket","12":"pa_brands-7safetron","13":"tm-no-options","15":"first","16":"instock","17":"sale","18":"featured","19":"taxable","20":"shipping-taxable","21":"purchasable","22":"product-type-simple"},"acf":[],"_links":{"self":[{"href":"https:\/\/secureus.se\/dk\/wp-json\/wp\/v2\/product\/149387","targetHints":{"allow":["GET"]}}],"collection":[{"href":"https:\/\/secureus.se\/dk\/wp-json\/wp\/v2\/product"}],"about":[{"href":"https:\/\/secureus.se\/dk\/wp-json\/wp\/v2\/types\/product"}],"wp:featuredmedia":[{"embeddable":true,"href":"https:\/\/secureus.se\/dk\/wp-json\/wp\/v2\/media\/142821"}],"wp:attachment":[{"href":"https:\/\/secureus.se\/dk\/wp-json\/wp\/v2\/media?parent=149387"}],"wp:term":[{"taxonomy":"product_brand","embeddable":true,"href":"https:\/\/secureus.se\/dk\/wp-json\/wp\/v2\/product_brand?post=149387"},{"taxonomy":"product_cat","embeddable":true,"href":"https:\/\/secureus.se\/dk\/wp-json\/wp\/v2\/product_cat?post=149387"},{"taxonomy":"product_tag","embeddable":true,"href":"https:\/\/secureus.se\/dk\/wp-json\/wp\/v2\/product_tag?post=149387"}],"curies":[{"name":"wp","href":"https:\/\/api.w.org\/{rel}","templated":true}]}}