{"id":149390,"date":"2022-07-04T09:59:11","date_gmt":"2022-07-04T07:59:11","guid":{"rendered":"https:\/\/secureus.se\/styrenhet-motorlas-tc-cu2\/"},"modified":"2026-01-12T13:19:49","modified_gmt":"2026-01-12T12:19:49","slug":"styrenhet-motorlas-tc-cu2","status":"publish","type":"product","link":"https:\/\/secureus.se\/dk\/styrenhet-motorlas-tc-cu2\/","title":{"rendered":"Styreenhedens motorl\u00e5s TC CU2"},"content":{"rendered":"<p>TC CU2 styreenheden har markedets bredeste anvendelsesomr\u00e5de, samtidig med at den er den mest brugervenlige. Med TC CU2 kan to motorl\u00e5se tilsluttes uden nogen begr\u00e6nsning i signaludvekslingen, hvilket betyder at TC CU2 reelt er to styreenheder i \u00e9n. Det er ogs\u00e5 muligt at programmere AUX-rel\u00e6er til den \u00f8nskede funktion, f.eks. fuld kontrol over v\u00e6sentlig funktion. <\/p>\n<p>Styreenheden TC CU2 har automatisk scanning, som g\u00f8r installationen plug-and-play. Der kr\u00e6ves ingen igangs\u00e6ttelse, men parring mellem enheder sker automatisk efter 12 timer, derefter indstilles installationsdatoen ogs\u00e5 digitalt i enhederne, hvorfra garantiperioden begynder at g\u00e6lde. <\/p>\n<p>TC CU2 kommunikerer med 128-bit kryptering og tillader kabell\u00e6ngder p\u00e5 op til 100 meter mellem l\u00e5sehus og styreenhed. Dette \u00e5bner op for nye muligheder for at installere kontrolenheder i beskyttede milj\u00f8er s\u00e5som str\u00f8mcentre eller serverrum. <\/p>\n<p>Mulighed for at forbinde to motorl\u00e5se til en TC CU2 er tilg\u00e6ngelig. Brug to motorl\u00e5se i samme eller i separate d\u00f8re. Dedikerede rel\u00e6sektioner til henholdsvis l\u00e5s 1 og l\u00e5s 2. Ved montering af to motorl\u00e5se er den samme signaludveksling.<\/p>\n<p>\u2022 Indgangsl\u00e5s 1: Aktivering, Ekstern d\u00f8rmagnetkontakt<br \/>\n<br \/>\n\u2022 Indgangsl\u00e5s 2: Aktivering, Udvendig d\u00f8r magnetisk kontakt<br \/>\n<br \/>\n\u2022 Udgangsl\u00e5s 1: Ude\/ind, D\u00f8r \u00e5ben\/lukket, Impuls, Alarm<br \/>\n<br \/>\n\u2022 Udgangsl\u00e5s 2: Ude\/ind, d\u00f8r \u00e5ben\/lukket, impuls, alarm<\/p>\n<p>\u2022 10-48 VDC<br \/>\n<br \/>\n\u2022 TwoCom BUS teknologi<br \/>\n<br \/>\n\u2022 Programmerbare AUX-rel\u00e6er (f.eks. automatisk d\u00f8rstyring, v\u00e6sentlig funktion)<br \/>\n<br \/>\n\u2022 Serieforbindelse, op til to motorl\u00e5se mod TC CU2<br \/>\n<br \/>\n\u2022 Automatisk initialisering af enheder<br \/>\n<br \/>\n\u2022 Hver rel\u00e6udgang kan indstilles individuelt til NO eller NC via en kortslutningsjumper<br \/>\n<br \/>\n\u2022 LED p\u00e5 hver enkelt rel\u00e6udgang for at angive aktivering<br \/>\n<br \/>\n\u2022 H\u00e6ndelseslog<br \/>\n<br \/>\n\u2022 Fejlkodeh\u00e5ndtering via display<br \/>\n<br \/>\n\u2022 Servicemodul<br \/>\n<br \/>\n\u2022 Klarer lange kabell\u00e6ngder, op til 100 meter mellem l\u00e5sehus og styreenhed<br \/>\n<br \/>\n\u2022 Lavt str\u00f8mforbrug (&gt;1W i standby)<br \/>\n<br \/>\n\u2022 Sammen med motorl\u00e5se fra 6000-serien opfylder SSF-3522 l\u00e5seklasse 3, 4 og 5<\/p>","protected":false},"excerpt":{"rendered":"<p>TC CU2 styreenheden har det bredeste anvendelsesomr\u00e5de p\u00e5 markedet, samtidig med at den er den mest brugervenlige. Med TC CU2 kan to motorl\u00e5se tilsluttes uden nogen begr\u00e6nsning i signaludveksling, det betyder at TC<\/p>","protected":false},"featured_media":142212,"template":"","meta":{"_acf_changed":false},"product_brand":[],"product_cat":[2834],"product_tag":[4508,4866,4452],"class_list":{"0":"post-149390","1":"product","2":"type-product","3":"status-publish","4":"has-post-thumbnail","6":"product_cat-ellas-motorlastillbehor","7":"product_tag-ellas-tillbehor-styrenheter","8":"product_tag-safetron-20","9":"product_tag-safetron-tillbehor-motorlas-6000-serien","10":"product_shipping_class-tunga-paket","11":"pa_brands-7safetron","12":"tm-has-options","14":"first","15":"instock","16":"featured","17":"taxable","18":"shipping-taxable","19":"purchasable","20":"product-type-simple"},"acf":[],"_links":{"self":[{"href":"https:\/\/secureus.se\/dk\/wp-json\/wp\/v2\/product\/149390","targetHints":{"allow":["GET"]}}],"collection":[{"href":"https:\/\/secureus.se\/dk\/wp-json\/wp\/v2\/product"}],"about":[{"href":"https:\/\/secureus.se\/dk\/wp-json\/wp\/v2\/types\/product"}],"wp:featuredmedia":[{"embeddable":true,"href":"https:\/\/secureus.se\/dk\/wp-json\/wp\/v2\/media\/142212"}],"wp:attachment":[{"href":"https:\/\/secureus.se\/dk\/wp-json\/wp\/v2\/media?parent=149390"}],"wp:term":[{"taxonomy":"product_brand","embeddable":true,"href":"https:\/\/secureus.se\/dk\/wp-json\/wp\/v2\/product_brand?post=149390"},{"taxonomy":"product_cat","embeddable":true,"href":"https:\/\/secureus.se\/dk\/wp-json\/wp\/v2\/product_cat?post=149390"},{"taxonomy":"product_tag","embeddable":true,"href":"https:\/\/secureus.se\/dk\/wp-json\/wp\/v2\/product_tag?post=149390"}],"curies":[{"name":"wp","href":"https:\/\/api.w.org\/{rel}","templated":true}]}}