{"id":149394,"date":"2022-07-04T09:56:45","date_gmt":"2022-07-04T07:56:45","guid":{"rendered":"https:\/\/secureus.se\/styrenhet-5000\/"},"modified":"2026-01-12T13:24:41","modified_gmt":"2026-01-12T12:24:41","slug":"styrenhet-5000","status":"publish","type":"product","link":"https:\/\/secureus.se\/dk\/styrenhet-5000\/","title":{"rendered":"Safetron styreenhed 5000"},"content":{"rendered":"<p>Styreenhed 5000 standard fungerer sammen med motorl\u00e5sebokse 5150, 5188, 5250, 5350, 5450, 5328, 5335 og opfylder kravene iht. bl.a. WEE og RoHS. Styreenheden er udstyret med dobbelt rel\u00e6udgange for maksimal signaludveksling. Der er tre separate indgange til aktivering af l\u00e5sen, potentialfri lukning, timer og str\u00f8mimpuls. Alarmudgang og sabotagemikroafbryder. Processoren er programmeret s\u00e5ledes, at alarmen udl\u00f8ses ved kabelbrud, dette for \u00f8get sikkerhed. svensk lavet.<br \/>\n<br \/>\n?Opfylder kravene iht. bl.a. WEE og RoHS<br \/>\n<br \/>\n?Rel\u00e6udgange:<br \/>\n<br \/>\n Dagsblokering<br \/>\n<br \/>\n N\u00f8d\u00e5bning \/ tidskontrol<br \/>\n<br \/>\n Udvendig d\u00f8rmagnetkontakt<br \/>\n<br \/>\n Alarm<br \/>\n<br \/>\n D\u00f8ren lukket<br \/>\n<br \/>\n D\u00f8ren \u00e5ben<br \/>\n<br \/>\n Foralarm<br \/>\n<br \/>\n Herske indeni<br \/>\n<br \/>\n Udelukke<br \/>\n<br \/>\n Impulssignal<br \/>\n<br \/>\n \u00c5bningsimpuls, potentialfri<br \/>\n<br \/>\n \u00c5bningsimpuls, sp\u00e6nding<br \/>\n<br \/>\n Beskyttende jord<br \/>\n<br \/>\n?Sabotagemikroafbryder<br \/>\n<br \/>\n? Kortslutning beskyttet<br \/>\n<br \/>\nSp\u00e6nding: 10-35VDC\/8-24VAC, 50-350mA<br \/>\n<br \/>\nM\u00e5l: (hxb) 220\u00d7108 mm<\/p>","protected":false},"excerpt":{"rendered":"<p>Styreenhed 5000 standard fungerer sammen med motorl\u00e5sebokse 5150, 5188, 5250, 5350, 5450, 5328, 5335 og opfylder kravene iht. blandt andet: WEEE og RoHS. Styreenheden er udstyret med dobbelt rel\u00e6udgange for maksimalt<\/p>","protected":false},"featured_media":142061,"template":"","meta":{"_acf_changed":false},"product_brand":[],"product_cat":[2834],"product_tag":[4508,4866,4503],"class_list":{"0":"post-149394","1":"product","2":"type-product","3":"status-publish","4":"has-post-thumbnail","6":"product_cat-ellas-motorlastillbehor","7":"product_tag-ellas-tillbehor-styrenheter","8":"product_tag-safetron-20","9":"product_tag-safetron-tillbehor-motorlas-5000-serien","10":"product_shipping_class-tunga-paket","11":"pa_brands-7safetron","12":"tm-no-options","14":"first","15":"instock","16":"featured","17":"taxable","18":"shipping-taxable","19":"purchasable","20":"product-type-simple"},"acf":[],"_links":{"self":[{"href":"https:\/\/secureus.se\/dk\/wp-json\/wp\/v2\/product\/149394","targetHints":{"allow":["GET"]}}],"collection":[{"href":"https:\/\/secureus.se\/dk\/wp-json\/wp\/v2\/product"}],"about":[{"href":"https:\/\/secureus.se\/dk\/wp-json\/wp\/v2\/types\/product"}],"wp:featuredmedia":[{"embeddable":true,"href":"https:\/\/secureus.se\/dk\/wp-json\/wp\/v2\/media\/142061"}],"wp:attachment":[{"href":"https:\/\/secureus.se\/dk\/wp-json\/wp\/v2\/media?parent=149394"}],"wp:term":[{"taxonomy":"product_brand","embeddable":true,"href":"https:\/\/secureus.se\/dk\/wp-json\/wp\/v2\/product_brand?post=149394"},{"taxonomy":"product_cat","embeddable":true,"href":"https:\/\/secureus.se\/dk\/wp-json\/wp\/v2\/product_cat?post=149394"},{"taxonomy":"product_tag","embeddable":true,"href":"https:\/\/secureus.se\/dk\/wp-json\/wp\/v2\/product_tag?post=149394"}],"curies":[{"name":"wp","href":"https:\/\/api.w.org\/{rel}","templated":true}]}}