{"id":149395,"date":"2022-07-04T10:04:07","date_gmt":"2022-07-04T08:04:07","guid":{"rendered":"https:\/\/secureus.se\/relakort-rec\/"},"modified":"2025-09-25T17:52:42","modified_gmt":"2025-09-25T15:52:42","slug":"relakort-rec","status":"publish","type":"product","link":"https:\/\/secureus.se\/dk\/relakort-rec\/","title":{"rendered":"Safetron rel\u00e6kort REC"},"content":{"rendered":"<p>SAFETRON REC er et rel\u00e6kort, som h\u00e5ndterer genbel\u00e6gning i kombination med SAFETRON SL621 eller SAFETRON SL630, n\u00e5r disse bruges med n\u00f8devakueringsbeslag 794. <\/p>\n<p>Trykfunktionen i SL621 og SL630 har en omvendt funktion og derved aktiveres genhusning ved at nedbryde sp\u00e6ndingen til d\u00f8rmilj\u00f8et. Nedbruddet kan ske ved aktiveret brandalarm eller ved aktiveret n\u00f8dbeslag 794, som er tilsluttet SAFETRON REC. <\/p>\n<p>Aktiveringen til trykket er forbundet via rel\u00e6kortet REC, mikrokontakten p\u00e5 n\u00f8devakueringsenheden er forbundet med rel\u00e6kortet. N\u00e5r n\u00f8dbeslag aktiveres, skifter l\u00e5serel\u00e6et, hvilket afbryder sp\u00e6ndingen til trykket, som derefter placeres i en mekanisk tilsluttet position og dermed tillader geninds\u00e6ttelse. <\/p>\n<p>Reset sker ved potentialfri tilslutning til rel\u00e6kortet. SAFETRON REC har alarmudgange NO\/NC for at signalere aktiveret genhusning.<\/p>","protected":false},"excerpt":{"rendered":"<p>SAFETRON REC er et rel\u00e6kort, som h\u00e5ndterer re-entry i kombination med SAFETRON SL621 eller SAFETRON SL630, n\u00e5r det bruges med n\u00f8devakueringsbeslag 794. Trykknapfunktionen i SL621 og SL630 har omvendt funktion.<\/p>","protected":false},"featured_media":141950,"template":"","meta":{"_acf_changed":false},"product_brand":[],"product_cat":[2834],"product_tag":[4508,4866,4505],"class_list":{"0":"post-149395","1":"product","2":"type-product","3":"status-publish","4":"has-post-thumbnail","6":"product_cat-ellas-motorlastillbehor","7":"product_tag-ellas-tillbehor-styrenheter","8":"product_tag-safetron-20","9":"product_tag-safetron-tillbehor-600-serien","10":"product_shipping_class-tunga-paket","11":"pa_brands-7safetron","12":"tm-no-options","14":"first","15":"instock","16":"sale","17":"featured","18":"taxable","19":"shipping-taxable","20":"purchasable","21":"product-type-simple"},"acf":[],"_links":{"self":[{"href":"https:\/\/secureus.se\/dk\/wp-json\/wp\/v2\/product\/149395","targetHints":{"allow":["GET"]}}],"collection":[{"href":"https:\/\/secureus.se\/dk\/wp-json\/wp\/v2\/product"}],"about":[{"href":"https:\/\/secureus.se\/dk\/wp-json\/wp\/v2\/types\/product"}],"wp:featuredmedia":[{"embeddable":true,"href":"https:\/\/secureus.se\/dk\/wp-json\/wp\/v2\/media\/141950"}],"wp:attachment":[{"href":"https:\/\/secureus.se\/dk\/wp-json\/wp\/v2\/media?parent=149395"}],"wp:term":[{"taxonomy":"product_brand","embeddable":true,"href":"https:\/\/secureus.se\/dk\/wp-json\/wp\/v2\/product_brand?post=149395"},{"taxonomy":"product_cat","embeddable":true,"href":"https:\/\/secureus.se\/dk\/wp-json\/wp\/v2\/product_cat?post=149395"},{"taxonomy":"product_tag","embeddable":true,"href":"https:\/\/secureus.se\/dk\/wp-json\/wp\/v2\/product_tag?post=149395"}],"curies":[{"name":"wp","href":"https:\/\/api.w.org\/{rel}","templated":true}]}}