{"id":149396,"date":"2022-07-04T07:49:52","date_gmt":"2022-07-04T05:49:52","guid":{"rendered":"https:\/\/secureus.se\/motorlas-5150-kpl\/"},"modified":"2026-01-12T13:16:32","modified_gmt":"2026-01-12T12:16:32","slug":"motorlas-5150-kpl","status":"publish","type":"product","link":"https:\/\/secureus.se\/dk\/motorlas-5150-kpl\/","title":{"rendered":"Safetron Motorl\u00e5s 5150 kpl"},"content":{"rendered":"<p>SAFETRON motorl\u00e5s 5150 i s\u00e6t emballage. S\u00e6ttet indeholder: motorl\u00e5s 5150, styreenhed 5000, tilslutningskabel C01 (10m), endeplade 106-2 og rammeoverf\u00f8rsel CT81.<\/p>\n<p>SAFETRON 5150 frakobles p\u00e5 0,3 sekunder, og derfor er der normalt ikke behov for separat dagl\u00e5s p\u00e5 h\u00f8jfrekvente d\u00f8re. Motorl\u00e5sen fungerer perfekt sammen med automatiske d\u00f8r\u00e5bnere.<\/p>\n<p>Typiske anvendelsesomr\u00e5der er dag-, nat- og sikkerhedsafl\u00e5sning i handel, kontorer og industri. L\u00e5sen opfylder krav svarende til SS 3079 l\u00e5s klasse 3. Motorl\u00e5sen er udstyret med et forst\u00e6rket lige stempel for maksimal styrke.<\/p>\n<p>\u2022 Dorndybde: 50 mm<\/p>\n<p>\u2022 Opretningsstempel<\/p>\n<p>\u2022 Deaktiverer i 0,3 sekunder<\/p>\n<p>\u2022 Tilpasset d\u00f8rautomatik<\/p>\n<p>\u2022 Certificeret i henhold til SS-EN 14846<\/p>\n<p>Styreenheden har dobbelte klemr\u00e6kker (NC\/NO) og f\u00f8lgende rel\u00e6funktion:<\/p>\n<p>\u2022 Potentialfri \u00e5bningsimpuls<\/p>\n<p>\u2022 Timer\/n\u00f8d\u00e5bning<\/p>\n<p>\u2022 Udvendig d\u00f8rmagnet<\/p>\n<p>\u2022 Alarm<\/p>\n<p>\u2022 D\u00f8ren lukket<\/p>\n<p>\u2022 Udelukke<\/p>\n<p>\u2022 Indstilling af \u00e5bningstid 1-25 s<\/p>\n<p>\u2022 Alarm i tilf\u00e6lde af kabeltab<\/p>\n<p>\u2022 \u00c5bningsimpulssp\u00e6nding<\/p>\n<p>\u2022 Dagsblokering<\/p>\n<p>\u2022 D\u00f8r \u00e5ben<\/p>\n<p>\u2022 Alarmknapfunktion<\/p>\n<p>\u2022 Herske indeni<\/p>\n<p>\u2022 Impulssignal<\/p>\n<p>\u2022 Sp\u00e6nding: 10-35 VDC\/ 8-24 VAC<\/p>\n<p>\u2022 Str\u00f8mforbrug: 50-350 mA<\/p>","protected":false},"excerpt":{"rendered":"<p>SAFETRON motorl\u00e5s 5150 i satsf\u00f6rpackning. Satsf\u00f6rpackningen inneh\u00e5ller: motorl\u00e5s 5150, styrenhet 5000, anslutningskabel C01 (10m), slutbleck 106-2 samt karm\u00f6verf\u00f6ring CT81. SAFETRON 5150 fr\u00e5nreglar under 0.3 sekunder och d\u00e4rf\u00f6r beh\u00f6vs normalt sett<\/p>","protected":false},"featured_media":142856,"template":"","meta":{"_acf_changed":false},"product_brand":[],"product_cat":[2874],"product_tag":[4512,4500,4866,4511],"class_list":{"0":"post-149396","1":"product","2":"type-product","3":"status-publish","4":"has-post-thumbnail","6":"product_cat-motorlas","7":"product_tag-motorlas-komplett-kpl","8":"product_tag-rel-safetron-motorlas","9":"product_tag-safetron-20","10":"product_tag-safetron-eltryckeslas","11":"product_shipping_class-tunga-paket","12":"pa_brands-7safetron","13":"tm-no-options","15":"first","16":"instock","17":"sale","18":"featured","19":"taxable","20":"shipping-taxable","21":"purchasable","22":"product-type-simple"},"acf":[],"_links":{"self":[{"href":"https:\/\/secureus.se\/dk\/wp-json\/wp\/v2\/product\/149396","targetHints":{"allow":["GET"]}}],"collection":[{"href":"https:\/\/secureus.se\/dk\/wp-json\/wp\/v2\/product"}],"about":[{"href":"https:\/\/secureus.se\/dk\/wp-json\/wp\/v2\/types\/product"}],"wp:featuredmedia":[{"embeddable":true,"href":"https:\/\/secureus.se\/dk\/wp-json\/wp\/v2\/media\/142856"}],"wp:attachment":[{"href":"https:\/\/secureus.se\/dk\/wp-json\/wp\/v2\/media?parent=149396"}],"wp:term":[{"taxonomy":"product_brand","embeddable":true,"href":"https:\/\/secureus.se\/dk\/wp-json\/wp\/v2\/product_brand?post=149396"},{"taxonomy":"product_cat","embeddable":true,"href":"https:\/\/secureus.se\/dk\/wp-json\/wp\/v2\/product_cat?post=149396"},{"taxonomy":"product_tag","embeddable":true,"href":"https:\/\/secureus.se\/dk\/wp-json\/wp\/v2\/product_tag?post=149396"}],"curies":[{"name":"wp","href":"https:\/\/api.w.org\/{rel}","templated":true}]}}