{"id":149399,"date":"2022-07-04T07:49:49","date_gmt":"2022-07-04T05:49:49","guid":{"rendered":"https:\/\/secureus.se\/motorlas-5250-ho-va\/"},"modified":"2026-01-12T13:16:49","modified_gmt":"2026-01-12T12:16:49","slug":"motorlas-5250-ho-va","status":"publish","type":"product","link":"https:\/\/secureus.se\/dk\/motorlas-5250-ho-va\/","title":{"rendered":"Safetron Motorl\u00e5s 5250 h\/w"},"content":{"rendered":"<p>SAFETRON motorl\u00e5s 5250 udkobles p\u00e5 0,3 sekunder, og derfor er der normalt ikke behov for separat dagl\u00e5s p\u00e5 h\u00f8jfrekvente d\u00f8re.<\/p>\n<p>Typiske anvendelsesomr\u00e5der er dag-, nat- og sikkerhedsafl\u00e5sning i handel, kontorer og industri. L\u00e5sen opfylder krav svarende til SS 3079 l\u00e5s klasse 3. Motorl\u00e5sen er udstyret med et forst\u00e6rket lige stempel for maksimal styrke.<\/p>\n<p>\u2022 Dorndybde: 50 mm<\/p>\n<p>\u2022 Opretningsstempel<\/p>\n<p>\u2022 Faldstempel<\/p>\n<p>\u2022 Deaktiverer i 0,3 sekunder<\/p>\n<p>\u2022 Tilpasset d\u00f8rautomatik<\/p>\n<p>\u2022 Certificeret i henhold til SS-EN 14846<\/p>","protected":false},"excerpt":{"rendered":"<p>SAFETRON motorl\u00e5s 5250 fr\u00e5nreglar under 0.3 sekunder och d\u00e4rf\u00f6r beh\u00f6vs normalt sett inget separat dagl\u00e5s p\u00e5 h\u00f6gfrekventa d\u00f6rrar. Typiska anv\u00e4ndningsomr\u00e5den \u00e4r dag-, natt- och s\u00e4kerhetsl\u00e5sning inom handel, kontor och industri.<\/p>","protected":false},"featured_media":142104,"template":"","meta":{"_acf_changed":false},"product_brand":[],"product_cat":[2874],"product_tag":[4500,4866,4511],"class_list":{"0":"post-149399","1":"product","2":"type-product","3":"status-publish","4":"has-post-thumbnail","6":"product_cat-motorlas","7":"product_tag-rel-safetron-motorlas","8":"product_tag-safetron-20","9":"product_tag-safetron-eltryckeslas","10":"product_shipping_class-tunga-paket","11":"pa_brands-7safetron","12":"tm-no-options","14":"first","15":"instock","16":"sale","17":"featured","18":"taxable","19":"shipping-taxable","20":"purchasable","21":"product-type-simple"},"acf":[],"_links":{"self":[{"href":"https:\/\/secureus.se\/dk\/wp-json\/wp\/v2\/product\/149399","targetHints":{"allow":["GET"]}}],"collection":[{"href":"https:\/\/secureus.se\/dk\/wp-json\/wp\/v2\/product"}],"about":[{"href":"https:\/\/secureus.se\/dk\/wp-json\/wp\/v2\/types\/product"}],"wp:featuredmedia":[{"embeddable":true,"href":"https:\/\/secureus.se\/dk\/wp-json\/wp\/v2\/media\/142104"}],"wp:attachment":[{"href":"https:\/\/secureus.se\/dk\/wp-json\/wp\/v2\/media?parent=149399"}],"wp:term":[{"taxonomy":"product_brand","embeddable":true,"href":"https:\/\/secureus.se\/dk\/wp-json\/wp\/v2\/product_brand?post=149399"},{"taxonomy":"product_cat","embeddable":true,"href":"https:\/\/secureus.se\/dk\/wp-json\/wp\/v2\/product_cat?post=149399"},{"taxonomy":"product_tag","embeddable":true,"href":"https:\/\/secureus.se\/dk\/wp-json\/wp\/v2\/product_tag?post=149399"}],"curies":[{"name":"wp","href":"https:\/\/api.w.org\/{rel}","templated":true}]}}