{"id":149411,"date":"2022-07-04T07:50:50","date_gmt":"2022-07-04T05:50:50","guid":{"rendered":"https:\/\/secureus.se\/motorlas-5250-kpl\/"},"modified":"2026-01-12T13:16:41","modified_gmt":"2026-01-12T12:16:41","slug":"motorlas-5250-kpl","status":"publish","type":"product","link":"https:\/\/secureus.se\/dk\/motorlas-5250-kpl\/","title":{"rendered":"Safetron Motorl\u00e5s 5250 kpl"},"content":{"rendered":"<p>SAFETRON motorl\u00e5s 5250 i s\u00e6t emballage. S\u00e6ttet indeholder: motorl\u00e5s 5250, styreenhed 5000, tilslutningskabel C01 (10m), endeplade 106-2 og rammeoverf\u00f8rsel CT81.<\/p>\n<p>SAFETRON 5250 frakobles p\u00e5 0,3 sekunder, og derfor er der normalt ikke behov for separat dagl\u00e5s p\u00e5 h\u00f8jfrekvente d\u00f8re.<\/p>\n<p>Typiske anvendelsesomr\u00e5der er dag-, nat- og sikkerhedsafl\u00e5sning i handel, kontorer og industri. L\u00e5sen opfylder krav svarende til SS 3079 l\u00e5s klasse 3. Motorl\u00e5sen er udstyret med et forst\u00e6rket lige stempel for maksimal styrke.<\/p>\n<p>\u2022 Dorndybde: 50 mm<\/p>\n<p>\u2022 Opretningsstempel<\/p>\n<p>\u2022 Faldstempel<\/p>\n<p>\u2022 Deaktiverer i 0,3 sekunder<\/p>\n<p>\u2022 Tilpasset d\u00f8rautomatik<\/p>\n<p>\u2022 Certificeret i henhold til SS-EN 14846<\/p>\n<p>Styreenheden har dobbelte klemr\u00e6kker (NC\/NO) og f\u00f8lgende rel\u00e6funktion:<\/p>\n<p>\u2022 Potentialfri \u00e5bningsimpuls<\/p>\n<p>\u2022 Timer\/n\u00f8d\u00e5bning<\/p>\n<p>\u2022 Udvendig d\u00f8rmagnet<\/p>\n<p>\u2022 Alarm<\/p>\n<p>\u2022 D\u00f8ren lukket<\/p>\n<p>\u2022 Udelukke<\/p>\n<p>\u2022 Indstilling af \u00e5bningstid 1-25 s<\/p>\n<p>\u2022 Alarm i tilf\u00e6lde af kabeltab<\/p>\n<p>\u2022 \u00c5bningsimpulssp\u00e6nding<\/p>\n<p>\u2022 Dagsblokering<\/p>\n<p>\u2022 D\u00f8r \u00e5ben<\/p>\n<p>\u2022 Alarmknapfunktion<\/p>\n<p>\u2022 Herske indeni<\/p>\n<p>\u2022 Impulssignal<\/p>\n<p>\u2022 Sp\u00e6nding: 10-35 VDC\/ 8-24 VAC<\/p>\n<p>\u2022 Str\u00f8mforbrug: 50-350 mA<\/p>","protected":false},"excerpt":{"rendered":"<p>SAFETRON motorl\u00e5s 5250 i s\u00e6t emballage. S\u00e6ttet indeholder: motorl\u00e5s 5250, styreenhed 5000, tilslutningskabel C01 (10m), slutplade 106-2 og rammeoverf\u00f8rsel CT81. SAFETRON 5250 l\u00e5ser op p\u00e5 0,3 sekunder og kr\u00e6ver derfor normalt<\/p>","protected":false},"featured_media":142084,"template":"","meta":{"_acf_changed":false},"product_brand":[],"product_cat":[2874],"product_tag":[4512,4500,4866,4511],"class_list":{"0":"post-149411","1":"product","2":"type-product","3":"status-publish","4":"has-post-thumbnail","6":"product_cat-motorlas","7":"product_tag-motorlas-komplett-kpl","8":"product_tag-rel-safetron-motorlas","9":"product_tag-safetron-20","10":"product_tag-safetron-eltryckeslas","11":"product_shipping_class-tunga-paket","12":"pa_brands-7safetron","13":"tm-no-options","15":"first","16":"instock","17":"sale","18":"featured","19":"taxable","20":"shipping-taxable","21":"purchasable","22":"product-type-simple"},"acf":[],"_links":{"self":[{"href":"https:\/\/secureus.se\/dk\/wp-json\/wp\/v2\/product\/149411","targetHints":{"allow":["GET"]}}],"collection":[{"href":"https:\/\/secureus.se\/dk\/wp-json\/wp\/v2\/product"}],"about":[{"href":"https:\/\/secureus.se\/dk\/wp-json\/wp\/v2\/types\/product"}],"wp:featuredmedia":[{"embeddable":true,"href":"https:\/\/secureus.se\/dk\/wp-json\/wp\/v2\/media\/142084"}],"wp:attachment":[{"href":"https:\/\/secureus.se\/dk\/wp-json\/wp\/v2\/media?parent=149411"}],"wp:term":[{"taxonomy":"product_brand","embeddable":true,"href":"https:\/\/secureus.se\/dk\/wp-json\/wp\/v2\/product_brand?post=149411"},{"taxonomy":"product_cat","embeddable":true,"href":"https:\/\/secureus.se\/dk\/wp-json\/wp\/v2\/product_cat?post=149411"},{"taxonomy":"product_tag","embeddable":true,"href":"https:\/\/secureus.se\/dk\/wp-json\/wp\/v2\/product_tag?post=149411"}],"curies":[{"name":"wp","href":"https:\/\/api.w.org\/{rel}","templated":true}]}}