{"id":149413,"date":"2022-07-04T07:50:05","date_gmt":"2022-07-04T05:50:05","guid":{"rendered":"https:\/\/secureus.se\/ellas-sl621-omvand\/"},"modified":"2026-01-12T15:22:28","modified_gmt":"2026-01-12T14:22:28","slug":"ellas-sl621-omvand","status":"publish","type":"product","link":"https:\/\/secureus.se\/dk\/ellas-sl621-omvand\/","title":{"rendered":"Safetron Electric Lock SL621 vendbart l\u00e5sehus"},"content":{"rendered":"<h1>Safetron Electric Lock SL621 vendbart l\u00e5sehus<\/h1>\n<p>SAFETRON SL621 er n\u00e6ste generations multifunktionelle elektriske trykl\u00e5s med splitfunktion og patenteret hybridteknologi.<\/p>\n<p>Typiske anvendelsesomr\u00e5der er indvendig l\u00e5sning af h\u00f8jfrekvente d\u00f8re i erhvervsbygninger, hospitaler, skoler, industrier og flerfamiliehuse, hvor h\u00f8j driftssikkerhed er n\u00f8dvendig.<\/p>\n<p>Der gives indikation for sammenkobling, trykknapbev\u00e6gelse, d\u00f8rstatus via en magnetkontakt og en drejeknapindikation. Drejeknapindikationen g\u00f8r det muligt at udl\u00f8se en alarm i tilf\u00e6lde af uautoriseret cylinderpassage.<\/p>\n<p>SL621 har den omvendte funktion.<\/p>\n<p>SAFETRON SL621 har en patenteret hybridteknologi, der muligg\u00f8r \u00e6ndring af stempelplacering.<\/p>\n<p>Det betyder, at l\u00e5sen kan bruges sammen med slutblik og karmudsparinger tilpasset til b\u00e5de ASSA connect og ASSA classic modulserien.<\/p>\n<p>Det g\u00e6lder b\u00e5de \u00e6ldre og nyproducerede d\u00f8rmilj\u00f8er. Det er nemt at justere stempelplaceringen, lige s\u00e5 nemt som en traditionel stempelvending.<\/p>\n<p>SAFETRON SL621 kan justeres mellem enkeltfunktion, der giver elektrisk aktivering fra begge sider (dobbeltkortl\u00e6sere), og deltfunktion, hvilket betyder, at den udvendige trykknap styres elektrisk, mens den indvendige trykknap altid er mekanisk aktiveret og dermed altid tillader en mekanisk udgang.<\/p>\n<p>Ved at bruge split-l\u00e5sefunktionen elimineres behovet for en \u00e5bneknap eller adgangskontrol p\u00e5 indersiden.<\/p>\n<div class=\"tabRow\"><span class=\"bold\">Sp\u00e6nding<\/span>12-24VDC (-10%\/+15%)<\/div>\n<div class=\"tabRow\"><span class=\"bold\">Str\u00f8mforbrug<\/span>12VDC: 70mA<br \/>\n24VDC: 40mA<\/div>\n<div class=\"tabRow\"><span class=\"bold\">Temperaturomr\u00e5de<\/span>-20\u00b0C \u2013 +40\u00b0C<\/div>\n<div class=\"tabRow\"><span class=\"bold\">Feature<\/span>Invers funktion<\/div>\n<div class=\"tabRow\"><span class=\"bold\">Brandklassificering<\/span>Ja (E\/EI 120)<\/div>\n<div class=\"tabRow\"><span class=\"bold\">Signaler<\/span>Interlock, trykknapbev\u00e6gelse, d\u00f8rstatus, cylinder<\/div>","protected":false},"excerpt":{"rendered":"<p>Safetron Ell\u00e5s SL621 omv\u00e4ndbart l\u00e5shus SAFETRON SL621 \u00e4r n\u00e4sta generationens multifunktionella eltryckesl\u00e5s med split funktion och patenterad hybridteknologi. Typiska anv\u00e4ndningsomr\u00e5den \u00e4r intern l\u00e5sning av h\u00f6gfrekventa d\u00f6rrar i aff\u00e4rsbyggnader, sjukhus, skolor,<\/p>","protected":false},"featured_media":141986,"template":"","meta":{"_acf_changed":false},"product_brand":[],"product_cat":[2429],"product_tag":[2286,4510,4866,4511],"class_list":{"0":"post-149413","1":"product","2":"type-product","3":"status-publish","4":"has-post-thumbnail","6":"product_cat-ellas","7":"product_tag-ellas-eltryckeslas","8":"product_tag-rel-safetron-eltryckeslas","9":"product_tag-safetron-20","10":"product_tag-safetron-eltryckeslas","11":"product_shipping_class-tunga-paket","12":"tm-has-options","14":"first","15":"instock","16":"sale","17":"featured","18":"taxable","19":"shipping-taxable","20":"purchasable","21":"product-type-simple"},"acf":[],"_links":{"self":[{"href":"https:\/\/secureus.se\/dk\/wp-json\/wp\/v2\/product\/149413","targetHints":{"allow":["GET"]}}],"collection":[{"href":"https:\/\/secureus.se\/dk\/wp-json\/wp\/v2\/product"}],"about":[{"href":"https:\/\/secureus.se\/dk\/wp-json\/wp\/v2\/types\/product"}],"wp:featuredmedia":[{"embeddable":true,"href":"https:\/\/secureus.se\/dk\/wp-json\/wp\/v2\/media\/141986"}],"wp:attachment":[{"href":"https:\/\/secureus.se\/dk\/wp-json\/wp\/v2\/media?parent=149413"}],"wp:term":[{"taxonomy":"product_brand","embeddable":true,"href":"https:\/\/secureus.se\/dk\/wp-json\/wp\/v2\/product_brand?post=149413"},{"taxonomy":"product_cat","embeddable":true,"href":"https:\/\/secureus.se\/dk\/wp-json\/wp\/v2\/product_cat?post=149413"},{"taxonomy":"product_tag","embeddable":true,"href":"https:\/\/secureus.se\/dk\/wp-json\/wp\/v2\/product_tag?post=149413"}],"curies":[{"name":"wp","href":"https:\/\/api.w.org\/{rel}","templated":true}]}}