{"id":149414,"date":"2022-07-04T10:07:01","date_gmt":"2022-07-04T08:07:01","guid":{"rendered":"https:\/\/secureus.se\/slutbleck-106-6\/"},"modified":"2025-12-31T20:20:30","modified_gmt":"2025-12-31T19:20:30","slug":"slutbleck-106-6","status":"publish","type":"product","link":"https:\/\/secureus.se\/dk\/slutbleck-106-6\/","title":{"rendered":"Endeplade 106-6"},"content":{"rendered":"<h1>Endeplade 106-6<\/h1>\n<p class=\"\" data-start=\"261\" data-end=\"808\">Sl\u00e5plade 106-6 er designet til brug i SAPA profilsystem 2086 og er kompatibel med motorl\u00e5se i 5000- og 6000-serien samt SAFETRON elektriske trykknapl\u00e5se.<\/p>\n<p class=\"\" data-start=\"261\" data-end=\"808\">Den har en justerbar bro, hvilket betyder, at b\u00e5de ASSA connect og klassiske stempelplaceringer passer til denne slagplade.<\/p>\n<p class=\"\" data-start=\"261\" data-end=\"808\">Leveres komplet med justerbar magnet og er lavet af rustfrit st\u00e5l for holdbarhed og lang levetid.<\/p>\n<p class=\"\" data-start=\"261\" data-end=\"808\">Med en bredde p\u00e5 58 mm, l\u00e6ngde p\u00e5 200 mm og dybde p\u00e5 27 mm er den perfekt til en r\u00e6kke d\u00f8rl\u00f8sninger, hvor b\u00e5de sikkerhed og funktion er vigtig.<\/p>\n<p class=\"\" data-start=\"810\" data-end=\"827\"><strong data-start=\"810\" data-end=\"824\">Egenskaber<\/strong>:<\/p>\n<ul data-start=\"828\" data-end=\"1099\">\n<li class=\"\" data-start=\"828\" data-end=\"867\">\n<p class=\"\" data-start=\"830\" data-end=\"867\">Tilpasset til SAPA profilsystem 2086<\/p>\n<\/li>\n<li class=\"\" data-start=\"868\" data-end=\"946\">\n<p class=\"\" data-start=\"870\" data-end=\"946\">Kompatibel med motorl\u00e5se i 5000- og 6000-serien og SAFETRON elektriske trykknapl\u00e5se<\/p>\n<\/li>\n<li class=\"\" data-start=\"947\" data-end=\"1012\">\n<p class=\"\" data-start=\"949\" data-end=\"1012\">Justerbar bro til ASSA connect og klassiske stempelplaceringer<\/p>\n<\/li>\n<li class=\"\" data-start=\"1013\" data-end=\"1047\">\n<p class=\"\" data-start=\"1015\" data-end=\"1047\">Leveres med justerbar magnet<\/p>\n<\/li>\n<li class=\"\" data-start=\"1048\" data-end=\"1099\">\n<p class=\"\" data-start=\"1050\" data-end=\"1099\">Fremstillet af rustfrit st\u00e5l for lang holdbarhed<\/p>\n<\/li>\n<\/ul>\n<p class=\"\" data-start=\"1101\" data-end=\"1120\"><strong data-start=\"1101\" data-end=\"1117\">Teknisk data<\/strong>:<\/p>\n<ul data-start=\"1121\" data-end=\"1339\">\n<li class=\"\" data-start=\"1121\" data-end=\"1141\">\n<p class=\"\" data-start=\"1123\" data-end=\"1141\"><strong data-start=\"1123\" data-end=\"1132\">Bredde<\/strong>: 58 mm<\/p>\n<\/li>\n<li class=\"\" data-start=\"1142\" data-end=\"1163\">\n<p class=\"\" data-start=\"1144\" data-end=\"1163\"><strong data-start=\"1144\" data-end=\"1153\">L\u00e6ngde<\/strong>: 200 mm<\/p>\n<\/li>\n<li class=\"\" data-start=\"1164\" data-end=\"1183\">\n<p class=\"\" data-start=\"1166\" data-end=\"1183\"><strong data-start=\"1166\" data-end=\"1174\">Dybde<\/strong>: 27 mm<\/p>\n<\/li>\n<li class=\"\" data-start=\"1184\" data-end=\"1209\">\n<p class=\"\" data-start=\"1186\" data-end=\"1209\"><strong data-start=\"1186\" data-end=\"1198\">Tungem\u00e5l<\/strong>: 27,5 mm<\/p>\n<\/li>\n<li class=\"\" data-start=\"1210\" data-end=\"1242\">\n<p class=\"\" data-start=\"1212\" data-end=\"1242\"><strong data-start=\"1212\" data-end=\"1224\">Materiale<\/strong>: Rustfrit st\u00e5l<\/p>\n<\/li>\n<li class=\"\" data-start=\"1243\" data-end=\"1339\">\n<p class=\"\" data-start=\"1245\" data-end=\"1339\"><strong data-start=\"1245\" data-end=\"1263\">Kompatibilitet<\/strong>: SAPA profilsystem 2086, motorl\u00e5s 5000\/6000 serien, SAFETRON elektrisk trykl\u00e5s<\/p>\n<\/li>\n<\/ul>","protected":false},"excerpt":{"rendered":"<p>Endeplade 106-6 til SAPA profilsystem 2086, med justerbar bro og magnet.<\/p>\n<p>Kompatibel med motorl\u00e5se 5000\/6000-serien og SAFETRON elektriske trykknapl\u00e5se.<\/p>","protected":false},"featured_media":142384,"template":"","meta":{"_acf_changed":false},"product_brand":[],"product_cat":[3355],"product_tag":[4504,4866,4503],"class_list":{"0":"post-149414","1":"product","2":"type-product","3":"status-publish","4":"has-post-thumbnail","6":"product_cat-elslutbleck","7":"product_tag-ellas-tillbehor-slutbleck","8":"product_tag-safetron-20","9":"product_tag-safetron-tillbehor-motorlas-5000-serien","10":"product_shipping_class-tunga-paket","11":"pa_brands-7safetron","12":"tm-no-options","14":"first","15":"instock","16":"featured","17":"taxable","18":"shipping-taxable","19":"purchasable","20":"product-type-simple"},"acf":[],"_links":{"self":[{"href":"https:\/\/secureus.se\/dk\/wp-json\/wp\/v2\/product\/149414","targetHints":{"allow":["GET"]}}],"collection":[{"href":"https:\/\/secureus.se\/dk\/wp-json\/wp\/v2\/product"}],"about":[{"href":"https:\/\/secureus.se\/dk\/wp-json\/wp\/v2\/types\/product"}],"wp:featuredmedia":[{"embeddable":true,"href":"https:\/\/secureus.se\/dk\/wp-json\/wp\/v2\/media\/142384"}],"wp:attachment":[{"href":"https:\/\/secureus.se\/dk\/wp-json\/wp\/v2\/media?parent=149414"}],"wp:term":[{"taxonomy":"product_brand","embeddable":true,"href":"https:\/\/secureus.se\/dk\/wp-json\/wp\/v2\/product_brand?post=149414"},{"taxonomy":"product_cat","embeddable":true,"href":"https:\/\/secureus.se\/dk\/wp-json\/wp\/v2\/product_cat?post=149414"},{"taxonomy":"product_tag","embeddable":true,"href":"https:\/\/secureus.se\/dk\/wp-json\/wp\/v2\/product_tag?post=149414"}],"curies":[{"name":"wp","href":"https:\/\/api.w.org\/{rel}","templated":true}]}}