{"id":149429,"date":"2025-03-28T15:13:50","date_gmt":"2025-03-28T14:13:50","guid":{"rendered":"https:\/\/secureus.se\/?post_type=product&#038;p=149429"},"modified":"2026-04-23T11:24:20","modified_gmt":"2026-04-23T09:24:20","slug":"eltryckeslas-step-122-klassisk-sats-12-24v","status":"publish","type":"product","link":"https:\/\/secureus.se\/dk\/eltryckeslas-step-122-klassisk-sats-12-24v\/","title":{"rendered":"Elektrisk trykl\u00e5s STEP 122 Klassisk S\u00e6t 12-24V"},"content":{"rendered":"<h1>Elektrisk trykl\u00e5s STEP 122 Klassisk S\u00e6t 12-24V<\/h1>\n<div>STEP 122 er en slidst\u00e6rk elektrisk skubbel\u00e5s i rustfrit st\u00e5l med klassisk stempelplacering og flere fleksible funktioner.<\/div>\n<div>Designet er udviklet med STEPs anerkendte h\u00f8je kvalitetskrav, som sikrer kraftfuld ydeevne med h\u00f8j driftssikkerhed.<\/div>\n<div>L\u00e5sen kan anvendes i d\u00f8rmilj\u00f8er med b\u00e5de brand- og evakueringskrav og er tilpasset til brug sammen med elektriske slutplader.<\/div>\n<div>CE m\u00e6rket efter SS-EN 14846:2008 i brandklasse E\/EI120.<\/p>\n<p><b>S\u00e6ttet indeholder:<\/b><br \/>\nElektrisk trykl\u00e5s Trin 122 24V, tilslutningskabel (10 m), og rammeoverf\u00f8rsel.<\/div>\n<div><\/div>\n<div><b>Egenskaber:<\/b><\/div>\n<div>\n<ul>\n<li>Klassisk stempelplacering.<\/li>\n<li>Certificeret til brandmodstand op til klasse E\/EI 120.<\/li>\n<li>Mikroswitch enpolet alternerende, max. 30 V DC, 1 A.<\/li>\n<li>Indbyggede mikrokontakter angiver lukkede og l\u00e5ste positioner samt trykaktivering.<\/li>\n<li>Indbygget beskyttelsesdiode.<\/li>\n<li>Vendbar for at passe til h\u00f8jre og venstre d\u00f8re.<\/li>\n<li>Omskiftelig frem\/tilbage-funktion.<\/li>\n<li>Omskiftelig elektrisk\/mekanisk betjent side.<\/li>\n<li>Tilpasset til runde og ovale skandinaviske cylindre.<\/li>\n<li>Dorndybde 50 mm.<\/li>\n<li>Rebound-tryk anbefales.<\/li>\n<\/ul>\n<\/div>\n<div><\/div>\n<div><b>Teknisk data:<\/b><\/div>\n<div>\n<ul>\n<li>Driftssp\u00e6nding: 24 V DC + 15 % \u2013 10 %.<\/li>\n<li>Str\u00f8mforbrug: Max 60 mA.<\/li>\n<li>Holdbarhed: Grade X i henhold til SS-EN 14846.<\/li>\n<\/ul>\n<\/div>","protected":false},"excerpt":{"rendered":"<p>Eltryckesl\u00e5s STEP 122 Klassisk Sats 12-24V STEP 122 \u00e4r ett slitstarkt eltryckesl\u00e5s i rostfritt st\u00e5l med klassisk kolvplacering och flera flexibla egenskaper. Konstruktionen \u00e4r framtagen med STEPs erk\u00e4nt h\u00f6ga kvalitetskrav<\/p>","protected":false},"featured_media":149428,"template":"","meta":{"_acf_changed":false},"product_brand":[],"product_cat":[2429],"product_tag":[2290],"class_list":{"0":"post-149429","1":"product","2":"type-product","3":"status-publish","4":"has-post-thumbnail","6":"product_cat-ellas","7":"product_tag-ellas-komplett-sats-kpl","8":"pa_brands-step","9":"tm-no-options","11":"first","12":"onbackorder","13":"sale","14":"taxable","15":"shipping-taxable","16":"purchasable","17":"product-type-simple"},"acf":[],"_links":{"self":[{"href":"https:\/\/secureus.se\/dk\/wp-json\/wp\/v2\/product\/149429","targetHints":{"allow":["GET"]}}],"collection":[{"href":"https:\/\/secureus.se\/dk\/wp-json\/wp\/v2\/product"}],"about":[{"href":"https:\/\/secureus.se\/dk\/wp-json\/wp\/v2\/types\/product"}],"wp:featuredmedia":[{"embeddable":true,"href":"https:\/\/secureus.se\/dk\/wp-json\/wp\/v2\/media\/149428"}],"wp:attachment":[{"href":"https:\/\/secureus.se\/dk\/wp-json\/wp\/v2\/media?parent=149429"}],"wp:term":[{"taxonomy":"product_brand","embeddable":true,"href":"https:\/\/secureus.se\/dk\/wp-json\/wp\/v2\/product_brand?post=149429"},{"taxonomy":"product_cat","embeddable":true,"href":"https:\/\/secureus.se\/dk\/wp-json\/wp\/v2\/product_cat?post=149429"},{"taxonomy":"product_tag","embeddable":true,"href":"https:\/\/secureus.se\/dk\/wp-json\/wp\/v2\/product_tag?post=149429"}],"curies":[{"name":"wp","href":"https:\/\/api.w.org\/{rel}","templated":true}]}}