{"id":149438,"date":"2025-03-28T15:13:50","date_gmt":"2025-03-28T14:13:50","guid":{"rendered":"https:\/\/secureus.se\/?post_type=product&#038;p=149438"},"modified":"2026-04-23T11:24:27","modified_gmt":"2026-04-23T09:24:27","slug":"eltryckeslas-step-130-modern-split-multi","status":"publish","type":"product","link":"https:\/\/secureus.se\/dk\/eltryckeslas-step-130-modern-split-multi\/","title":{"rendered":"Elektrisk trykl\u00e5s STEP 130 Modern Split Multi"},"content":{"rendered":"<h1>Elektrisk trykl\u00e5s STEP 130 Modern Split Multi<\/h1>\n<p>STEP 130 er en elektrisk trykl\u00e5s med et unikt automatisk stempel, der giver en dobbelt funktion.<\/p>\n<p>Dette g\u00f8r det muligt at \u00e5bne l\u00e5sen b\u00e5de elektrisk med en trykknap og med automatisk d\u00f8r\u00e5bning.<\/p>\n<div>Denne elektriske skubbel\u00e5s er naturligvis ogs\u00e5 udstyret med vores patenterede b\u00e5ndtrykteknologi, som sikrer, at l\u00e5sen kan modst\u00e5 meget h\u00f8jt b\u00e5ndtryk.<\/div>\n<div>Takket v\u00e6re disse egenskaber er STEP 130 et oplagt valg til d\u00f8rmilj\u00f8er med automatiske d\u00f8rsystemer, brand- og evakueringskrav, hvor man samtidig vil sikre en h\u00f8j driftssikkerhed.<\/div>\n<div>STEP 130 har n\u00f8jagtig de samme fantastiske funktioner og teknologier som STEP 110.<\/div>\n<div>Forskellen p\u00e5 de to elektriske trykl\u00e5se er, at STEP 130 har et automatisk stempel, der foldes sammen, n\u00e5r d\u00f8ren \u00e5bnes elektrisk.<\/div>\n<div>STEP 130 er derfor tilpasset d\u00f8rmilj\u00f8er, hvor man \u00f8nsker \u00f8get tilg\u00e6ngelighed og\/eller handicaptilpasning.<\/div>\n<div><\/div>\n<div><b>Den dobbelte funktion af det automatiske stempel<\/b><\/div>\n<div>Det automatiske stempel giver den elektriske endeplade en dobbelt funktion.<\/div>\n<div>N\u00e5r d\u00f8ren \u00e5bnes med tryk, fungerer STEP 130 ligesom en almindelig elektrisk trykl\u00e5s med et faldstempel.<\/div>\n<div>N\u00e5r d\u00f8ren \u00e5bnes elektrisk, kan det automatiske stempel foldes sammen, hvilket muligg\u00f8r \u00e5bning med automatisk d\u00f8rbetjening.<\/div>\n<div>Umiddelbart efter at d\u00f8ren er \u00e5bnet, tr\u00e6kker det automatiske stempel sig ud, l\u00e5ser i position og fungerer som et almindeligt faldstempel igen.<\/div>\n<div><\/div>\n<div><b>Brandfastholdelse og h\u00f8j slidstyrke<\/b><\/div>\n<div>Fordi det automatiske stempel ligner et almindeligt faldstempel, kan det fordele slidstyrken over hele overfladen.<\/div>\n<div>Det sikrer ogs\u00e5, at brandd\u00e6mpningen opretholdes, selvom der skulle opst\u00e5 et mellemrum mellem stemplet og slagpladen.<\/div>\n<div>Dette i kombination med STEP Strip Pressure Technology betyder, at STEP 130 kan modst\u00e5 h\u00f8jt b\u00e5ndtryk og sikrer h\u00f8j driftssikkerhed.<\/div>\n<div><\/div>\n<div><b>Med split funktion<\/b><\/div>\n<div>STEP 130 er udstyret med en splitfunktion, hvilket betyder, at du kan lade enhver side af l\u00e5sen foreg\u00e5 med en mekanisk udgang.<\/div>\n<div>\n<p>Plads og h\u00f8j holdbarhed sikres ved, at den mekanisk styrede side har en solid fastg\u00f8relse, hvor splitfunktionen er sikret af rustfri og h\u00e6rdede detaljer.<\/p>\n<p><b>Egenskaber:<\/b><\/p>\n<ul>\n<li>Moderne stempelplacering.<\/li>\n<li>Unikt automatisk stempel<\/li>\n<li>Mikroswitch enpolet alternerende, max. 30 V DC, 1 A<\/li>\n<li>Multisp\u00e6nding<\/li>\n<li>Vendbar for at passe til h\u00f8jre og venstre d\u00f8re<\/li>\n<li>Omskiftelig frem\/tilbage-funktion.<\/li>\n<li>Godkendt n\u00f8devakuering med STEP Exit n\u00f8devakueringstilbeh\u00f8r. Certificeret i henhold til SS-EN 179:2008.<\/li>\n<li>Med split funktion. Omskiftelig elektrisk\/mekanisk betjent side<\/li>\n<li>Med STEP List-udskrivningsteknologi<\/li>\n<li>Indbygget patenteret DirectDrive\u00ae funktion giver en direkte kontrol af trykket<\/li>\n<li>Indbyggede mikrokontakter angiver lukkede og l\u00e5ste positioner samt trykaktivering<\/li>\n<li>Indbygget beskyttelsesdiode.<\/li>\n<li>Indbygget genhusningsfunktion<\/li>\n<li>Tilpasset til runde og ovale skandinaviske cylindre<\/li>\n<li>Dorndybde 50 mm<\/li>\n<li>Rebound-tryk anbefales<\/li>\n<li>Halogenfrit kabel<\/li>\n<li>Patentanmeldt<\/li>\n<\/ul>\n<\/div>\n<div>\n<p><b>Funktion:<\/b><\/p>\n<ul>\n<li>Det automatiske stempel l\u00e5ser\/l\u00e5ser elektrisk op via et \u00e5bent signal fra adgangssystem, kodel\u00e5s, trykknap eller lignende.<\/li>\n<li>Automatstemplet tr\u00e6kkes mekanisk tilbage via cylinderroeren med n\u00f8gle udefra eller n\u00f8gle\/knop indefra.<\/li>\n<li>Trykket p\u00e5 ydersiden aktiveres elektrisk via et adgangssystem, kodel\u00e5s eller lignende og tr\u00e6kker det automatiske stempel tilbage.<\/li>\n<li>Trykket p\u00e5 indersiden er altid mekanisk aktivt og tr\u00e6kker det automatiske stempel tilbage.<\/li>\n<\/ul>\n<\/div>","protected":false},"excerpt":{"rendered":"<p>Elektrisk trykl\u00e5s STEP 130 Modern Split Multi STEP 130 er en elektrisk trykl\u00e5s med et unikt automatisk stempel, der giver en dobbelt funktion. Dette g\u00f8r det muligt at \u00e5bne l\u00e5sen b\u00e5de elektrisk med en trykknap.<\/p>","protected":false},"featured_media":149436,"template":"","meta":{"_acf_changed":false},"product_brand":[],"product_cat":[2429],"product_tag":[],"class_list":{"0":"post-149438","1":"product","2":"type-product","3":"status-publish","4":"has-post-thumbnail","6":"product_cat-ellas","7":"pa_brands-step","8":"tm-no-options","10":"first","11":"instock","12":"sale","13":"taxable","14":"shipping-taxable","15":"purchasable","16":"product-type-simple"},"acf":[],"_links":{"self":[{"href":"https:\/\/secureus.se\/dk\/wp-json\/wp\/v2\/product\/149438","targetHints":{"allow":["GET"]}}],"collection":[{"href":"https:\/\/secureus.se\/dk\/wp-json\/wp\/v2\/product"}],"about":[{"href":"https:\/\/secureus.se\/dk\/wp-json\/wp\/v2\/types\/product"}],"wp:featuredmedia":[{"embeddable":true,"href":"https:\/\/secureus.se\/dk\/wp-json\/wp\/v2\/media\/149436"}],"wp:attachment":[{"href":"https:\/\/secureus.se\/dk\/wp-json\/wp\/v2\/media?parent=149438"}],"wp:term":[{"taxonomy":"product_brand","embeddable":true,"href":"https:\/\/secureus.se\/dk\/wp-json\/wp\/v2\/product_brand?post=149438"},{"taxonomy":"product_cat","embeddable":true,"href":"https:\/\/secureus.se\/dk\/wp-json\/wp\/v2\/product_cat?post=149438"},{"taxonomy":"product_tag","embeddable":true,"href":"https:\/\/secureus.se\/dk\/wp-json\/wp\/v2\/product_tag?post=149438"}],"curies":[{"name":"wp","href":"https:\/\/api.w.org\/{rel}","templated":true}]}}