{"id":149465,"date":"2025-03-28T15:13:50","date_gmt":"2025-03-28T14:13:50","guid":{"rendered":"https:\/\/secureus.se\/?post_type=product&#038;p=149465"},"modified":"2026-03-25T15:30:25","modified_gmt":"2026-03-25T14:30:25","slug":"eltryckeslas-step-110-modern-split-12-24v","status":"publish","type":"product","link":"https:\/\/secureus.se\/dk\/eltryckeslas-step-110-modern-split-12-24v\/","title":{"rendered":"Elektrisk trykl\u00e5s STEP 110 Modern Split 12-24V"},"content":{"rendered":"<h1>Elektrisk trykl\u00e5s STEP 110 Modern Split 12-24V<\/h1>\n<div>STEP 110 er en slidst\u00e6rk elektrisk trykl\u00e5s med splitfunktion. Patentanmeldt direkte drev, s\u00e5kaldt Direct Drive TM.<\/div>\n<div>Dette resulterer i en meget bl\u00f8d og lydh\u00f8r oplevelse, n\u00e5r du bruger printet.<\/div>\n<div>Den stilrene l\u00e5s har en moderne stempelplacering med cylinderl\u00e5sen placeret i midten af l\u00e5sekassen.<\/div>\n<div>Designet er udviklet med STEPs anerkendte h\u00f8je kvalitetskrav, som sikrer kraftfuld ydeevne med h\u00f8j driftssikkerhed.<\/div>\n<div>Den er meget velegnet til brug med elektriske metalplader.<\/div>\n<div>CE m\u00e6rket iht. SS-EN 14846:2008 i brandklasse E\/EI120 og certificeret efter SS-EN 179:2008 sammen med STEP Exit n\u00f8devakueringsbeslag ST17901, ST17902, ST17903 og ST17904.<\/div>\n<div><\/div>\n<div><b>Egenskaber:\u00a0<\/b><\/div>\n<div>\n<ul>\n<li>Moderne stempelplacering svarer til Assas connect<\/li>\n<li>Split funktion<\/li>\n<li>Testet og certificeret til brandmodstand op til klasse FE\/EI 120.<\/li>\n<li>Mikroswitch enpolet alternerende, max. 30 V DC, 1 A.<\/li>\n<li>Indbygget patentanmeldt Direct DriveTM \u2013 funktion, der giver direkte kontrol af trykket.<\/li>\n<li>Indbyggede mikrokontakter angiver lukkede og l\u00e5ste positioner samt trykknapbetjening.<\/li>\n<li>Beskyttelsesdiode er indbygget.<\/li>\n<li>Vendbar for at passe til h\u00f8jre og venstre d\u00f8re.<\/li>\n<li>Omskiftelig frem\/tilbage-funktion.<\/li>\n<li>Omskiftelig elektrisk\/mekanisk betjent side.<\/li>\n<li>Tilpasset til runde og ovale skandinaviske cylindre.<\/li>\n<li>Dorndybde 50 mm.<\/li>\n<li>B\u00e5de fjederbelastede og ikke fjederbelastede presser kan anvendes.<\/li>\n<li>Halogenfrit kabel.<\/li>\n<\/ul>\n<\/div>\n<div><\/div>\n<div><b>Teknisk data:<\/b><\/div>\n<div>\n<ul>\n<li>Driftssp\u00e6nding: 24 V DC + 15 % \u2013 10 %.<\/li>\n<li>Str\u00f8mforbrug: Max 60 mA.<\/li>\n<li>Holdbarhed: Grade X i henhold til SS-EN 14846.<\/li>\n<\/ul>\n<div><\/div>\n<\/div>","protected":false},"excerpt":{"rendered":"<p>Elektrisk trykl\u00e5s STEP 110 Modern Split 12-24V STEP 110 er en holdbar elektrisk trykl\u00e5s med splitfunktion. Patentanmeldt direkte drev, s\u00e5kaldt Direct Drive TM. Dette resulterer i en meget bl\u00f8d og smidig oplevelse omkring<\/p>","protected":false},"featured_media":149460,"template":"","meta":{"_acf_changed":false},"product_brand":[],"product_cat":[2429],"product_tag":[],"class_list":{"0":"post-149465","1":"product","2":"type-product","3":"status-publish","4":"has-post-thumbnail","6":"product_cat-ellas","7":"pa_brands-step","8":"tm-no-options","10":"first","11":"instock","12":"sale","13":"taxable","14":"shipping-taxable","15":"purchasable","16":"product-type-simple"},"acf":[],"_links":{"self":[{"href":"https:\/\/secureus.se\/dk\/wp-json\/wp\/v2\/product\/149465","targetHints":{"allow":["GET"]}}],"collection":[{"href":"https:\/\/secureus.se\/dk\/wp-json\/wp\/v2\/product"}],"about":[{"href":"https:\/\/secureus.se\/dk\/wp-json\/wp\/v2\/types\/product"}],"wp:featuredmedia":[{"embeddable":true,"href":"https:\/\/secureus.se\/dk\/wp-json\/wp\/v2\/media\/149460"}],"wp:attachment":[{"href":"https:\/\/secureus.se\/dk\/wp-json\/wp\/v2\/media?parent=149465"}],"wp:term":[{"taxonomy":"product_brand","embeddable":true,"href":"https:\/\/secureus.se\/dk\/wp-json\/wp\/v2\/product_brand?post=149465"},{"taxonomy":"product_cat","embeddable":true,"href":"https:\/\/secureus.se\/dk\/wp-json\/wp\/v2\/product_cat?post=149465"},{"taxonomy":"product_tag","embeddable":true,"href":"https:\/\/secureus.se\/dk\/wp-json\/wp\/v2\/product_tag?post=149465"}],"curies":[{"name":"wp","href":"https:\/\/api.w.org\/{rel}","templated":true}]}}