{"id":149552,"date":"2022-03-10T15:40:00","date_gmt":"2022-03-10T14:40:00","guid":{"rendered":"https:\/\/secureus.se\/abloy-motorlas-el595-50-22mm-2\/"},"modified":"2025-12-31T19:42:50","modified_gmt":"2025-12-31T18:42:50","slug":"abloy-motorlas-el595-50-22mm","status":"publish","type":"product","link":"https:\/\/secureus.se\/dk\/abloy-motorlas-el595-50-22mm\/","title":{"rendered":"Abloy motorl\u00e5s EL595 50\/22mm"},"content":{"rendered":"<div>\n<h3>Anvendelsesomr\u00e5de<\/h3>\n<p>ABLOY EL595 er en motorl\u00e5s med faldstempel. Det betyder en unik mulighed for at kombinere krav til tilg\u00e6ngelighed, brandsikring og evakuering. De robuste flugtbeslag opfylder kravene i SS-EN 179. D\u00f8re med denne l\u00e5setype \u00e5bnes med d\u00f8r\u00e5bner eller ved hj\u00e6lp af tr\u00e6kh\u00e5ndtag\/trykplade alternativt tryk. L\u00e5sene styres af signaler fra f.eks. et passystem.<\/p>\n<h3>Feature<\/h3>\n<p>Dropstemplet drives til opl\u00e5sning af den indbyggede motor. L\u00e5sning sker automatisk\/mekanisk uafh\u00e6ngig af el, hvilket sikrer brug i d\u00f8re i brandceller. EL595 har et faldstempel med fjederl\u00e5s, hvilket betyder, at den l\u00e5ser ud til 20 mm. Hvis EL595 anvendes i brandcellegr\u00e6nsen, skal faldstemplet s\u00e6ttes i 14 mm position. L\u00e5sen er indstillet s\u00e5ledes, at flugtbeslaget altid er i indgreb. Dette er en foruds\u00e6tning for SS-EN 179.<\/p>\n<h3>Mekaniske egenskaber<\/h3>\n<p>EL595 har en dorndybde p\u00e5 50 mm og et CC-m\u00e5l p\u00e5 105 mm. Dette er det samme som modulet og Connect lock-serien. EL595 afviger dog i h\u00f8jdem\u00e5let, se tegning.<\/p>\n<p>EL595 har et justerbart faldstempel, 14 mm eller 20 mm fremspring. I brandd\u00f8re anvendes kun 14 mm positionen.<\/p>\n<h3>Elektriske egenskaber<\/h3>\n<p>L\u00e5sen har en indbygget controller og kr\u00e6ver permanent str\u00f8mforsyning til l\u00e5sehuset. Den opl\u00e5ste tid er 1,7 sekunder.<\/p>\n<h3>Tekniske data EL595<\/h3>\n<ul>\n<li>Sp\u00e6nding 12 (-10%) til 24 (+15%) V DC Stab<\/li>\n<li>Str\u00f8m 12 V DC Max 1.700 mA Drift 600 mA (ved 50N b\u00e5ndtryk) Hvile 50 mA 24 V DC Max 700 mA Drift 250 mA (ved 50 N b\u00e5ndtryk) Hvile 25 mA<\/li>\n<li>Indikationer Interlocked (L\u00e5st) Ul\u00e5st (kan \u00e5bnes) Trykbev\u00e6gelse Knop eller cylinderbev\u00e6gelse (Option, se nedenfor)<\/li>\n<li>Mikroswitch Max 30 V AC\/DC 100 mA resistiv belastning, 3<\/li>\n<li>Milj\u00f8krav -20 til + 60 \u02da C 20-90% relativ fugtighed, ikke-kondenserende<\/li>\n<li>Tilslutningskabel EA 227 (10 m)<\/li>\n<\/ul>\n<\/div>","protected":false},"excerpt":{"rendered":"<p>Anvendelsesomr\u00e5de ABLOY EL595 er en motorl\u00e5s med faldstempel. Det betyder en unik mulighed for at kombinere krav til tilg\u00e6ngelighed, brandsikring og evakuering. De robuste flugtbeslag opfylder kravene i SS-EN 179. D\u00f8re med<\/p>","protected":false},"featured_media":144994,"template":"","meta":{"_acf_changed":false},"product_brand":[],"product_cat":[2874,1324],"product_tag":[2286,2417],"class_list":{"0":"post-149552","1":"product","2":"type-product","3":"status-publish","4":"has-post-thumbnail","6":"product_cat-motorlas","7":"product_cat-outlet","8":"product_tag-ellas-eltryckeslas","9":"product_tag-rel-abloy-ellas","10":"product_shipping_class-tunga-paket","11":"pa_brands-abloy","12":"tm-no-options","14":"first","15":"instock","16":"sale","17":"featured","18":"taxable","19":"shipping-taxable","20":"purchasable","21":"product-type-simple"},"acf":[],"_links":{"self":[{"href":"https:\/\/secureus.se\/dk\/wp-json\/wp\/v2\/product\/149552","targetHints":{"allow":["GET"]}}],"collection":[{"href":"https:\/\/secureus.se\/dk\/wp-json\/wp\/v2\/product"}],"about":[{"href":"https:\/\/secureus.se\/dk\/wp-json\/wp\/v2\/types\/product"}],"wp:featuredmedia":[{"embeddable":true,"href":"https:\/\/secureus.se\/dk\/wp-json\/wp\/v2\/media\/144994"}],"wp:attachment":[{"href":"https:\/\/secureus.se\/dk\/wp-json\/wp\/v2\/media?parent=149552"}],"wp:term":[{"taxonomy":"product_brand","embeddable":true,"href":"https:\/\/secureus.se\/dk\/wp-json\/wp\/v2\/product_brand?post=149552"},{"taxonomy":"product_cat","embeddable":true,"href":"https:\/\/secureus.se\/dk\/wp-json\/wp\/v2\/product_cat?post=149552"},{"taxonomy":"product_tag","embeddable":true,"href":"https:\/\/secureus.se\/dk\/wp-json\/wp\/v2\/product_tag?post=149552"}],"curies":[{"name":"wp","href":"https:\/\/api.w.org\/{rel}","templated":true}]}}