{"id":149640,"date":"2025-02-11T15:45:51","date_gmt":"2025-02-11T14:45:51","guid":{"rendered":"https:\/\/secureus.se\/porthallare-580-assa-abloy-2\/"},"modified":"2026-04-23T11:55:15","modified_gmt":"2026-04-23T09:55:15","slug":"porthallare-580-assa-abloy","status":"publish","type":"product","link":"https:\/\/secureus.se\/dk\/porthallare-580-assa-abloy\/","title":{"rendered":"D\u00f8rholder Fix 580 \u2013 Assa Abloy"},"content":{"rendered":"<div>D\u00f8rholder ASSA ABLOY 580 er en d\u00f8rholder, der bruges til at placere st\u00f8rre eller tungere sideh\u00e6ngte d\u00f8re i helt \u00e5ben position.<\/div>\n<div><b><br \/>\nEgenskaber: <\/b><\/div>\n<div>\n<ul>\n<li>Arml\u00e6ngde: 1320 mm<\/li>\n<li>I helt \u00e5ben position (ca. 90 grader) falder l\u00e5sen automatisk i l\u00e5seposition, s\u00e5 d\u00f8ren holdes sikkert.<\/li>\n<li>N\u00e5r d\u00f8ren skubbes l\u00e6ngere mod \u00e5ben position, udl\u00f8ses l\u00e5sen, s\u00e5 d\u00f8ren kan lukkes.<\/li>\n<li>Stopfjederen fungerer ogs\u00e5 som st\u00f8dd\u00e6mper og beskytter dermed d\u00f8r og h\u00e6ngsler.<\/li>\n<li>Passer til h\u00f8jre og venstre d\u00f8re.<\/li>\n<\/ul>\n<\/div>\n<div><\/div>","protected":false},"excerpt":{"rendered":"<p>D\u00f8rholder 580 fra ASSA ABLOY<\/p>","protected":false},"featured_media":147796,"template":"","meta":{"_acf_changed":false},"product_brand":[],"product_cat":[4607],"product_tag":[],"class_list":{"0":"post-149640","1":"product","2":"type-product","3":"status-publish","4":"has-post-thumbnail","6":"product_cat-porthallare","7":"pa_brands-abloy","8":"tm-no-options","10":"first","11":"instock","12":"sale","13":"taxable","14":"shipping-taxable","15":"purchasable","16":"product-type-simple"},"acf":[],"_links":{"self":[{"href":"https:\/\/secureus.se\/dk\/wp-json\/wp\/v2\/product\/149640","targetHints":{"allow":["GET"]}}],"collection":[{"href":"https:\/\/secureus.se\/dk\/wp-json\/wp\/v2\/product"}],"about":[{"href":"https:\/\/secureus.se\/dk\/wp-json\/wp\/v2\/types\/product"}],"wp:featuredmedia":[{"embeddable":true,"href":"https:\/\/secureus.se\/dk\/wp-json\/wp\/v2\/media\/147796"}],"wp:attachment":[{"href":"https:\/\/secureus.se\/dk\/wp-json\/wp\/v2\/media?parent=149640"}],"wp:term":[{"taxonomy":"product_brand","embeddable":true,"href":"https:\/\/secureus.se\/dk\/wp-json\/wp\/v2\/product_brand?post=149640"},{"taxonomy":"product_cat","embeddable":true,"href":"https:\/\/secureus.se\/dk\/wp-json\/wp\/v2\/product_cat?post=149640"},{"taxonomy":"product_tag","embeddable":true,"href":"https:\/\/secureus.se\/dk\/wp-json\/wp\/v2\/product_tag?post=149640"}],"curies":[{"name":"wp","href":"https:\/\/api.w.org\/{rel}","templated":true}]}}