{"id":149866,"date":"2025-04-03T14:21:11","date_gmt":"2025-04-03T12:21:11","guid":{"rendered":"https:\/\/secureus.se\/apollo-pp5067-intelligent-testutrustning-for-soteria-serien\/"},"modified":"2026-04-01T15:47:58","modified_gmt":"2026-04-01T13:47:58","slug":"apollo-pp5067-intelligent-testutrustning-for-soteria-serien","status":"publish","type":"product","link":"https:\/\/secureus.se\/dk\/apollo-pp5067-intelligent-testutrustning-for-soteria-serien\/","title":{"rendered":"Apollo PP5067 intelligent testudstyr til Soteria-serien"},"content":{"rendered":"<h1>Apollo PP5067 intelligent testudstyr til Soteria-serien<\/h1>\n<p class=\"\" data-start=\"443\" data-end=\"816\">Apollo PP5067 Intelligent Test Equipment er en b\u00e6rbar testenhed med en 7-tommer LCD-touchsk\u00e6rm, der giver brugeren mulighed for nemt at interagere, kontrollere og vedligeholde alle enheder, der er tilsluttet enheden.<\/p>\n<p class=\"\" data-start=\"443\" data-end=\"816\">Det virker for b\u00e5de individuelle enheder og hele kredsl\u00f8b af analoge adresserbare enheder i Apollo-serien, inklusive CoreProtocol, Discovery og XP95.<\/p>\n<p class=\"\" data-start=\"818\" data-end=\"1193\">Denne enhed muligg\u00f8r sl\u00f8jfeintegritetstestning og diagnostik, hvilket er afg\u00f8rende under b\u00e5de idrifts\u00e6ttelse og l\u00f8bende vedligeholdelse.<\/p>\n<p class=\"\" data-start=\"818\" data-end=\"1193\">Udstyret underst\u00f8tter opdateringer via USB og tilbyder flersproget support, der passer til forskellige regionale behov.<\/p>\n<p class=\"\" data-start=\"818\" data-end=\"1193\">Den leveres i en robust b\u00e6retaske med en universal oplader, tilslutningskabel og en XPERT8 intelligent monteringsbase.<\/p>\n<p class=\"\" data-start=\"1195\" data-end=\"1215\"><strong data-start=\"1195\" data-end=\"1214\">specifikationer<\/strong>:<\/p>\n<ul data-start=\"1216\" data-end=\"1656\">\n<li class=\"\" data-start=\"1216\" data-end=\"1291\">\n<p class=\"\" data-start=\"1218\" data-end=\"1291\"><strong data-start=\"1218\" data-end=\"1232\">Str\u00f8mkilde<\/strong>: Lithium-ion batteripakke eller 12 V str\u00f8mforsyningsenhed<\/p>\n<\/li>\n<li class=\"\" data-start=\"1292\" data-end=\"1333\">\n<p class=\"\" data-start=\"1294\" data-end=\"1333\"><strong data-start=\"1294\" data-end=\"1317\">Batteriopladningstid<\/strong>: Cirka 3 timer<\/p>\n<\/li>\n<li class=\"\" data-start=\"1334\" data-end=\"1370\">\n<p class=\"\" data-start=\"1336\" data-end=\"1370\"><strong data-start=\"1336\" data-end=\"1355\">Driftstemperatur<\/strong>: 0\u00baC til 40\u00baC<\/p>\n<\/li>\n<li class=\"\" data-start=\"1371\" data-end=\"1435\">\n<p class=\"\" data-start=\"1373\" data-end=\"1435\"><strong data-start=\"1373\" data-end=\"1386\">Fugtighed<\/strong>: 10 til 95 % RH (uden kondens eller glasur)<\/p>\n<\/li>\n<li class=\"\" data-start=\"1436\" data-end=\"1478\">\n<p class=\"\" data-start=\"1438\" data-end=\"1478\"><strong data-start=\"1438\" data-end=\"1453\">Dimensioner<\/strong>: 215 mm x 165 mm x 50 mm<\/p>\n<\/li>\n<li class=\"\" data-start=\"1479\" data-end=\"1496\">\n<p class=\"\" data-start=\"1481\" data-end=\"1496\"><strong data-start=\"1481\" data-end=\"1489\">V\u00e6gt<\/strong>: 935 g<\/p>\n<\/li>\n<li class=\"\" data-start=\"1497\" data-end=\"1531\">\n<p class=\"\" data-start=\"1499\" data-end=\"1531\"><strong data-start=\"1499\" data-end=\"1510\">Sk\u00e6rm<\/strong>: 7-tommer LCD-touchsk\u00e6rm<\/p>\n<\/li>\n<li class=\"\" data-start=\"1532\" data-end=\"1592\">\n<p class=\"\" data-start=\"1534\" data-end=\"1592\"><strong data-start=\"1534\" data-end=\"1562\">Softwareopdateringer<\/strong>: Via USB og Apollo hjemmeside<\/p>\n<\/li>\n<li class=\"\" data-start=\"1593\" data-end=\"1656\">\n<p class=\"\" data-start=\"1595\" data-end=\"1656\"><strong data-start=\"1595\" data-end=\"1613\">Kompatibilitet<\/strong>: XP95, Discovery og CoreProtocol-serien<\/p>\n<\/li>\n<\/ul>","protected":false},"excerpt":{"rendered":"<p>Apollo PP5067 intelligent testudstyr til Soteria-serien muligg\u00f8r sl\u00f8jfeintegritetstest og diagnostik under idrifts\u00e6ttelse og vedligeholdelse.<\/p>\n<p>Den b\u00e6rbare ber\u00f8ringssk\u00e6rmenhed viser enhedsoplysninger og styrer driftstilstande for individuelle enheder eller sammensatte kredsl\u00f8b af analoge adresserbare enheder i Apollo-serien.<\/p>","protected":false},"featured_media":149865,"template":"","meta":{"_acf_changed":false},"product_brand":[],"product_cat":[4750],"product_tag":[],"class_list":{"0":"post-149866","1":"product","2":"type-product","3":"status-publish","4":"has-post-thumbnail","6":"product_cat-soteria-serien","7":"pa_brands-apollo-fire-detectors","8":"tm-no-options","10":"first","11":"instock","12":"taxable","13":"shipping-taxable","14":"purchasable","15":"product-type-simple"},"acf":[],"_links":{"self":[{"href":"https:\/\/secureus.se\/dk\/wp-json\/wp\/v2\/product\/149866","targetHints":{"allow":["GET"]}}],"collection":[{"href":"https:\/\/secureus.se\/dk\/wp-json\/wp\/v2\/product"}],"about":[{"href":"https:\/\/secureus.se\/dk\/wp-json\/wp\/v2\/types\/product"}],"wp:featuredmedia":[{"embeddable":true,"href":"https:\/\/secureus.se\/dk\/wp-json\/wp\/v2\/media\/149865"}],"wp:attachment":[{"href":"https:\/\/secureus.se\/dk\/wp-json\/wp\/v2\/media?parent=149866"}],"wp:term":[{"taxonomy":"product_brand","embeddable":true,"href":"https:\/\/secureus.se\/dk\/wp-json\/wp\/v2\/product_brand?post=149866"},{"taxonomy":"product_cat","embeddable":true,"href":"https:\/\/secureus.se\/dk\/wp-json\/wp\/v2\/product_cat?post=149866"},{"taxonomy":"product_tag","embeddable":true,"href":"https:\/\/secureus.se\/dk\/wp-json\/wp\/v2\/product_tag?post=149866"}],"curies":[{"name":"wp","href":"https:\/\/api.w.org\/{rel}","templated":true}]}}