{"id":149868,"date":"2025-04-03T14:21:08","date_gmt":"2025-04-03T12:21:08","guid":{"rendered":"https:\/\/secureus.se\/apollo-sa5100-810apo-soteria-tri-sensor-detector-dual-optical-heat-co\/"},"modified":"2026-04-23T13:12:01","modified_gmt":"2026-04-23T11:12:01","slug":"apollo-sa5100-810apo-soteria-tri-sensor-detector-dual-optical-heat-co","status":"publish","type":"product","link":"https:\/\/secureus.se\/dk\/apollo-sa5100-810apo-soteria-tri-sensor-detector-dual-optical-heat-co\/","title":{"rendered":"Apollo SA5100-810APO Soteria Tri-Sensor Detektor Dual Optisk \/ Varme \/ CO"},"content":{"rendered":"<h1>Apollo SA5100-810APO Soteria Tri-Sensor Detektor Dual Optisk \/ Varme \/ CO<\/h1>\n<p class=\"\" data-start=\"445\" data-end=\"1031\">Apollo SA5100-810APO Soteria Tri-Sensor Detector er en avanceret enhed, der kombinerer tre detektionsmetoder: dobbelt optisk detektion, varmesensor og kuldioxid (CO) sensor.<\/p>\n<p class=\"\" data-start=\"445\" data-end=\"1031\">Denne alsidige detektor har fem forskellige f\u00f8lsomhedsmodeller for at optimere ydeevnen i forskellige milj\u00f8er, herunder NT (Normal Sensitivity) og MT (Medium Sensitivity) indstillinger.<\/p>\n<p class=\"\" data-start=\"445\" data-end=\"1031\">Enheden bruger en avanceret optisk r\u00f8gsensor med IR-emitter-modtager og en sekund\u00e6r fotodiode for at opn\u00e5 flere vinkler af lysspredning, hvilket forbedrer kapaciteten til at filtrere forstyrrende signaler fra.<\/p>\n<p class=\"\" data-start=\"1033\" data-end=\"1479\">Dens varmesensor, en NTC-termistor, giver pr\u00e6cis temperaturoverv\u00e5gning, mens CO-sensoren, baseret p\u00e5 elektrokemisk celleteknologi, m\u00e5ler kuldioxidniveauer for yderligere at underst\u00f8tte branddetektion.<\/p>\n<p class=\"\" data-start=\"1033\" data-end=\"1479\">Detektoren har ogs\u00e5 en indbygget isolator og FasTest\u00ae-funktion, der g\u00f8r test hurtigere og nemmere, hvilket reducerer vedligeholdelsestiden.<\/p>\n<p class=\"\" data-start=\"1033\" data-end=\"1479\">Derudover muligg\u00f8r DIL-kontakter adressering og en trefarvet LED-statusindikator til at vise alarmstatus og driftstilstand.<\/p>\n<p class=\"\" data-start=\"1481\" data-end=\"1501\"><strong data-start=\"1481\" data-end=\"1500\">specifikationer<\/strong>:<\/p>\n<ul data-start=\"1502\" data-end=\"1959\">\n<li class=\"\" data-start=\"1502\" data-end=\"1532\">\n<p class=\"\" data-start=\"1504\" data-end=\"1532\"><strong data-start=\"1504\" data-end=\"1518\">Str\u00f8mkilde<\/strong>: 17V \u2013 35V DC<\/p>\n<\/li>\n<li class=\"\" data-start=\"1533\" data-end=\"1583\">\n<p class=\"\" data-start=\"1535\" data-end=\"1583\"><strong data-start=\"1535\" data-end=\"1558\">Modulationssp\u00e6nding<\/strong>: 5V \u2013 13V top til top<\/p>\n<\/li>\n<li class=\"\" data-start=\"1584\" data-end=\"1627\">\n<p class=\"\" data-start=\"1586\" data-end=\"1627\"><strong data-start=\"1586\" data-end=\"1610\">Lavt str\u00f8mforbrug<\/strong>: 600 \u00b5A i hvile<\/p>\n<\/li>\n<li class=\"\" data-start=\"1628\" data-end=\"1662\">\n<p class=\"\" data-start=\"1630\" data-end=\"1662\"><strong data-start=\"1630\" data-end=\"1656\">Str\u00f8mspids ved opstart<\/strong>: 2mA<\/p>\n<\/li>\n<li class=\"\" data-start=\"1663\" data-end=\"1704\">\n<p class=\"\" data-start=\"1665\" data-end=\"1704\"><strong data-start=\"1665\" data-end=\"1679\">Alarmstr\u00f8m<\/strong>: 4 mA ved LED-belysning<\/p>\n<\/li>\n<li class=\"\" data-start=\"1705\" data-end=\"1750\">\n<p class=\"\" data-start=\"1707\" data-end=\"1750\"><strong data-start=\"1707\" data-end=\"1733\">Driftstemperaturer<\/strong>: \u201310\u00b0C til 55\u00b0C<\/p>\n<\/li>\n<li class=\"\" data-start=\"1751\" data-end=\"1814\">\n<p class=\"\" data-start=\"1753\" data-end=\"1814\"><strong data-start=\"1753\" data-end=\"1766\">Fugtighed<\/strong>: 0% til 90% RH (uden kondens eller isdannelse)<\/p>\n<\/li>\n<li class=\"\" data-start=\"1815\" data-end=\"1842\">\n<p class=\"\" data-start=\"1817\" data-end=\"1842\"><strong data-start=\"1817\" data-end=\"1825\">M\u00e5le<\/strong>: \u00d8103mm x 55mm<\/p>\n<\/li>\n<li class=\"\" data-start=\"1843\" data-end=\"1860\">\n<p class=\"\" data-start=\"1845\" data-end=\"1860\"><strong data-start=\"1845\" data-end=\"1853\">V\u00e6gt<\/strong>: 105 g<\/p>\n<\/li>\n<li class=\"\" data-start=\"1861\" data-end=\"1909\">\n<p class=\"\" data-start=\"1863\" data-end=\"1909\"><strong data-start=\"1863\" data-end=\"1881\">Kompatibilitet<\/strong>: Discovery og CoreProtocol<\/p>\n<\/li>\n<li class=\"\" data-start=\"1910\" data-end=\"1930\">\n<p class=\"\" data-start=\"1912\" data-end=\"1930\"><strong data-start=\"1912\" data-end=\"1924\">IP klasse<\/strong>: IP40<\/p>\n<\/li>\n<li class=\"\" data-start=\"1931\" data-end=\"1959\">\n<p class=\"\" data-start=\"1933\" data-end=\"1959\"><strong data-start=\"1933\" data-end=\"1945\">Materiale<\/strong>: ABS, POM, PC<\/p>\n<\/li>\n<\/ul>","protected":false},"excerpt":{"rendered":"<p>Apollo SA5100-810APO Soteria Tri-Sensor Detektor bruger dobbelt optisk detektionsteknologi sammen med varmesensor og CO-sensor for n\u00f8jagtig r\u00f8gdetektion og for at minimere risikoen for falske alarmer.<\/p>\n<p>Enheden er kompatibel med b\u00e5de Discovery og CoreProtocol og tilbyder fem f\u00f8lsomhedsmodeller.<\/p>","protected":false},"featured_media":149867,"template":"","meta":{"_acf_changed":false},"product_brand":[],"product_cat":[4750],"product_tag":[],"class_list":{"0":"post-149868","1":"product","2":"type-product","3":"status-publish","4":"has-post-thumbnail","6":"product_cat-soteria-serien","7":"pa_brands-apollo-fire-detectors","8":"tm-no-options","10":"first","11":"onbackorder","12":"taxable","13":"shipping-taxable","14":"purchasable","15":"product-type-simple"},"acf":[],"_links":{"self":[{"href":"https:\/\/secureus.se\/dk\/wp-json\/wp\/v2\/product\/149868","targetHints":{"allow":["GET"]}}],"collection":[{"href":"https:\/\/secureus.se\/dk\/wp-json\/wp\/v2\/product"}],"about":[{"href":"https:\/\/secureus.se\/dk\/wp-json\/wp\/v2\/types\/product"}],"wp:featuredmedia":[{"embeddable":true,"href":"https:\/\/secureus.se\/dk\/wp-json\/wp\/v2\/media\/149867"}],"wp:attachment":[{"href":"https:\/\/secureus.se\/dk\/wp-json\/wp\/v2\/media?parent=149868"}],"wp:term":[{"taxonomy":"product_brand","embeddable":true,"href":"https:\/\/secureus.se\/dk\/wp-json\/wp\/v2\/product_brand?post=149868"},{"taxonomy":"product_cat","embeddable":true,"href":"https:\/\/secureus.se\/dk\/wp-json\/wp\/v2\/product_cat?post=149868"},{"taxonomy":"product_tag","embeddable":true,"href":"https:\/\/secureus.se\/dk\/wp-json\/wp\/v2\/product_tag?post=149868"}],"curies":[{"name":"wp","href":"https:\/\/api.w.org\/{rel}","templated":true}]}}