{"id":149870,"date":"2025-04-03T14:21:07","date_gmt":"2025-04-03T12:21:07","guid":{"rendered":"https:\/\/secureus.se\/apollo-pp2516-soteria-series-purelight-optisk-och-varmekanslig-multisensordetektor-vit\/"},"modified":"2026-04-16T15:05:11","modified_gmt":"2026-04-16T13:05:11","slug":"apollo-pp2516-soteria-series-purelight-optisk-och-varmekanslig-multisensordetektor-vit","status":"publish","type":"product","link":"https:\/\/secureus.se\/dk\/apollo-pp2516-soteria-series-purelight-optisk-och-varmekanslig-multisensordetektor-vit\/","title":{"rendered":"Apollo PP2516 Soteria Series PureLight optisk og varmef\u00f8lsom multisensordetektor, hvid"},"content":{"rendered":"<h1>Apollo PP2516 Soteria Series PureLight optisk og varmef\u00f8lsom multisensordetektor, hvid<\/h1>\n<p class=\"\" data-start=\"476\" data-end=\"883\">Apollo PP2516 Soteria Series PureLight optisk og termisk multisensordetektor bruger den innovative PureLight-teknologi til at detektere r\u00f8gpartikler med h\u00f8j f\u00f8lsomhed og minimere risikoen for falske alarmer.<\/p>\n<p class=\"\" data-start=\"476\" data-end=\"883\">Den er udstyret med to varmesensorer til at m\u00e5le temperatur\u00e6ndringer og tilbyder fleksibel detektion, der kan indstilles til r\u00f8g, varme eller en kombination af begge.<\/p>\n<p class=\"\" data-start=\"885\" data-end=\"1290\">Denne multisensordetektor er ideel til installation i en r\u00e6kke forskellige milj\u00f8er s\u00e5som sovev\u00e6relser, hoteller, hospitaler og kontorer.<\/p>\n<p class=\"\" data-start=\"885\" data-end=\"1290\">Det giver fordele s\u00e5som hurtigere test med FasTest\u00ae, drift med digital CoreProtocol-kommunikation og er kompatibel med b\u00e5de XP95- og Discovery-systemer.<\/p>\n<p class=\"\" data-start=\"885\" data-end=\"1290\">Den har ogs\u00e5 et indbygget driftkompensationssystem og en trefarvet LED-statusindikator til at vise brand- og funktionsstatus.<\/p>\n<p class=\"\" data-start=\"1292\" data-end=\"1312\"><strong data-start=\"1292\" data-end=\"1311\">specifikationer<\/strong>:<\/p>\n<ul data-start=\"1313\" data-end=\"1808\">\n<li class=\"\" data-start=\"1313\" data-end=\"1337\">\n<p class=\"\" data-start=\"1315\" data-end=\"1337\"><strong data-start=\"1315\" data-end=\"1329\">Str\u00f8mkilde<\/strong>: 13V DC<\/p>\n<\/li>\n<li class=\"\" data-start=\"1338\" data-end=\"1412\">\n<p class=\"\" data-start=\"1340\" data-end=\"1412\"><strong data-start=\"1340\" data-end=\"1367\">Kommunikationsprotokol<\/strong>: CoreProtocol, XP95 og Discovery-kompatibel<\/p>\n<\/li>\n<li class=\"\" data-start=\"1413\" data-end=\"1466\">\n<p class=\"\" data-start=\"1415\" data-end=\"1466\"><strong data-start=\"1415\" data-end=\"1427\">Sensorer<\/strong>: Optisk (PureLight), Termisk (termistor)<\/p>\n<\/li>\n<li class=\"\" data-start=\"1467\" data-end=\"1511\">\n<p class=\"\" data-start=\"1469\" data-end=\"1511\"><strong data-start=\"1469\" data-end=\"1491\">Detekterbart medium<\/strong>: Ild (r\u00f8g, varme)<\/p>\n<\/li>\n<li class=\"\" data-start=\"1512\" data-end=\"1545\">\n<p class=\"\" data-start=\"1514\" data-end=\"1545\"><strong data-start=\"1514\" data-end=\"1528\">Temperatur<\/strong>: \u201340\u00b0C til 70\u00b0C<\/p>\n<\/li>\n<li class=\"\" data-start=\"1546\" data-end=\"1603\">\n<p class=\"\" data-start=\"1548\" data-end=\"1603\"><strong data-start=\"1548\" data-end=\"1561\">Fugtighed<\/strong>: 0\u201395% RH (uden kondens eller isdannelse)<\/p>\n<\/li>\n<li class=\"\" data-start=\"1604\" data-end=\"1631\">\n<p class=\"\" data-start=\"1606\" data-end=\"1631\"><strong data-start=\"1606\" data-end=\"1614\">M\u00e5le<\/strong>: \u00d8100mm x 38mm<\/p>\n<\/li>\n<li class=\"\" data-start=\"1632\" data-end=\"1648\">\n<p class=\"\" data-start=\"1634\" data-end=\"1648\"><strong data-start=\"1634\" data-end=\"1642\">V\u00e6gt<\/strong>: 83g<\/p>\n<\/li>\n<li class=\"\" data-start=\"1649\" data-end=\"1667\">\n<p class=\"\" data-start=\"1651\" data-end=\"1667\"><strong data-start=\"1651\" data-end=\"1659\">Farve<\/strong>: S\u00f8lv<\/p>\n<\/li>\n<li class=\"\" data-start=\"1668\" data-end=\"1688\">\n<p class=\"\" data-start=\"1670\" data-end=\"1688\"><strong data-start=\"1670\" data-end=\"1682\">IP klasse<\/strong>: IP54<\/p>\n<\/li>\n<li class=\"\" data-start=\"1689\" data-end=\"1728\">\n<p class=\"\" data-start=\"1691\" data-end=\"1728\"><strong data-start=\"1691\" data-end=\"1702\">Garanti<\/strong>: Begr\u00e6nset 10 \u00e5rs garanti<\/p>\n<\/li>\n<li class=\"\" data-start=\"1729\" data-end=\"1776\">\n<p class=\"\" data-start=\"1731\" data-end=\"1776\"><strong data-start=\"1731\" data-end=\"1749\">Kompatibilitet<\/strong>: XP95 og Discovery-systemer<\/p>\n<\/li>\n<li class=\"\" data-start=\"1777\" data-end=\"1808\">\n<p class=\"\" data-start=\"1779\" data-end=\"1808\"><strong data-start=\"1779\" data-end=\"1800\">Forbindelsesteknologi<\/strong>: Gevind<\/p>\n<\/li>\n<\/ul>","protected":false},"excerpt":{"rendered":"<p>Apollo PP2516 Soteria Series PureLight multisensordetektor kombinerer optisk r\u00f8gdetektion med varmesensorer for n\u00f8jagtig branddetektion og reducerede falske alarmer.<\/p>\n<p>Udstyret med FasTest\u00ae for hurtigere test, bruger denne detektor digital Core Protocol-kommunikation og er kompatibel med XP95 og Discovery-systemer.<\/p>","protected":false},"featured_media":149869,"template":"","meta":{"_acf_changed":false},"product_brand":[],"product_cat":[4750],"product_tag":[],"class_list":{"0":"post-149870","1":"product","2":"type-product","3":"status-publish","4":"has-post-thumbnail","6":"product_cat-soteria-serien","7":"pa_brands-apollo-fire-detectors","8":"tm-no-options","10":"first","11":"instock","12":"taxable","13":"shipping-taxable","14":"purchasable","15":"product-type-simple"},"acf":[],"_links":{"self":[{"href":"https:\/\/secureus.se\/dk\/wp-json\/wp\/v2\/product\/149870","targetHints":{"allow":["GET"]}}],"collection":[{"href":"https:\/\/secureus.se\/dk\/wp-json\/wp\/v2\/product"}],"about":[{"href":"https:\/\/secureus.se\/dk\/wp-json\/wp\/v2\/types\/product"}],"wp:featuredmedia":[{"embeddable":true,"href":"https:\/\/secureus.se\/dk\/wp-json\/wp\/v2\/media\/149869"}],"wp:attachment":[{"href":"https:\/\/secureus.se\/dk\/wp-json\/wp\/v2\/media?parent=149870"}],"wp:term":[{"taxonomy":"product_brand","embeddable":true,"href":"https:\/\/secureus.se\/dk\/wp-json\/wp\/v2\/product_brand?post=149870"},{"taxonomy":"product_cat","embeddable":true,"href":"https:\/\/secureus.se\/dk\/wp-json\/wp\/v2\/product_cat?post=149870"},{"taxonomy":"product_tag","embeddable":true,"href":"https:\/\/secureus.se\/dk\/wp-json\/wp\/v2\/product_tag?post=149870"}],"curies":[{"name":"wp","href":"https:\/\/api.w.org\/{rel}","templated":true}]}}