{"id":149872,"date":"2025-04-03T14:21:06","date_gmt":"2025-04-03T12:21:06","guid":{"rendered":"https:\/\/secureus.se\/apollo-pp2517-soteria-series-varmedetektor-vit\/"},"modified":"2026-04-09T11:24:11","modified_gmt":"2026-04-09T09:24:11","slug":"apollo-pp2517-soteria-series-varmedetektor-vit","status":"publish","type":"product","link":"https:\/\/secureus.se\/dk\/apollo-pp2517-soteria-series-varmedetektor-vit\/","title":{"rendered":"Apollo PP2517 Soteria serie varmedetektor, hvid"},"content":{"rendered":"<h1>Apollo PP2517 Soteria serie varmedetektor, hvid<\/h1>\n<p class=\"\" data-start=\"374\" data-end=\"874\">Apollo PP2517 Soteria-seriens varmedetektor tilbyder h\u00f8jtydende branddetektion med sine to sidev\u00e6rts placerede varmesensorer, der sikrer n\u00f8jagtig varmedetektion i alle retninger.<\/p>\n<p class=\"\" data-start=\"374\" data-end=\"874\">CoreProtocol digital kommunikation muligg\u00f8r avancerede branddetektionsfunktioner og sikrer kompatibilitet med b\u00e5de XP95 og Discovery-systemer.<\/p>\n<p class=\"\" data-start=\"374\" data-end=\"874\">Varmedetektoren har ogs\u00e5 en trefarvet LED-statusindikator til at vise brandstatus, fejl og isoleringsstatus.<\/p>\n<p class=\"\" data-start=\"876\" data-end=\"1279\">Enheden er mekanisk kompatibel med eksisterende baser og f\u00e5s med eller uden integreret omskiftelig isolator.<\/p>\n<p class=\"\" data-start=\"876\" data-end=\"1279\">For at lette hurtigere detektortestning har den ogs\u00e5 FasTest\u00ae-funktionalitet, hvilket g\u00f8r vedligeholdelse og installation nemmere og hurtigere.<\/p>\n<p class=\"\" data-start=\"876\" data-end=\"1279\">Den er grundigt testet for at overstige EN 54-5-standarden og tilbyder p\u00e5lidelig branddetektion i en r\u00e6kke milj\u00f8er.<\/p>\n<p class=\"\" data-start=\"1281\" data-end=\"1301\"><strong data-start=\"1281\" data-end=\"1300\">specifikationer<\/strong>:<\/p>\n<ul data-start=\"1302\" data-end=\"1735\">\n<li class=\"\" data-start=\"1302\" data-end=\"1329\">\n<p class=\"\" data-start=\"1304\" data-end=\"1329\"><strong data-start=\"1304\" data-end=\"1318\">Str\u00f8mkilde<\/strong>: 17\u201335V DC<\/p>\n<\/li>\n<li class=\"\" data-start=\"1330\" data-end=\"1404\">\n<p class=\"\" data-start=\"1332\" data-end=\"1404\"><strong data-start=\"1332\" data-end=\"1359\">Kommunikationsprotokol<\/strong>: CoreProtocol, XP95 og Discovery-kompatibel<\/p>\n<\/li>\n<li class=\"\" data-start=\"1405\" data-end=\"1438\">\n<p class=\"\" data-start=\"1407\" data-end=\"1438\"><strong data-start=\"1407\" data-end=\"1419\">Sensorer<\/strong>: Opvarmning (termistor)<\/p>\n<\/li>\n<li class=\"\" data-start=\"1439\" data-end=\"1466\">\n<p class=\"\" data-start=\"1441\" data-end=\"1466\"><strong data-start=\"1441\" data-end=\"1449\">M\u00e5le<\/strong>: \u00d8100mm x 38mm<\/p>\n<\/li>\n<li class=\"\" data-start=\"1467\" data-end=\"1483\">\n<p class=\"\" data-start=\"1469\" data-end=\"1483\"><strong data-start=\"1469\" data-end=\"1477\">V\u00e6gt<\/strong>: 83g<\/p>\n<\/li>\n<li class=\"\" data-start=\"1484\" data-end=\"1502\">\n<p class=\"\" data-start=\"1486\" data-end=\"1502\"><strong data-start=\"1486\" data-end=\"1494\">Farve<\/strong>: S\u00f8lv<\/p>\n<\/li>\n<li class=\"\" data-start=\"1503\" data-end=\"1523\">\n<p class=\"\" data-start=\"1505\" data-end=\"1523\"><strong data-start=\"1505\" data-end=\"1517\">IP klasse<\/strong>: IP54<\/p>\n<\/li>\n<li class=\"\" data-start=\"1524\" data-end=\"1557\">\n<p class=\"\" data-start=\"1526\" data-end=\"1557\"><strong data-start=\"1526\" data-end=\"1540\">Temperatur<\/strong>: \u201340\u00b0C til 70\u00b0C<\/p>\n<\/li>\n<li class=\"\" data-start=\"1558\" data-end=\"1615\">\n<p class=\"\" data-start=\"1560\" data-end=\"1615\"><strong data-start=\"1560\" data-end=\"1573\">Fugtighed<\/strong>: 0\u201395% RH (uden kondens eller isdannelse)<\/p>\n<\/li>\n<li class=\"\" data-start=\"1616\" data-end=\"1655\">\n<p class=\"\" data-start=\"1618\" data-end=\"1655\"><strong data-start=\"1618\" data-end=\"1629\">Garanti<\/strong>: Begr\u00e6nset 10 \u00e5rs garanti<\/p>\n<\/li>\n<li class=\"\" data-start=\"1656\" data-end=\"1703\">\n<p class=\"\" data-start=\"1658\" data-end=\"1703\"><strong data-start=\"1658\" data-end=\"1676\">Kompatibilitet<\/strong>: XP95 og Discovery-systemer<\/p>\n<\/li>\n<li class=\"\" data-start=\"1704\" data-end=\"1735\">\n<p class=\"\" data-start=\"1706\" data-end=\"1735\"><strong data-start=\"1706\" data-end=\"1727\">Forbindelsesteknologi<\/strong>: Gevind<\/p>\n<\/li>\n<\/ul>","protected":false},"excerpt":{"rendered":"<p>Apollo PP2517 Soteria-seriens varmedetektor bruger to sidev\u00e6rts placerede varmesensorer for at sikre n\u00f8jagtig varmedetektion i alle retninger.<\/p>\n<p>Den er udstyret med CoreProtocol digital kommunikation og er kompatibel med XP95 og Discovery-systemer.<\/p>","protected":false},"featured_media":149871,"template":"","meta":{"_acf_changed":false},"product_brand":[],"product_cat":[4750,4157],"product_tag":[],"class_list":{"0":"post-149872","1":"product","2":"type-product","3":"status-publish","4":"has-post-thumbnail","6":"product_cat-soteria-serien","7":"product_cat-varmedetektor","8":"pa_brands-apollo-fire-detectors","9":"tm-no-options","11":"first","12":"instock","13":"taxable","14":"shipping-taxable","15":"purchasable","16":"product-type-simple"},"acf":[],"_links":{"self":[{"href":"https:\/\/secureus.se\/dk\/wp-json\/wp\/v2\/product\/149872","targetHints":{"allow":["GET"]}}],"collection":[{"href":"https:\/\/secureus.se\/dk\/wp-json\/wp\/v2\/product"}],"about":[{"href":"https:\/\/secureus.se\/dk\/wp-json\/wp\/v2\/types\/product"}],"wp:featuredmedia":[{"embeddable":true,"href":"https:\/\/secureus.se\/dk\/wp-json\/wp\/v2\/media\/149871"}],"wp:attachment":[{"href":"https:\/\/secureus.se\/dk\/wp-json\/wp\/v2\/media?parent=149872"}],"wp:term":[{"taxonomy":"product_brand","embeddable":true,"href":"https:\/\/secureus.se\/dk\/wp-json\/wp\/v2\/product_brand?post=149872"},{"taxonomy":"product_cat","embeddable":true,"href":"https:\/\/secureus.se\/dk\/wp-json\/wp\/v2\/product_cat?post=149872"},{"taxonomy":"product_tag","embeddable":true,"href":"https:\/\/secureus.se\/dk\/wp-json\/wp\/v2\/product_tag?post=149872"}],"curies":[{"name":"wp","href":"https:\/\/api.w.org\/{rel}","templated":true}]}}