{"id":149874,"date":"2025-04-03T14:19:28","date_gmt":"2025-04-03T12:19:28","guid":{"rendered":"https:\/\/secureus.se\/apollo-55000-217apo-65-series-rokdetektor-med-jonisering-vit\/"},"modified":"2026-04-16T15:11:19","modified_gmt":"2026-04-16T13:11:19","slug":"apollo-55000-217apo-65-series-rokdetektor-med-jonisering-vit","status":"publish","type":"product","link":"https:\/\/secureus.se\/dk\/apollo-55000-217apo-65-series-rokdetektor-med-jonisering-vit\/","title":{"rendered":"Apollo 55000-217APO 65-serien, ioniserende r\u00f8gdetektor, hvid SLUT P\u00c5 LINJEN: Erstattet af 55000-317APO"},"content":{"rendered":"<h1>Apollo 55000-217APO 65 serie, r\u00f8gdetektor med ionisering, hvid<\/h1>\n<p class=\"\" data-start=\"393\" data-end=\"837\">Apollo 55000-217APO 65-seriens r\u00f8gdetektor bruger en lavaktiv radioaktiv folie til at detektere r\u00f8g ved at bestr\u00e5le luften i r\u00f8gkammeret, hvilket resulterer i en str\u00f8mstr\u00f8m.<\/p>\n<p class=\"\" data-start=\"393\" data-end=\"837\">N\u00e5r r\u00f8gen kommer ind i kammeret, falder str\u00f8mstr\u00f8mmen, hvilket aktiverer alarmen. Denne detektor har et bredt driftssp\u00e6ndingsomr\u00e5de fra 9-33V og bruger avanceret elektronisk teknologi, der g\u00f8r den b\u00e5de effektiv og p\u00e5lidelig til en r\u00e6kke applikationer.<\/p>\n<p class=\"\" data-start=\"839\" data-end=\"1228\">En af de vigtigste funktioner er den valgfri blinkende LED-indstilling, der giver en visuel indikation i standbytilstand.<\/p>\n<p class=\"\" data-start=\"839\" data-end=\"1228\">Detektoren er ogs\u00e5 udstyret med en magnetisk testkontakt mulighed, der g\u00f8r det nemmere at kontrollere dens funktion.<\/p>\n<p class=\"\" data-start=\"839\" data-end=\"1228\">Den er designet til at opfylde internationale godkendelser og er ideel til brug i b\u00e5de branddetektion og sikkerhedssystemer.<\/p>\n<p class=\"\" data-start=\"1230\" data-end=\"1250\"><strong data-start=\"1230\" data-end=\"1249\">specifikationer<\/strong>:<\/p>\n<ul data-start=\"1251\" data-end=\"1717\">\n<li class=\"\" data-start=\"1251\" data-end=\"1277\">\n<p class=\"\" data-start=\"1253\" data-end=\"1277\"><strong data-start=\"1253\" data-end=\"1267\">Str\u00f8mkilde<\/strong>: 9-33V DC<\/p>\n<\/li>\n<li class=\"\" data-start=\"1278\" data-end=\"1308\">\n<p class=\"\" data-start=\"1280\" data-end=\"1308\"><strong data-start=\"1280\" data-end=\"1303\">Detekterbart medium<\/strong>: R\u00f8g<\/p>\n<\/li>\n<li class=\"\" data-start=\"1309\" data-end=\"1324\">\n<p class=\"\" data-start=\"1311\" data-end=\"1324\"><strong data-start=\"1311\" data-end=\"1319\">Farve<\/strong>: Hvid<\/p>\n<\/li>\n<li class=\"\" data-start=\"1325\" data-end=\"1359\">\n<p class=\"\" data-start=\"1327\" data-end=\"1359\"><strong data-start=\"1327\" data-end=\"1334\">Type<\/strong>: Ioniserende r\u00f8gdetektor<\/p>\n<\/li>\n<li class=\"\" data-start=\"1360\" data-end=\"1417\">\n<p class=\"\" data-start=\"1362\" data-end=\"1417\"><strong data-start=\"1362\" data-end=\"1376\">Alternativ<\/strong>: Blinkende LED, Magnetisk testkontakt<\/p>\n<\/li>\n<li class=\"\" data-start=\"1418\" data-end=\"1469\">\n<p class=\"\" data-start=\"1420\" data-end=\"1469\"><strong data-start=\"1420\" data-end=\"1428\">M\u00e5le<\/strong>: Standardst\u00f8rrelse for serie 65 detektorer<\/p>\n<\/li>\n<li class=\"\" data-start=\"1470\" data-end=\"1518\">\n<p class=\"\" data-start=\"1472\" data-end=\"1518\"><strong data-start=\"1472\" data-end=\"1480\">V\u00e6gt<\/strong>: Standardv\u00e6gt for serie 65 detektorer<\/p>\n<\/li>\n<li class=\"\" data-start=\"1519\" data-end=\"1565\">\n<p class=\"\" data-start=\"1521\" data-end=\"1565\"><strong data-start=\"1521\" data-end=\"1539\">Test funktioner<\/strong>: Magnetisk testafbryder<\/p>\n<\/li>\n<li class=\"\" data-start=\"1566\" data-end=\"1633\">\n<p class=\"\" data-start=\"1568\" data-end=\"1633\"><strong data-start=\"1568\" data-end=\"1586\">Kompatibilitet<\/strong>: Fungerer med Apollo Series 65 baser og systemer<\/p>\n<\/li>\n<li class=\"\" data-start=\"1634\" data-end=\"1717\">\n<p class=\"\" data-start=\"1636\" data-end=\"1717\"><strong data-start=\"1636\" data-end=\"1652\">Certificering<\/strong>: Testet og godkendt i henhold til EN 54-7 standarden for r\u00f8gdetektorer.<\/p>\n<\/li>\n<\/ul>","protected":false},"excerpt":{"rendered":"<p>Dette produkt er SLUT P\u00c5 LINJEN. Erstattes direkte med <strong>55.000-317 APO<\/strong><\/p>\n<p>Apollo 55000-217APO 65 Series er en ioniseringsr\u00f8gdetektor med avanceret elektronisk teknologi og bred driftssp\u00e6nding.<\/p>\n<p>Udstyret med en radioaktiv folie og blinkende LED-mulighed, registrerer den r\u00f8g ved at reducere str\u00f8mstr\u00f8mmen, n\u00e5r r\u00f8gen kommer ind i kammeret.<\/p>","protected":false},"featured_media":149873,"template":"","meta":{"_acf_changed":false},"product_brand":[],"product_cat":[4747,3373],"product_tag":[],"class_list":{"0":"post-149874","1":"product","2":"type-product","3":"status-publish","4":"has-post-thumbnail","6":"product_cat-65-serien","7":"product_cat-rokdetektorer","8":"pa_brands-apollo-fire-detectors","9":"tm-no-options","11":"first","12":"outofstock","13":"sale","14":"taxable","15":"shipping-taxable","16":"purchasable","17":"product-type-simple"},"acf":[],"_links":{"self":[{"href":"https:\/\/secureus.se\/dk\/wp-json\/wp\/v2\/product\/149874","targetHints":{"allow":["GET"]}}],"collection":[{"href":"https:\/\/secureus.se\/dk\/wp-json\/wp\/v2\/product"}],"about":[{"href":"https:\/\/secureus.se\/dk\/wp-json\/wp\/v2\/types\/product"}],"wp:featuredmedia":[{"embeddable":true,"href":"https:\/\/secureus.se\/dk\/wp-json\/wp\/v2\/media\/149873"}],"wp:attachment":[{"href":"https:\/\/secureus.se\/dk\/wp-json\/wp\/v2\/media?parent=149874"}],"wp:term":[{"taxonomy":"product_brand","embeddable":true,"href":"https:\/\/secureus.se\/dk\/wp-json\/wp\/v2\/product_brand?post=149874"},{"taxonomy":"product_cat","embeddable":true,"href":"https:\/\/secureus.se\/dk\/wp-json\/wp\/v2\/product_cat?post=149874"},{"taxonomy":"product_tag","embeddable":true,"href":"https:\/\/secureus.se\/dk\/wp-json\/wp\/v2\/product_tag?post=149874"}],"curies":[{"name":"wp","href":"https:\/\/api.w.org\/{rel}","templated":true}]}}