{"id":149876,"date":"2025-04-03T14:19:27","date_gmt":"2025-04-03T12:19:27","guid":{"rendered":"https:\/\/secureus.se\/apollo-55000-137apo-65-series-cs-varmedetektor-vit\/"},"modified":"2026-04-23T13:12:11","modified_gmt":"2026-04-23T11:12:11","slug":"apollo-55000-137apo-65-series-cs-varmedetektor-vit","status":"publish","type":"product","link":"https:\/\/secureus.se\/dk\/apollo-55000-137apo-65-series-cs-varmedetektor-vit\/","title":{"rendered":"Apollo 55000-137APO 65-serien, CS varmedetektor, hvid"},"content":{"rendered":"<h1>Apollo 55000-137APO 65-serien, CS varmedetektor, hvid<\/h1>\n<p class=\"\" data-start=\"453\" data-end=\"821\">Apollo 55000-137APO 65 Series CS varmedetektor bruger et NTC termistornetv\u00e6rk til at overv\u00e5ge temperaturen og giver en sp\u00e6ndingsoutput proportional med den eksterne lufttemperatur.<\/p>\n<p class=\"\" data-start=\"453\" data-end=\"821\">Den er perfekt til applikationer, hvor r\u00f8gdetektorer ikke kan bruges, s\u00e5som i snavsede eller r\u00f8gfyldte omgivelser, hvor s\u00e5danne detektorer kan give falske alarmer.<\/p>\n<p class=\"\" data-start=\"823\" data-end=\"1197\">Den har en bred driftssp\u00e6nding p\u00e5 9\u201333V DC og kan bruges i forskellige milj\u00f8er, inklusive dem med h\u00f8j luftfugtighed (0%\u201395% RH), og hvor p\u00e5lidelig temperaturoverv\u00e5gning er p\u00e5kr\u00e6vet.<\/p>\n<p class=\"\" data-start=\"823\" data-end=\"1197\">CS-versionen har en enkelt NTC termistor for hurtigere og mere effektiv temperaturm\u00e5ling. Varmedetektoren er ogs\u00e5 IP54-klassificeret, hvilket g\u00f8r den velegnet til b\u00e5de indend\u00f8rs og udend\u00f8rs brug i barske milj\u00f8er.<\/p>\n<p class=\"\" data-start=\"1199\" data-end=\"1219\"><strong data-start=\"1199\" data-end=\"1218\">specifikationer<\/strong>:<\/p>\n<ul data-start=\"1220\" data-end=\"1705\">\n<li class=\"\" data-start=\"1220\" data-end=\"1246\">\n<p class=\"\" data-start=\"1222\" data-end=\"1246\"><strong data-start=\"1222\" data-end=\"1236\">Str\u00f8mkilde<\/strong>: 9\u201333V DC<\/p>\n<\/li>\n<li class=\"\" data-start=\"1247\" data-end=\"1274\">\n<p class=\"\" data-start=\"1249\" data-end=\"1274\"><strong data-start=\"1249\" data-end=\"1257\">M\u00e5le<\/strong>: \u00d8100mm x 42mm<\/p>\n<\/li>\n<li class=\"\" data-start=\"1275\" data-end=\"1291\">\n<p class=\"\" data-start=\"1277\" data-end=\"1291\"><strong data-start=\"1277\" data-end=\"1285\">V\u00e6gt<\/strong>: 80 g<\/p>\n<\/li>\n<li class=\"\" data-start=\"1292\" data-end=\"1307\">\n<p class=\"\" data-start=\"1294\" data-end=\"1307\"><strong data-start=\"1294\" data-end=\"1302\">Farve<\/strong>: Hvid<\/p>\n<\/li>\n<li class=\"\" data-start=\"1308\" data-end=\"1394\">\n<p class=\"\" data-start=\"1310\" data-end=\"1394\"><strong data-start=\"1310\" data-end=\"1324\">Temperatur<\/strong>: A1R: \u201320\u00b0C til +50\u00b0C, BR: \u201320\u00b0C til +65\u00b0C, CS\/CR: \u201320\u00b0C til +80\u00b0C<\/p>\n<\/li>\n<li class=\"\" data-start=\"1395\" data-end=\"1458\">\n<p class=\"\" data-start=\"1397\" data-end=\"1458\"><strong data-start=\"1397\" data-end=\"1410\">Fugtighed<\/strong>: 0% til 95% RH (uden kondens eller isdannelse)<\/p>\n<\/li>\n<li class=\"\" data-start=\"1459\" data-end=\"1479\">\n<p class=\"\" data-start=\"1461\" data-end=\"1479\"><strong data-start=\"1461\" data-end=\"1473\">IP klasse<\/strong>: IP54<\/p>\n<\/li>\n<li class=\"\" data-start=\"1480\" data-end=\"1519\">\n<p class=\"\" data-start=\"1482\" data-end=\"1519\"><strong data-start=\"1482\" data-end=\"1493\">Garanti<\/strong>: Begr\u00e6nset 10 \u00e5rs garanti<\/p>\n<\/li>\n<li class=\"\" data-start=\"1520\" data-end=\"1571\">\n<p class=\"\" data-start=\"1522\" data-end=\"1571\"><strong data-start=\"1522\" data-end=\"1540\">Kompatibilitet<\/strong>: Serie 60 og serie 65 baser<\/p>\n<\/li>\n<li class=\"\" data-start=\"1572\" data-end=\"1603\">\n<p class=\"\" data-start=\"1574\" data-end=\"1603\"><strong data-start=\"1574\" data-end=\"1595\">Forbindelsesteknologi<\/strong>: Gevind<\/p>\n<\/li>\n<li class=\"\" data-start=\"1604\" data-end=\"1705\">\n<p class=\"\" data-start=\"1606\" data-end=\"1705\"><strong data-start=\"1606\" data-end=\"1618\">Fordele<\/strong>: Ideel til milj\u00f8er, hvor r\u00f8gdetektorer ikke er egnede, snavsede eller r\u00f8gfyldte omr\u00e5der<\/p>\n<\/li>\n<\/ul>\n<p>&nbsp;<\/p>","protected":false},"excerpt":{"rendered":"<p>Apollo 55000-137APO 65 Series CS varmedetektor er en p\u00e5lidelig detektor til temperaturoverv\u00e5gning ved hj\u00e6lp af et NTC termistornetv\u00e6rk.<\/p>\n<p>Den er ideel til brug i milj\u00f8er, hvor r\u00f8gdetektorer er uegnede, s\u00e5som snavsede eller r\u00f8gfyldte omr\u00e5der.<\/p>\n<p>Den har en bred driftssp\u00e6nding og opfylder internationale sikkerhedsstandarder.<\/p>","protected":false},"featured_media":149875,"template":"","meta":{"_acf_changed":false},"product_brand":[],"product_cat":[4747,4157],"product_tag":[],"class_list":{"0":"post-149876","1":"product","2":"type-product","3":"status-publish","4":"has-post-thumbnail","6":"product_cat-65-serien","7":"product_cat-varmedetektor","8":"pa_brands-apollo-fire-detectors","9":"tm-no-options","11":"first","12":"instock","13":"sale","14":"taxable","15":"shipping-taxable","16":"purchasable","17":"product-type-simple"},"acf":[],"_links":{"self":[{"href":"https:\/\/secureus.se\/dk\/wp-json\/wp\/v2\/product\/149876","targetHints":{"allow":["GET"]}}],"collection":[{"href":"https:\/\/secureus.se\/dk\/wp-json\/wp\/v2\/product"}],"about":[{"href":"https:\/\/secureus.se\/dk\/wp-json\/wp\/v2\/types\/product"}],"wp:featuredmedia":[{"embeddable":true,"href":"https:\/\/secureus.se\/dk\/wp-json\/wp\/v2\/media\/149875"}],"wp:attachment":[{"href":"https:\/\/secureus.se\/dk\/wp-json\/wp\/v2\/media?parent=149876"}],"wp:term":[{"taxonomy":"product_brand","embeddable":true,"href":"https:\/\/secureus.se\/dk\/wp-json\/wp\/v2\/product_brand?post=149876"},{"taxonomy":"product_cat","embeddable":true,"href":"https:\/\/secureus.se\/dk\/wp-json\/wp\/v2\/product_cat?post=149876"},{"taxonomy":"product_tag","embeddable":true,"href":"https:\/\/secureus.se\/dk\/wp-json\/wp\/v2\/product_tag?post=149876"}],"curies":[{"name":"wp","href":"https:\/\/api.w.org\/{rel}","templated":true}]}}