{"id":149878,"date":"2025-04-03T14:19:26","date_gmt":"2025-04-03T12:19:26","guid":{"rendered":"https:\/\/secureus.se\/apollo-55000-136apo-65-series-cs-varmedetektor-med-blinkande-led-vit\/"},"modified":"2026-04-09T11:23:50","modified_gmt":"2026-04-09T09:23:50","slug":"apollo-55000-136apo-65-series-cs-varmedetektor-med-blinkande-led-vit","status":"publish","type":"product","link":"https:\/\/secureus.se\/dk\/apollo-55000-136apo-65-series-cs-varmedetektor-med-blinkande-led-vit\/","title":{"rendered":"Apollo 55000-136APO 65 Series, CS varmedetektor med blinkende LED, hvid"},"content":{"rendered":"<h1>Apollo 55000-136APO 65 Series, CS varmedetektor med blinkende LED, hvid<\/h1>\n<p class=\"\" data-start=\"416\" data-end=\"813\">Apollo 55000-136APO 65 Series CS varmedetektor med blinkende LED bruger et avanceret termistornetv\u00e6rk til at overv\u00e5ge lufttemperaturen og give en alarm, hvis der er en pludselig stigning i temperaturen.<\/p>\n<p class=\"\" data-start=\"416\" data-end=\"813\">Detektoren er designet til brug i milj\u00f8er, hvor traditionelle r\u00f8gdetektorer ikke kan anvendes, for eksempel i omr\u00e5der, der er r\u00f8gfyldte eller snavsede under naturlige forhold.<\/p>\n<p class=\"\" data-start=\"815\" data-end=\"1214\">Den er udstyret med en integreret LED, der blinker, n\u00e5r detektoren er i dvaletilstand og lyser i tilf\u00e6lde af alarm. Den brede driftssp\u00e6nding (9-33V DC) g\u00f8r den kompatibel med en lang r\u00e6kke systemer.<\/p>\n<p class=\"\" data-start=\"815\" data-end=\"1214\">Husets materiale er hvid polycarbonat, som giver b\u00e5de styrke og farvestabilitet. Detektoren er ogs\u00e5 IP54-klassificeret og fungerer effektivt under en r\u00e6kke forskellige temperatur- og luftfugtighedsforhold (0% til 95% RH).<\/p>\n<p class=\"\" data-start=\"1216\" data-end=\"1395\">Med sin dokumenterede ydeevne og lange holdbarhed (10 \u00e5rs garanti) er denne detektor et fremragende valg til overv\u00e5gning af temperatur i applikationer, hvor r\u00f8gdetektorer ikke er egnede.<\/p>\n<p class=\"\" data-start=\"1397\" data-end=\"1417\"><strong data-start=\"1397\" data-end=\"1416\">specifikationer<\/strong>:<\/p>\n<ul data-start=\"1418\" data-end=\"1778\">\n<li class=\"\" data-start=\"1418\" data-end=\"1444\">\n<p class=\"\" data-start=\"1420\" data-end=\"1444\"><strong data-start=\"1420\" data-end=\"1434\">Str\u00f8mkilde<\/strong>: 9\u201333V DC<\/p>\n<\/li>\n<li class=\"\" data-start=\"1445\" data-end=\"1472\">\n<p class=\"\" data-start=\"1447\" data-end=\"1472\"><strong data-start=\"1447\" data-end=\"1455\">M\u00e5le<\/strong>: \u00d8100mm x 42mm<\/p>\n<\/li>\n<li class=\"\" data-start=\"1473\" data-end=\"1489\">\n<p class=\"\" data-start=\"1475\" data-end=\"1489\"><strong data-start=\"1475\" data-end=\"1483\">V\u00e6gt<\/strong>: 80 g<\/p>\n<\/li>\n<li class=\"\" data-start=\"1490\" data-end=\"1505\">\n<p class=\"\" data-start=\"1492\" data-end=\"1505\"><strong data-start=\"1492\" data-end=\"1500\">Farve<\/strong>: Hvid<\/p>\n<\/li>\n<li class=\"\" data-start=\"1506\" data-end=\"1540\">\n<p class=\"\" data-start=\"1508\" data-end=\"1540\"><strong data-start=\"1508\" data-end=\"1522\">Temperatur<\/strong>: \u201320\u00b0C til +60\u00b0C<\/p>\n<\/li>\n<li class=\"\" data-start=\"1541\" data-end=\"1604\">\n<p class=\"\" data-start=\"1543\" data-end=\"1604\"><strong data-start=\"1543\" data-end=\"1556\">Fugtighed<\/strong>: 0% til 95% RH (uden kondens eller isdannelse)<\/p>\n<\/li>\n<li class=\"\" data-start=\"1605\" data-end=\"1625\">\n<p class=\"\" data-start=\"1607\" data-end=\"1625\"><strong data-start=\"1607\" data-end=\"1619\">IP klasse<\/strong>: IP54<\/p>\n<\/li>\n<li class=\"\" data-start=\"1626\" data-end=\"1665\">\n<p class=\"\" data-start=\"1628\" data-end=\"1665\"><strong data-start=\"1628\" data-end=\"1639\">Garanti<\/strong>: Begr\u00e6nset 10 \u00e5rs garanti<\/p>\n<\/li>\n<li class=\"\" data-start=\"1666\" data-end=\"1694\">\n<p class=\"\" data-start=\"1668\" data-end=\"1694\"><strong data-start=\"1668\" data-end=\"1680\">Materiale<\/strong>: Polycarbonat<\/p>\n<\/li>\n<li class=\"\" data-start=\"1695\" data-end=\"1746\">\n<p class=\"\" data-start=\"1697\" data-end=\"1746\"><strong data-start=\"1697\" data-end=\"1715\">Kompatibilitet<\/strong>: Serie 60 og serie 65 baser<\/p>\n<\/li>\n<li class=\"\" data-start=\"1747\" data-end=\"1778\">\n<p class=\"\" data-start=\"1749\" data-end=\"1778\"><strong data-start=\"1749\" data-end=\"1770\">Forbindelsesteknologi<\/strong>: Gevind<\/p>\n<\/li>\n<\/ul>","protected":false},"excerpt":{"rendered":"<p>Apollo 55000-136APO 65 Series CS varmedetektor med blinkende LED er ideel til milj\u00f8er, hvor r\u00f8gdetektorer er uegnede, s\u00e5som snavsede eller r\u00f8gfyldte omr\u00e5der.<\/p>\n<p>Med bred driftssp\u00e6nding og dokumenteret detektionsydelse sikrer denne detektor p\u00e5lidelig temperaturoverv\u00e5gning.<\/p>","protected":false},"featured_media":149877,"template":"","meta":{"_acf_changed":false},"product_brand":[],"product_cat":[4747,4157],"product_tag":[],"class_list":{"0":"post-149878","1":"product","2":"type-product","3":"status-publish","4":"has-post-thumbnail","6":"product_cat-65-serien","7":"product_cat-varmedetektor","8":"pa_brands-apollo-fire-detectors","9":"tm-no-options","11":"first","12":"instock","13":"taxable","14":"shipping-taxable","15":"purchasable","16":"product-type-simple"},"acf":[],"_links":{"self":[{"href":"https:\/\/secureus.se\/dk\/wp-json\/wp\/v2\/product\/149878","targetHints":{"allow":["GET"]}}],"collection":[{"href":"https:\/\/secureus.se\/dk\/wp-json\/wp\/v2\/product"}],"about":[{"href":"https:\/\/secureus.se\/dk\/wp-json\/wp\/v2\/types\/product"}],"wp:featuredmedia":[{"embeddable":true,"href":"https:\/\/secureus.se\/dk\/wp-json\/wp\/v2\/media\/149877"}],"wp:attachment":[{"href":"https:\/\/secureus.se\/dk\/wp-json\/wp\/v2\/media?parent=149878"}],"wp:term":[{"taxonomy":"product_brand","embeddable":true,"href":"https:\/\/secureus.se\/dk\/wp-json\/wp\/v2\/product_brand?post=149878"},{"taxonomy":"product_cat","embeddable":true,"href":"https:\/\/secureus.se\/dk\/wp-json\/wp\/v2\/product_cat?post=149878"},{"taxonomy":"product_tag","embeddable":true,"href":"https:\/\/secureus.se\/dk\/wp-json\/wp\/v2\/product_tag?post=149878"}],"curies":[{"name":"wp","href":"https:\/\/api.w.org\/{rel}","templated":true}]}}