{"id":149884,"date":"2025-04-03T14:19:19","date_gmt":"2025-04-03T12:19:19","guid":{"rendered":"https:\/\/secureus.se\/apollo-45681-245apo-monteringsbas-for-detektorer-i-65-serien-envagsanpassad-med-relautgang-vit\/"},"modified":"2026-04-09T11:24:36","modified_gmt":"2026-04-09T09:24:36","slug":"apollo-45681-245apo-monteringsbas-for-detektorer-i-65-serien-envagsanpassad-med-relautgang-vit","status":"publish","type":"product","link":"https:\/\/secureus.se\/dk\/apollo-45681-245apo-monteringsbas-for-detektorer-i-65-serien-envagsanpassad-med-relautgang-vit\/","title":{"rendered":"Apollo 45681-245APO Monteringssokkel til 65 serie detektorer, envejs, med rel\u00e6udgang, hvid"},"content":{"rendered":"<h1>Apollo 45681-245APO Monteringssokkel til 65 serie detektorer, envejs, med rel\u00e6udgang, hvid<\/h1>\n<p class=\"\" data-start=\"452\" data-end=\"886\">Apollo 45681-245APO monteringsbase er en funktionel og p\u00e5lidelig basel\u00f8sning til brug med serie 65 detektorer.<\/p>\n<p class=\"\" data-start=\"452\" data-end=\"886\">Den har en envejspasning, der g\u00f8r det nemt at installere og tilslutte detektoren.<\/p>\n<p class=\"\" data-start=\"452\" data-end=\"886\">L\u00e5semekanismen sikrer, at detektoren holdes p\u00e5 plads for sikker drift.<\/p>\n<p class=\"\" data-start=\"452\" data-end=\"886\">Denne monteringssokkel er udstyret med en rel\u00e6udgang, som g\u00f8r det muligt at bruge den til at sende signaler til andre systemer i tilf\u00e6lde af en alarm.<\/p>\n<p class=\"\" data-start=\"888\" data-end=\"1228\">Monteringsbasen er ideel til brug i sikkerhedssystemer og kan ogs\u00e5 bruges i to- og firetr\u00e5dssystemer til at give sp\u00e6ndingsfrie styresignaler til hj\u00e6lpesystemer, s\u00e5som automatiske d\u00f8rlukkere.<\/p>\n<p class=\"\" data-start=\"888\" data-end=\"1228\">Series 65-rel\u00e6basen er ogs\u00e5 kompatibel med Series 60-systemer, hvilket g\u00f8r den fleksibel og kompatibel med \u00e6ldre installationsmetoder.<\/p>\n<p class=\"\" data-start=\"1230\" data-end=\"1250\"><strong data-start=\"1230\" data-end=\"1249\">specifikationer<\/strong>:<\/p>\n<ul data-start=\"1251\" data-end=\"1670\">\n<li class=\"\" data-start=\"1251\" data-end=\"1277\">\n<p class=\"\" data-start=\"1253\" data-end=\"1277\"><strong data-start=\"1253\" data-end=\"1267\">Str\u00f8mkilde<\/strong>: 9\u201333V DC<\/p>\n<\/li>\n<li class=\"\" data-start=\"1278\" data-end=\"1324\">\n<p class=\"\" data-start=\"1280\" data-end=\"1324\"><strong data-start=\"1280\" data-end=\"1288\">M\u00e5le<\/strong>: Standardst\u00f8rrelse til serie 65 baser<\/p>\n<\/li>\n<li class=\"\" data-start=\"1325\" data-end=\"1340\">\n<p class=\"\" data-start=\"1327\" data-end=\"1340\"><strong data-start=\"1327\" data-end=\"1335\">Farve<\/strong>: Hvid<\/p>\n<\/li>\n<li class=\"\" data-start=\"1341\" data-end=\"1387\">\n<p class=\"\" data-start=\"1343\" data-end=\"1387\"><strong data-start=\"1343\" data-end=\"1361\">Kompatibilitet<\/strong>: R\u00f8gdetektorer i serie 65<\/p>\n<\/li>\n<li class=\"\" data-start=\"1388\" data-end=\"1433\">\n<p class=\"\" data-start=\"1390\" data-end=\"1433\"><strong data-start=\"1390\" data-end=\"1404\">Rel\u00e6udgang<\/strong>: Formular C (skifte kontakter)<\/p>\n<\/li>\n<li class=\"\" data-start=\"1434\" data-end=\"1531\">\n<p class=\"\" data-start=\"1436\" data-end=\"1531\"><strong data-start=\"1436\" data-end=\"1456\">Driftsprincip<\/strong>: Til brug med 4-leder detektorforsyning og alarminitieringskredsl\u00f8b<\/p>\n<\/li>\n<li class=\"\" data-start=\"1532\" data-end=\"1566\">\n<p class=\"\" data-start=\"1534\" data-end=\"1566\"><strong data-start=\"1534\" data-end=\"1548\">Temperatur<\/strong>: \u201320\u00b0C til +60\u00b0C<\/p>\n<\/li>\n<li class=\"\" data-start=\"1567\" data-end=\"1598\">\n<p class=\"\" data-start=\"1569\" data-end=\"1598\"><strong data-start=\"1569\" data-end=\"1585\">Certificering<\/strong>: CE-m\u00e6rkning<\/p>\n<\/li>\n<li class=\"\" data-start=\"1599\" data-end=\"1648\">\n<p class=\"\" data-start=\"1601\" data-end=\"1648\"><strong data-start=\"1601\" data-end=\"1619\">Jordforbindelse<\/strong>: Ingen n\u00f8dvendig for sikker drift<\/p>\n<\/li>\n<li class=\"\" data-start=\"1649\" data-end=\"1670\">\n<p class=\"\" data-start=\"1651\" data-end=\"1670\"><strong data-start=\"1651\" data-end=\"1666\">Milj\u00f8venligt<\/strong>: Ja<\/p>\n<\/li>\n<\/ul>","protected":false},"excerpt":{"rendered":"<p>Apollo 45681-245APO monteringsbase til 65-seriedetektorer er en envejs brugerdefineret base med en detektorl\u00e5semekanisme og en rel\u00e6udgang.<\/p>\n<p>Den er kompatibel med r\u00f8gdetektorer og har en bred driftssp\u00e6nding, hvilket g\u00f8r den ideel til b\u00e5de sikkerhedssystemer og generelle detektionsapplikationer.<\/p>","protected":false},"featured_media":149883,"template":"","meta":{"_acf_changed":false},"product_brand":[],"product_cat":[4747],"product_tag":[],"class_list":{"0":"post-149884","1":"product","2":"type-product","3":"status-publish","4":"has-post-thumbnail","6":"product_cat-65-serien","7":"pa_brands-apollo-fire-detectors","8":"tm-no-options","10":"first","11":"instock","12":"taxable","13":"shipping-taxable","14":"purchasable","15":"product-type-simple"},"acf":[],"_links":{"self":[{"href":"https:\/\/secureus.se\/dk\/wp-json\/wp\/v2\/product\/149884","targetHints":{"allow":["GET"]}}],"collection":[{"href":"https:\/\/secureus.se\/dk\/wp-json\/wp\/v2\/product"}],"about":[{"href":"https:\/\/secureus.se\/dk\/wp-json\/wp\/v2\/types\/product"}],"wp:featuredmedia":[{"embeddable":true,"href":"https:\/\/secureus.se\/dk\/wp-json\/wp\/v2\/media\/149883"}],"wp:attachment":[{"href":"https:\/\/secureus.se\/dk\/wp-json\/wp\/v2\/media?parent=149884"}],"wp:term":[{"taxonomy":"product_brand","embeddable":true,"href":"https:\/\/secureus.se\/dk\/wp-json\/wp\/v2\/product_brand?post=149884"},{"taxonomy":"product_cat","embeddable":true,"href":"https:\/\/secureus.se\/dk\/wp-json\/wp\/v2\/product_cat?post=149884"},{"taxonomy":"product_tag","embeddable":true,"href":"https:\/\/secureus.se\/dk\/wp-json\/wp\/v2\/product_tag?post=149884"}],"curies":[{"name":"wp","href":"https:\/\/api.w.org\/{rel}","templated":true}]}}