{"id":149886,"date":"2025-04-03T14:19:22","date_gmt":"2025-04-03T12:19:22","guid":{"rendered":"https:\/\/secureus.se\/apollo-53546-021apo-monteringslada-for-kanaldetektor-s-65\/"},"modified":"2026-04-09T11:24:12","modified_gmt":"2026-04-09T09:24:12","slug":"apollo-53546-021apo-monteringslada-for-kanaldetektor-s-65","status":"publish","type":"product","link":"https:\/\/secureus.se\/dk\/apollo-53546-021apo-monteringslada-for-kanaldetektor-s-65\/","title":{"rendered":"Apollo 53546-021APO Monteringsboks til kanaldetektor S 65"},"content":{"rendered":"<h1>Apollo 53546-021APO Monteringsboks til kanaldetektor S 65<\/h1>\n<p class=\"\" data-start=\"439\" data-end=\"882\">Apollo 53546-021APO kanaldetektormonteringsboks S 65 er designet til brug med 65- eller Orbis-detektorer og tilbyder en p\u00e5lidelig l\u00f8sning til at detektere r\u00f8g i luftstr\u00f8mmen gennem HVAC-systemer i kommercielle og industrielle milj\u00f8er.<\/p>\n<p class=\"\" data-start=\"439\" data-end=\"882\">Montageboksen giver tidlig opdagelse af r\u00f8g og forhindrer recirkulation af r\u00f8g fra et brandomr\u00e5de til andre dele af bygningen, som ikke er blevet ber\u00f8rt af branden.<\/p>\n<p class=\"\" data-start=\"884\" data-end=\"1189\">Den integrerede r\u00f8gtestport g\u00f8r det nemt at kontrollere detektorens funktion, og det gennemsigtige l\u00e5g giver visuel adgang til detektorhovedets LED.<\/p>\n<p class=\"\" data-start=\"884\" data-end=\"1189\">Monteringsboksen er kompatibel med lufthastigheder fra 0,5 m\/s til 20 m\/s og tilbyder sp\u00e6ndingsfrie kontakter for nem integration i systemet.<\/p>\n<p class=\"\" data-start=\"1191\" data-end=\"1211\"><strong data-start=\"1191\" data-end=\"1210\">specifikationer<\/strong>:<\/p>\n<ul data-start=\"1212\" data-end=\"1595\">\n<li class=\"\" data-start=\"1212\" data-end=\"1286\">\n<p class=\"\" data-start=\"1214\" data-end=\"1286\"><strong data-start=\"1214\" data-end=\"1232\">Kompatibilitet<\/strong>: Til brug med 65-serien eller Orbis-detektorer<\/p>\n<\/li>\n<li class=\"\" data-start=\"1287\" data-end=\"1339\">\n<p class=\"\" data-start=\"1289\" data-end=\"1339\"><strong data-start=\"1289\" data-end=\"1318\">Arbejder ved lufthastigheder<\/strong>: 0,5 m\/s til 20 m\/s<\/p>\n<\/li>\n<li class=\"\" data-start=\"1340\" data-end=\"1404\">\n<p class=\"\" data-start=\"1342\" data-end=\"1404\"><strong data-start=\"1342\" data-end=\"1350\">L\u00e5g<\/strong>: Gennemsigtigt d\u00e6ksel til visning af detektorhovedets LED<\/p>\n<\/li>\n<li class=\"\" data-start=\"1405\" data-end=\"1450\">\n<p class=\"\" data-start=\"1407\" data-end=\"1450\"><strong data-start=\"1407\" data-end=\"1418\">R\u00f8gtest<\/strong>: Integreret \u00e5bning til r\u00f8gtest<\/p>\n<\/li>\n<li class=\"\" data-start=\"1451\" data-end=\"1486\">\n<p class=\"\" data-start=\"1453\" data-end=\"1486\"><strong data-start=\"1453\" data-end=\"1466\">Kontaktpersoner<\/strong>: Sp\u00e6ndingsfrie kontakter<\/p>\n<\/li>\n<li class=\"\" data-start=\"1487\" data-end=\"1502\">\n<p class=\"\" data-start=\"1489\" data-end=\"1502\"><strong data-start=\"1489\" data-end=\"1497\">Farve<\/strong>: Gr\u00e5<\/p>\n<\/li>\n<li class=\"\" data-start=\"1503\" data-end=\"1525\">\n<p class=\"\" data-start=\"1505\" data-end=\"1525\"><strong data-start=\"1505\" data-end=\"1521\">Produktserie<\/strong>: 65<\/p>\n<\/li>\n<li class=\"\" data-start=\"1526\" data-end=\"1566\">\n<p class=\"\" data-start=\"1528\" data-end=\"1566\"><strong data-start=\"1528\" data-end=\"1552\">Producentens varenummer<\/strong>: 53546-021APO<\/p>\n<\/li>\n<li class=\"\" data-start=\"1567\" data-end=\"1595\">\n<p class=\"\" data-start=\"1569\" data-end=\"1595\"><strong data-start=\"1569\" data-end=\"1582\">Varem\u00e6rke<\/strong>: Apollo Brand<\/p>\n<\/li>\n<\/ul>","protected":false},"excerpt":{"rendered":"<p>Apollo 53546-021APO Monteringsboks til Kanaldetektor S 65 bruges sammen med detektorer fra 65-serien eller Orbis til effektivt at detektere r\u00f8g i varme- og ventilationskanaler (HVAC).<\/p>\n<p>Den har et gennemsigtigt d\u00e6ksel til visning af detektorhovedets LED og fungerer i lufthastigheder fra 0,5 m\/s til 20 m\/s.<\/p>","protected":false},"featured_media":149885,"template":"","meta":{"_acf_changed":false},"product_brand":[],"product_cat":[4747],"product_tag":[],"class_list":{"0":"post-149886","1":"product","2":"type-product","3":"status-publish","4":"has-post-thumbnail","6":"product_cat-65-serien","7":"pa_brands-apollo-fire-detectors","8":"tm-no-options","10":"first","11":"instock","12":"taxable","13":"shipping-taxable","14":"purchasable","15":"product-type-simple"},"acf":[],"_links":{"self":[{"href":"https:\/\/secureus.se\/dk\/wp-json\/wp\/v2\/product\/149886","targetHints":{"allow":["GET"]}}],"collection":[{"href":"https:\/\/secureus.se\/dk\/wp-json\/wp\/v2\/product"}],"about":[{"href":"https:\/\/secureus.se\/dk\/wp-json\/wp\/v2\/types\/product"}],"wp:featuredmedia":[{"embeddable":true,"href":"https:\/\/secureus.se\/dk\/wp-json\/wp\/v2\/media\/149885"}],"wp:attachment":[{"href":"https:\/\/secureus.se\/dk\/wp-json\/wp\/v2\/media?parent=149886"}],"wp:term":[{"taxonomy":"product_brand","embeddable":true,"href":"https:\/\/secureus.se\/dk\/wp-json\/wp\/v2\/product_brand?post=149886"},{"taxonomy":"product_cat","embeddable":true,"href":"https:\/\/secureus.se\/dk\/wp-json\/wp\/v2\/product_cat?post=149886"},{"taxonomy":"product_tag","embeddable":true,"href":"https:\/\/secureus.se\/dk\/wp-json\/wp\/v2\/product_tag?post=149886"}],"curies":[{"name":"wp","href":"https:\/\/api.w.org\/{rel}","templated":true}]}}